{"id":10166,"date":"2021-06-02T15:13:59","date_gmt":"2021-06-02T15:13:59","guid":{"rendered":"https:\/\/helpmate.place\/zusammenarbeit\/"},"modified":"2025-03-19T14:51:22","modified_gmt":"2025-03-19T14:51:22","slug":"zusammenarbeit","status":"publish","type":"page","link":"https:\/\/helpmate.place\/de\/zusammenarbeit\/","title":{"rendered":"Zusammenarbeit"},"content":{"rendered":"\n<div class=\"wp-block-cover alignfull\" style=\"min-height:259px;aspect-ratio:unset;\"><span aria-hidden=\"true\" class=\"wp-block-cover__background has-background-dim-100 has-background-dim has-background-gradient\" style=\"background:linear-gradient(135deg,rgb(6,147,227) 0%,rgb(25,8,107) 100%)\"><\/span><div class=\"wp-block-cover__inner-container is-layout-flow wp-block-cover-is-layout-flow\">\n<h2 class=\"wp-block-heading has-luminous-vivid-amber-color has-text-color\" id=\"helpmate\" style=\"line-height:1\"><strong>HelpMate  <\/strong><\/h2>\n\n\n\n<p class=\"has-text-align-left has-white-color has-text-color\" style=\"font-size:40px;line-height:1\"><strong>Wo Technologie den Weg weist<\/strong><\/p>\n<\/div><\/div>\n\n<div style=\"height:15px\" aria-hidden=\"true\" class=\"wp-block-spacer\"><\/div>\n\n<div style=\"height:24px\" aria-hidden=\"true\" class=\"wp-block-spacer\"><\/div>\n\n<div style=\"height:15px\" aria-hidden=\"true\" class=\"wp-block-spacer\"><\/div>\n\n<h2 class=\"wp-block-heading\" id=\"collaboration\">Zusammenarbeit<\/h2>\n\n<p>Wir bei <strong>HelpMate <\/strong>glauben, dass wahres Wachstum aus Zusammenarbeit, Innovation und gemeinsamem Erfolg entsteht. Unsere Plattform ist ein Raum f\u00fcr Probleml\u00f6sungen und technische Verbindungen, in dem jeder zusammenkommen kann, um an wirkungsvollen Projekten zu arbeiten. Ob es um KI, technische Innovationen oder neue IT-Tools geht, wir sind hier, um ein Netzwerk von Partnerschaften aufzubauen, die echten Fortschritt bringen.  <\/p>\n\n<h3 class=\"wp-block-heading\" id=\"partner-for-progress-and-brand-visibility\">Partner f\u00fcr Fortschritt und Markensichtbarkeit<\/h3>\n\n<p>Unsere Kooperationsm\u00f6glichkeiten sind flexibel und passen sich den unterschiedlichen Bed\u00fcrfnissen unserer Partner und der sich schnell ver\u00e4ndernden KI- und IT-Landschaft an. Wenn Sie unserem Netzwerk beitreten, erhalten Sie eine erh\u00f6hte Sichtbarkeit Ihrer Marke, Expertenwissen und wertvolle SEO-Partnerschaften, um Ihre Pr\u00e4senz zu steigern. Zu unseren Partnerschaftsoptionen geh\u00f6ren Gastbeitr\u00e4ge auf unserer Plattform, in denen Sie Ihr Fachwissen pr\u00e4sentieren k\u00f6nnen, und Publikationsm\u00f6glichkeiten, die dofollow-Links zu Ihrer Website liefern.  <\/p>\n\n<p>Neben inhaltlichen Kooperationen bietet <strong>HelpMate <\/strong>auch Affiliate-Partnerschaften f\u00fcr diejenigen an, die f\u00fcr KI- und Technologieprodukte werben m\u00f6chten. \u00dcber sorgf\u00e4ltig ausgew\u00e4hlte Affiliate-Links bringen wir unser Publikum mit Top-Produkten und -Dienstleistungen in den Bereichen KI, neue Technologien und digitale Tools zusammen. Diese Affiliate-Links sind in unsere Artikel eingebettet, so dass unsere Partner mehr Sichtbarkeit erhalten und unsere Leser direkten Zugang zu den innovativen Tools und Dienstleistungen haben, die ihre technischen M\u00f6glichkeiten erweitern. Wir unterst\u00fctzen unsere Partner und teilen gleichzeitig hochwertige L\u00f6sungen, die unser technisches Publikum liebt.   <\/p>\n\n<h3 class=\"wp-block-heading\" id=\"sponsored-articles\">Gesponserte Artikel<\/h3>\n\n<p>Bei HelpMate bieten wir Ihnen ma\u00dfgeschneiderte M\u00f6glichkeiten, gesponserte Artikel zu ver\u00f6ffentlichen, um die Sichtbarkeit Ihrer Marke in den Bereichen KI, Technik und IT zu erh\u00f6hen. Gesponserte Inhalte erm\u00f6glichen es Ihnen, Ihre Produkte, Dienstleistungen oder Ihr Fachwissen direkt bei unserem engagierten Publikum zu pr\u00e4sentieren und Ihre Marke als Branchenf\u00fchrer zu positionieren. Hier erfahren Sie, wie Sie von unseren Optionen f\u00fcr gesponserte Artikel profitieren k\u00f6nnen:  <\/p>\n<div class=\"wpsm_checklist wpsm_pretty_list\"><ul><li><strong>Article Publication with 2 Dofollow Links<\/strong>: Your article will stay on our website for life, offering a lasting SEO benefit without additional promotion on the main pages. <strong>(349 PLN net)<\/strong><\/li><li><strong>Article Publication with Nofollow Links<\/strong>: A perfect option for those who want to share their expertise and insights without directly impacting SEO. <strong>(139 PLN net)<\/strong><\/li><\/ul><\/div>\n<p><strong>Setzen Sie sich mit uns in Verbindung, um zu besprechen, wie ein gesponserter Artikel auf HelpMate die Pr\u00e4senz Ihrer Marke verbessern und mit unserer engagierten Tech-Community in Kontakt treten kann!<\/strong><\/p>\n\n<h3 class=\"wp-block-heading\" id=\"affiliate-partnerships\">Partnerschaften<\/h3>\n\n<p>Unsere Affiliate-Links f\u00fchren Sie zu sorgf\u00e4ltig ausgew\u00e4hlten Produkten und Dienstleistungen, die mit unserem Fokus auf KI und Technologie \u00fcbereinstimmen. Wenn Nutzer auf diese Links klicken, verdienen wir m\u00f6glicherweise eine Provision an den Verk\u00e4ufen und helfen uns so, die Plattform zu unterst\u00fctzen und unsere Inhalte zu verbessern. Unsere Affiliate-Partnerschaften sind ideal f\u00fcr KI- und Tech-Marken, die ein gr\u00f6\u00dferes Publikum erreichen und \u00fcber unser Netzwerk bekannt werden m\u00f6chten.  <\/p>\n\n<h3 class=\"wp-block-heading\" id=\"let-s-get-started\">Fangen wir an<\/h3>\n\n<p>Sind Sie an einer Zusammenarbeit oder Partnerschaften interessiert? Setzen Sie sich mit uns in Verbindung, um zu besprechen, wie wir zusammenarbeiten k\u00f6nnen, um Fortschritt, Wachstum und Branchenverbindungen zu f\u00f6rdern. Unser Team wird Ihre Fragen beantworten, Ihnen weitere Informationen zu unseren SEO-Partnerschaften und Partnerprogrammen geben und mit Ihnen besprechen, wie wir vorankommen k\u00f6nnen.  <\/p>\n\n<p>Lassen Sie uns mit anderen Technikbegeisterten zusammenkommen, die in den Bereichen KI, IT und Technik etwas bewegen. Gemeinsam k\u00f6nnen wir Branchenkontakte und Partnerschaften aufbauen und unserer Gemeinschaft von Innovatoren einen Mehrwert bieten. Nehmen Sie noch heute Kontakt auf und lassen Sie uns loslegen.  <\/p>\n\n<h2 class=\"wp-block-heading\" id=\"newsletter\">Newsletter<\/h2>\n\n<p>Melden Sie sich f\u00fcr unseren Newsletter an, um Expertentipps, Rezensionen und exklusive Updates direkt in Ihrem Posteingang zu erhalten. Verpassen Sie nicht die Einblicke, die Ihre digitalen Projekte voranbringen und die Technologie f\u00fcr Sie arbeiten lassen k\u00f6nnen! <\/p>\n\n<h2 class=\"wp-block-heading\" id=\"contact\">Kontakt<\/h2>\n\n<p><a href=\"mailto:info@helpmate.place\">info@helpmate.place<\/a><\/p>\n\n<p><strong>Nehmen Sie Kontakt auf &#8211; wir sind nur eine Nachricht entfernt!<\/strong><\/p>\n","protected":false},"excerpt":{"rendered":"<p>Zusammenarbeit Wir bei HelpMate glauben, dass wahres Wachstum aus Zusammenarbeit, Innovation und gemeinsamem Erfolg entsteht. Unsere Plattform ist ein Raum f\u00fcr Probleml\u00f6sungen und technische Verbindungen, in dem jeder zusammenkommen kann, um an wirkungsvollen Projekten zu arbeiten. Ob es um KI, technische Innovationen oder neue IT-Tools geht, wir sind hier, um ein Netzwerk von Partnerschaften aufzubauen, [&hellip;]<\/p>\n","protected":false},"author":1,"featured_media":0,"parent":0,"menu_order":0,"comment_status":"closed","ping_status":"closed","template":"","meta":{"_gspb_post_css":"","footnotes":""},"class_list":["post-10166","page","type-page","status-publish","hentry"],"yoast_head":"<!-- This site is optimized with the Yoast SEO Premium plugin v26.5 (Yoast SEO v27.2) - https:\/\/yoast.com\/product\/yoast-seo-premium-wordpress\/ -->\n<title>Zusammenarbeit - AI &amp; Innovation R\u00fcckblick: Die Zukunft der Technologie der n\u00e4chsten Generation<\/title>\n<meta name=\"robots\" content=\"index, follow, max-snippet:-1, max-image-preview:large, max-video-preview:-1\" \/>\n<link rel=\"canonical\" href=\"https:\/\/helpmate.place\/de\/zusammenarbeit\/\" class=\"yoast-seo-meta-tag\" \/>\n<meta property=\"og:locale\" content=\"de_DE\" class=\"yoast-seo-meta-tag\" \/>\n<meta property=\"og:type\" content=\"article\" class=\"yoast-seo-meta-tag\" \/>\n<meta property=\"og:title\" content=\"Zusammenarbeit\" class=\"yoast-seo-meta-tag\" \/>\n<meta property=\"og:description\" content=\"Zusammenarbeit Wir bei HelpMate glauben, dass wahres Wachstum aus Zusammenarbeit, Innovation und gemeinsamem Erfolg entsteht. Unsere Plattform ist ein Raum f\u00fcr Probleml\u00f6sungen und technische Verbindungen, in dem jeder zusammenkommen kann, um an wirkungsvollen Projekten zu arbeiten. Ob es um KI, technische Innovationen oder neue IT-Tools geht, wir sind hier, um ein Netzwerk von Partnerschaften aufzubauen, [&hellip;]\" class=\"yoast-seo-meta-tag\" \/>\n<meta property=\"og:url\" content=\"https:\/\/helpmate.place\/de\/zusammenarbeit\/\" class=\"yoast-seo-meta-tag\" \/>\n<meta property=\"og:site_name\" content=\"AI &amp; Innovation R\u00fcckblick: Die Zukunft der Technologie der n\u00e4chsten Generation\" class=\"yoast-seo-meta-tag\" \/>\n<meta property=\"article:publisher\" content=\"https:\/\/www.facebook.com\/profile.php?id=61577530144103\" class=\"yoast-seo-meta-tag\" \/>\n<meta property=\"article:modified_time\" content=\"2025-03-19T14:51:22+00:00\" class=\"yoast-seo-meta-tag\" \/>\n<meta property=\"og:image\" content=\"https:\/\/helpmate.place\/wp-content\/uploads\/2025\/08\/helpmate-profile_page.jpg\" class=\"yoast-seo-meta-tag\" \/>\n\t<meta property=\"og:image:width\" content=\"675\" class=\"yoast-seo-meta-tag\" \/>\n\t<meta property=\"og:image:height\" content=\"675\" class=\"yoast-seo-meta-tag\" \/>\n\t<meta property=\"og:image:type\" content=\"image\/jpeg\" class=\"yoast-seo-meta-tag\" \/>\n<meta name=\"twitter:label1\" content=\"Gesch\u00e4tzte Lesezeit\" class=\"yoast-seo-meta-tag\" \/>\n\t<meta name=\"twitter:data1\" content=\"3\u00a0Minuten\" class=\"yoast-seo-meta-tag\" \/>\n<script type=\"application\/ld+json\" class=\"yoast-schema-graph\">{\"@context\":\"https:\/\/schema.org\",\"@graph\":[{\"@type\":\"WebPage\",\"@id\":\"https:\/\/helpmate.place\/de\/zusammenarbeit\/\",\"url\":\"https:\/\/helpmate.place\/de\/zusammenarbeit\/\",\"name\":\"Zusammenarbeit - AI &amp; Innovation R\u00fcckblick: Die Zukunft der Technologie der n\u00e4chsten Generation\",\"isPartOf\":{\"@id\":\"https:\/\/helpmate.place\/#website\"},\"datePublished\":\"2021-06-02T15:13:59+00:00\",\"dateModified\":\"2025-03-19T14:51:22+00:00\",\"breadcrumb\":{\"@id\":\"https:\/\/helpmate.place\/de\/zusammenarbeit\/#breadcrumb\"},\"inLanguage\":\"de\",\"potentialAction\":[{\"@type\":\"ReadAction\",\"target\":[\"https:\/\/helpmate.place\/de\/zusammenarbeit\/\"]}]},{\"@type\":\"BreadcrumbList\",\"@id\":\"https:\/\/helpmate.place\/de\/zusammenarbeit\/#breadcrumb\",\"itemListElement\":[{\"@type\":\"ListItem\",\"position\":1,\"name\":\"Home\",\"item\":\"https:\/\/helpmate.place\/de\/\"},{\"@type\":\"ListItem\",\"position\":2,\"name\":\"Zusammenarbeit\"}]},{\"@type\":\"WebSite\",\"@id\":\"https:\/\/helpmate.place\/#website\",\"url\":\"https:\/\/helpmate.place\/\",\"name\":\"Smart gadgets, new technologies, tips and reviews.\",\"description\":\"Beste Bewertungen finden\",\"publisher\":{\"@id\":\"https:\/\/helpmate.place\/#organization\"},\"alternateName\":\"Helpmate.Place\",\"potentialAction\":[{\"@type\":\"SearchAction\",\"target\":{\"@type\":\"EntryPoint\",\"urlTemplate\":\"https:\/\/helpmate.place\/?s={search_term_string}\"},\"query-input\":{\"@type\":\"PropertyValueSpecification\",\"valueRequired\":true,\"valueName\":\"search_term_string\"}}],\"inLanguage\":\"de\"},{\"@type\":\"Organization\",\"@id\":\"https:\/\/helpmate.place\/#organization\",\"name\":\"HelpMatePlace\",\"alternateName\":\"HelpMate\",\"url\":\"https:\/\/helpmate.place\/\",\"logo\":{\"@type\":\"ImageObject\",\"inLanguage\":\"de\",\"@id\":\"https:\/\/helpmate.place\/#\/schema\/logo\/image\/\",\"url\":\"https:\/\/helpmate.place\/wp-content\/uploads\/2025\/08\/helpmate-profile_page.jpg\",\"contentUrl\":\"https:\/\/helpmate.place\/wp-content\/uploads\/2025\/08\/helpmate-profile_page.jpg\",\"width\":675,\"height\":675,\"caption\":\"HelpMatePlace\"},\"image\":{\"@id\":\"https:\/\/helpmate.place\/#\/schema\/logo\/image\/\"},\"sameAs\":[\"https:\/\/www.facebook.com\/profile.php?id=61577530144103\",\"https:\/\/www.instagram.com\/helpmate.place\/\",\"https:\/\/www.youtube.com\/@HelpmatePlace_PL\",\"https:\/\/pl.pinterest.com\/HelpMate_PL\/\"],\"description\":\"HelpMate_PL to spo\u0142eczno\u015b\u0107 technologiczna zapewniaj\u0105ca rzetelne rekomendacje RTV i AGD, u\u0142atwiaj\u0105ce codzienne \u017cycie dzi\u0119ki wsp\u00f3\u0142pracy z renomowanymi producentami. Wspieramy \u015bwiadome zakupy, oferuj\u0105c obiektywne porady. Jako Partner Amazon, Temu, Aliexpress, Media Expert, x-kom, Komputronik i rtv euro agd otrzymujemy niewielkie wynagrodzenie za okre\u015blone transakcje. Do\u0142\u0105cz do nas, by odkry\u0107 innowacyjne rozwi\u0105zania!\",\"email\":\"info@helpmate.place\",\"telephone\":\"+48 693 288 385\",\"legalName\":\"Skrivanek Sp. z o.o.\",\"foundingDate\":\"1997-01-01\",\"vatID\":\"634-22-45-400\",\"taxID\":\"273716037\",\"numberOfEmployees\":{\"@type\":\"QuantitativeValue\",\"minValue\":\"51\",\"maxValue\":\"200\"},\"publishingPrinciples\":\"https:\/\/helpmate.place\/\",\"ownershipFundingInfo\":\"https:\/\/helpmate.place\/o-nas\/\",\"actionableFeedbackPolicy\":\"https:\/\/helpmate.place\/wspolpraca\/\",\"correctionsPolicy\":\"https:\/\/helpmate.place\/wspolpraca\/\",\"ethicsPolicy\":\"https:\/\/helpmate.place\/o-nas\/\",\"diversityPolicy\":\"https:\/\/helpmate.place\/o-nas\/\",\"diversityStaffingReport\":\"https:\/\/helpmate.place\/o-nas\/\"}]}<\/script>\n<!-- \/ Yoast SEO Premium plugin. -->","yoast_head_json":{"title":"Zusammenarbeit - AI &amp; Innovation R\u00fcckblick: Die Zukunft der Technologie der n\u00e4chsten Generation","robots":{"index":"index","follow":"follow","max-snippet":"max-snippet:-1","max-image-preview":"max-image-preview:large","max-video-preview":"max-video-preview:-1"},"canonical":"https:\/\/helpmate.place\/de\/zusammenarbeit\/","og_locale":"de_DE","og_type":"article","og_title":"Zusammenarbeit","og_description":"Zusammenarbeit Wir bei HelpMate glauben, dass wahres Wachstum aus Zusammenarbeit, Innovation und gemeinsamem Erfolg entsteht. Unsere Plattform ist ein Raum f\u00fcr Probleml\u00f6sungen und technische Verbindungen, in dem jeder zusammenkommen kann, um an wirkungsvollen Projekten zu arbeiten. Ob es um KI, technische Innovationen oder neue IT-Tools geht, wir sind hier, um ein Netzwerk von Partnerschaften aufzubauen, [&hellip;]","og_url":"https:\/\/helpmate.place\/de\/zusammenarbeit\/","og_site_name":"AI &amp; Innovation R\u00fcckblick: Die Zukunft der Technologie der n\u00e4chsten Generation","article_publisher":"https:\/\/www.facebook.com\/profile.php?id=61577530144103","article_modified_time":"2025-03-19T14:51:22+00:00","og_image":[{"width":675,"height":675,"url":"https:\/\/helpmate.place\/wp-content\/uploads\/2025\/08\/helpmate-profile_page.jpg","type":"image\/jpeg"}],"twitter_misc":{"Gesch\u00e4tzte Lesezeit":"3\u00a0Minuten"},"schema":{"@context":"https:\/\/schema.org","@graph":[{"@type":"WebPage","@id":"https:\/\/helpmate.place\/de\/zusammenarbeit\/","url":"https:\/\/helpmate.place\/de\/zusammenarbeit\/","name":"Zusammenarbeit - AI &amp; Innovation R\u00fcckblick: Die Zukunft der Technologie der n\u00e4chsten Generation","isPartOf":{"@id":"https:\/\/helpmate.place\/#website"},"datePublished":"2021-06-02T15:13:59+00:00","dateModified":"2025-03-19T14:51:22+00:00","breadcrumb":{"@id":"https:\/\/helpmate.place\/de\/zusammenarbeit\/#breadcrumb"},"inLanguage":"de","potentialAction":[{"@type":"ReadAction","target":["https:\/\/helpmate.place\/de\/zusammenarbeit\/"]}]},{"@type":"BreadcrumbList","@id":"https:\/\/helpmate.place\/de\/zusammenarbeit\/#breadcrumb","itemListElement":[{"@type":"ListItem","position":1,"name":"Home","item":"https:\/\/helpmate.place\/de\/"},{"@type":"ListItem","position":2,"name":"Zusammenarbeit"}]},{"@type":"WebSite","@id":"https:\/\/helpmate.place\/#website","url":"https:\/\/helpmate.place\/","name":"Smart gadgets, new technologies, tips and reviews.","description":"Beste Bewertungen finden","publisher":{"@id":"https:\/\/helpmate.place\/#organization"},"alternateName":"Helpmate.Place","potentialAction":[{"@type":"SearchAction","target":{"@type":"EntryPoint","urlTemplate":"https:\/\/helpmate.place\/?s={search_term_string}"},"query-input":{"@type":"PropertyValueSpecification","valueRequired":true,"valueName":"search_term_string"}}],"inLanguage":"de"},{"@type":"Organization","@id":"https:\/\/helpmate.place\/#organization","name":"HelpMatePlace","alternateName":"HelpMate","url":"https:\/\/helpmate.place\/","logo":{"@type":"ImageObject","inLanguage":"de","@id":"https:\/\/helpmate.place\/#\/schema\/logo\/image\/","url":"https:\/\/helpmate.place\/wp-content\/uploads\/2025\/08\/helpmate-profile_page.jpg","contentUrl":"https:\/\/helpmate.place\/wp-content\/uploads\/2025\/08\/helpmate-profile_page.jpg","width":675,"height":675,"caption":"HelpMatePlace"},"image":{"@id":"https:\/\/helpmate.place\/#\/schema\/logo\/image\/"},"sameAs":["https:\/\/www.facebook.com\/profile.php?id=61577530144103","https:\/\/www.instagram.com\/helpmate.place\/","https:\/\/www.youtube.com\/@HelpmatePlace_PL","https:\/\/pl.pinterest.com\/HelpMate_PL\/"],"description":"HelpMate_PL to spo\u0142eczno\u015b\u0107 technologiczna zapewniaj\u0105ca rzetelne rekomendacje RTV i AGD, u\u0142atwiaj\u0105ce codzienne \u017cycie dzi\u0119ki wsp\u00f3\u0142pracy z renomowanymi producentami. Wspieramy \u015bwiadome zakupy, oferuj\u0105c obiektywne porady. Jako Partner Amazon, Temu, Aliexpress, Media Expert, x-kom, Komputronik i rtv euro agd otrzymujemy niewielkie wynagrodzenie za okre\u015blone transakcje. Do\u0142\u0105cz do nas, by odkry\u0107 innowacyjne rozwi\u0105zania!","email":"info@helpmate.place","telephone":"+48 693 288 385","legalName":"Skrivanek Sp. z o.o.","foundingDate":"1997-01-01","vatID":"634-22-45-400","taxID":"273716037","numberOfEmployees":{"@type":"QuantitativeValue","minValue":"51","maxValue":"200"},"publishingPrinciples":"https:\/\/helpmate.place\/","ownershipFundingInfo":"https:\/\/helpmate.place\/o-nas\/","actionableFeedbackPolicy":"https:\/\/helpmate.place\/wspolpraca\/","correctionsPolicy":"https:\/\/helpmate.place\/wspolpraca\/","ethicsPolicy":"https:\/\/helpmate.place\/o-nas\/","diversityPolicy":"https:\/\/helpmate.place\/o-nas\/","diversityStaffingReport":"https:\/\/helpmate.place\/o-nas\/"}]}},"_links":{"self":[{"href":"https:\/\/helpmate.place\/de\/wp-json\/wp\/v2\/pages\/10166","targetHints":{"allow":["GET"]}}],"collection":[{"href":"https:\/\/helpmate.place\/de\/wp-json\/wp\/v2\/pages"}],"about":[{"href":"https:\/\/helpmate.place\/de\/wp-json\/wp\/v2\/types\/page"}],"author":[{"embeddable":true,"href":"https:\/\/helpmate.place\/de\/wp-json\/wp\/v2\/users\/1"}],"replies":[{"embeddable":true,"href":"https:\/\/helpmate.place\/de\/wp-json\/wp\/v2\/comments?post=10166"}],"version-history":[{"count":1,"href":"https:\/\/helpmate.place\/de\/wp-json\/wp\/v2\/pages\/10166\/revisions"}],"predecessor-version":[{"id":10168,"href":"https:\/\/helpmate.place\/de\/wp-json\/wp\/v2\/pages\/10166\/revisions\/10168"}],"wp:attachment":[{"href":"https:\/\/helpmate.place\/de\/wp-json\/wp\/v2\/media?parent=10166"}],"curies":[{"name":"wp","href":"https:\/\/api.w.org\/{rel}","templated":true}]}}