{"id":10202,"date":"2022-01-15T20:59:41","date_gmt":"2022-01-15T20:59:41","guid":{"rendered":"https:\/\/helpmate.place\/ueber-uns\/"},"modified":"2025-03-19T14:54:55","modified_gmt":"2025-03-19T14:54:55","slug":"ueber-uns","status":"publish","type":"page","link":"https:\/\/helpmate.place\/de\/ueber-uns\/","title":{"rendered":"\u00dcber uns"},"content":{"rendered":"\n<div class=\"wp-block-cover alignfull\" style=\"min-height:259px;aspect-ratio:unset;\"><span aria-hidden=\"true\" class=\"wp-block-cover__background has-background-dim-100 has-background-dim has-background-gradient\" style=\"background:linear-gradient(135deg,rgb(6,147,227) 0%,rgb(25,8,107) 100%)\"><\/span><div class=\"wp-block-cover__inner-container is-layout-flow wp-block-cover-is-layout-flow\">\n<h2 class=\"wp-block-heading has-luminous-vivid-amber-color has-text-color\" id=\"welcome-to-helpmate\" style=\"line-height:1\"><strong>Willkommen bei HelpMate<\/strong><\/h2>\n\n\n\n<p class=\"has-text-align-left has-white-color has-text-color\" style=\"font-size:40px;line-height:1\"><strong>Ihr Wegweiser durch die digitale Welt<\/strong><\/p>\n<\/div><\/div>\n\n<div style=\"height:15px\" aria-hidden=\"true\" class=\"wp-block-spacer\"><\/div>\n\n<div style=\"height:24px\" aria-hidden=\"true\" class=\"wp-block-spacer\"><\/div>\n\n<p>Lassen Sie uns mit anderen Technikbegeisterten zusammenkommen, die in den Bereichen KI, IT und Technik etwas bewegen. Gemeinsam k\u00f6nnen wir Branchenkontakte und Partnerschaften aufbauen und unserer Gemeinschaft von Innovatoren einen Mehrwert bieten. Nehmen Sie noch heute Kontakt auf und lassen Sie uns loslegen.  <\/p>\n\n<p>Wir bei HelpMate sind ein Team von Fachleuten und Technik-Enthusiasten, die sich der Bereitstellung informativer und hochwertiger Inhalte f\u00fcr unser Publikum verschrieben haben. Wir sind bestrebt, eine vertrauensw\u00fcrdige und zuverl\u00e4ssige Quelle f\u00fcr unvoreingenommene Informationen zu sein, die umsetzbare Ratschl\u00e4ge unterst\u00fctzen. <\/p>\n\n<p>Wir sind stolz darauf, dass wir Sie umfassend beraten und Ihnen mit ausf\u00fchrlichen Bewertungen und detaillierten Informationsanalysen dabei helfen k\u00f6nnen, Aktivit\u00e4tsrisiken zu bewerten und fundierte Entscheidungen zu treffen.<\/p>\n\n<h2 class=\"wp-block-heading\" id=\"our-story\">Unsere Geschichte<\/h2>\n\n<p>Alles aus einer einfachen Idee heraus &#8211; dass jeder eine klare und unvoreingenommene Beratung in der Welt der Technik verdient. HelpMate ist zu einer Gemeinschaft von Technik-Enthusiasten und Probleml\u00f6sern herangewachsen, in der wir verschiedene Aktivit\u00e4ten unternehmen, um unsere Gemeinschaft zu unterst\u00fctzen, darunter auch M\u00f6glichkeiten f\u00fcr gesch\u00e4ftliches Networking. <\/p>\n\n<p>Trotz unserer langj\u00e4hrigen Erfahrung und unserer Ausrichtung auf den Kundendienst wissen wir, wie schwer es ist, mit der sich st\u00e4ndig \u00e4ndernden Technologie Schritt zu halten. Deshalb sind wir hier, um Ihnen zur Seite zu stehen.<\/p>\n\n<h2 class=\"wp-block-heading\" id=\"why-do-we-stand-out\">Warum heben wir uns ab?<\/h2>\n\n<p>Wir gehen beim Testen und \u00dcberpr\u00fcfen sehr praktisch vor:<\/p>\n<div class=\"wpsm_checklist wpsm_pretty_list\"><ul><li>Software solutions and AI tools<\/li><li>SEO strategies and digital marketing tools<\/li><li>Gaming technologies and experiences<\/li><li>Content Management Systems<\/li><\/ul><\/div>\n<p>Unsere Gruppe besteht aus erfahrenen Fachleuten, von denen jeder sein eigenes Fachwissen mitbringt. Wir kratzen nicht nur an der Oberfl\u00e4che &#8211; wir tauchen tief in jedes der von uns gepr\u00fcften Produkte und Dienstleistungen ein, um sicherzustellen, dass Sie umfassende, praktische Einblicke erhalten, die von Bedeutung sind. Unsere Bewertungen decken ein breites Spektrum an technologischen Dienstleistungen und digitalen Produkten ab, darunter Software, SEO, KI-Tools und Content-Management-Systeme, was unser umfassendes Engagement und unser unersch\u00fctterliches Bekenntnis zur Qualit\u00e4t unterstreicht.  <\/p>\n\n<h2 class=\"wp-block-heading\" id=\"our-mission\">Unser Auftrag<\/h2>\n\n<p>Unser Ziel ist einfach: Wir wollen Ihnen helfen, hervorragende Entscheidungen \u00fcber die von Ihnen verwendete Technologie zu treffen. Die von uns erstellten Artikel enthalten wichtige Berichte und Informationen \u00fcber verschiedene Programme und Software, die Unternehmen dabei helfen, die potenziellen Risiken zu verstehen und sicherzustellen, dass sie \u00fcber genaue, aktuelle Erkenntnisse verf\u00fcgen. <\/p>\n\n<p>Wir glauben an:<\/p>\n<div class=\"wpsm_checklist wpsm_pretty_list\"><ul><li>Delivering honest, unbiased reviews<\/li><li>Making complex technology accessible<\/li><li>Building a community of informed tech users<\/li><li>Staying ahead of digital trends<\/li><li>Providing practical, actionable advice<\/li><\/ul><\/div>\n<h2 class=\"wp-block-heading\" id=\"how-we-work-our-services\">Wie wir arbeiten: Unsere Dienstleistungen<\/h2>\n\n<p>Jede Rezension und jeder Artikel, den wir ver\u00f6ffentlichen, durchl\u00e4uft einen Bewertungsprozess, in dem die Kernaktivit\u00e4ten und Dienstleistungen von HelpMate hervorgehoben werden. Wir bieten eine breite Palette von Produkten und Dienstleistungen an, um die unterschiedlichen Bed\u00fcrfnisse unserer Kunden zu erf\u00fcllen. Wir testen Produkte in realen Szenarien, dokumentieren unsere Ergebnisse und teilen sowohl die St\u00e4rken als auch die Grenzen, die wir entdecken.  <\/p>\n\n<p>Wir nehmen an Affiliate-Werbeprogrammen teil, d.h. wir erhalten eine Provision, wenn wir auf ein Produkt oder eine Dienstleistung verlinken. Wir zeigen unseren Lesern nur die besten und wertvollsten Inhalte. <\/p>\n\n<p>Wenn ein von uns empfohlenes Produkt oder eine Dienstleistung \u00fcber ein Partnerprogramm verf\u00fcgt, k\u00f6nnen wir Partnerlinks verwenden &#8211; dies hat jedoch keinen Einfluss auf unseren Auswahlprozess, da Ihr Vertrauen stets unsere Priorit\u00e4t bleibt. Die Nutzung unserer Affiliate-Links kostet Sie als Verbraucher nichts extra &#8211; Ihr Einkaufspreis bleibt also derselbe. <\/p>\n\n<h2 class=\"wp-block-heading\" id=\"joinourbusiness\">Begleiten Sie uns auf unserer Gesch\u00e4ftsreise<\/h2>\n\n<p>Egal, ob Sie ein Technikprofi, ein Firmeninhaber oder einfach jemand sind, der auf dem neuesten Stand der Technik bleiben und detaillierte Einblicke in verschiedene digitale Aspekte gewinnen m\u00f6chte, HelpMate ist Ihr zuverl\u00e4ssiger Begleiter. Bleiben Sie \u00fcber unseren Newsletter mit uns in Verbindung, folgen Sie uns in den sozialen Medien und werden Sie Teil unserer wachsenden Gemeinschaft von Technikbegeisterten. <\/p>\n\n<p>Legen wir los &#8211; <a href=\"mailto:info@helpmate.place\">info@helpmate.place<\/a><\/p>\n\n<p><\/p>\n","protected":false},"excerpt":{"rendered":"<p>Lassen Sie uns mit anderen Technikbegeisterten zusammenkommen, die in den Bereichen KI, IT und Technik etwas bewegen. Gemeinsam k\u00f6nnen wir Branchenkontakte und Partnerschaften aufbauen und unserer Gemeinschaft von Innovatoren einen Mehrwert bieten. Nehmen Sie noch heute Kontakt auf und lassen Sie uns loslegen. Wir bei HelpMate sind ein Team von Fachleuten und Technik-Enthusiasten, die sich [&hellip;]<\/p>\n","protected":false},"author":1,"featured_media":0,"parent":0,"menu_order":0,"comment_status":"closed","ping_status":"closed","template":"","meta":{"_gspb_post_css":"","footnotes":""},"class_list":["post-10202","page","type-page","status-publish","hentry"],"yoast_head":"<!-- This site is optimized with the Yoast SEO Premium plugin v26.5 (Yoast SEO v27.2) - https:\/\/yoast.com\/product\/yoast-seo-premium-wordpress\/ -->\n<title>\u00dcber uns - AI &amp; Innovation R\u00fcckblick: Die Zukunft der Technologie der n\u00e4chsten Generation<\/title>\n<meta name=\"robots\" content=\"index, follow, max-snippet:-1, max-image-preview:large, max-video-preview:-1\" \/>\n<link rel=\"canonical\" href=\"https:\/\/helpmate.place\/de\/ueber-uns\/\" class=\"yoast-seo-meta-tag\" \/>\n<meta property=\"og:locale\" content=\"de_DE\" class=\"yoast-seo-meta-tag\" \/>\n<meta property=\"og:type\" content=\"article\" class=\"yoast-seo-meta-tag\" \/>\n<meta property=\"og:title\" content=\"\u00dcber uns\" class=\"yoast-seo-meta-tag\" \/>\n<meta property=\"og:description\" content=\"Lassen Sie uns mit anderen Technikbegeisterten zusammenkommen, die in den Bereichen KI, IT und Technik etwas bewegen. Gemeinsam k\u00f6nnen wir Branchenkontakte und Partnerschaften aufbauen und unserer Gemeinschaft von Innovatoren einen Mehrwert bieten. Nehmen Sie noch heute Kontakt auf und lassen Sie uns loslegen. Wir bei HelpMate sind ein Team von Fachleuten und Technik-Enthusiasten, die sich [&hellip;]\" class=\"yoast-seo-meta-tag\" \/>\n<meta property=\"og:url\" content=\"https:\/\/helpmate.place\/de\/ueber-uns\/\" class=\"yoast-seo-meta-tag\" \/>\n<meta property=\"og:site_name\" content=\"AI &amp; Innovation R\u00fcckblick: Die Zukunft der Technologie der n\u00e4chsten Generation\" class=\"yoast-seo-meta-tag\" \/>\n<meta property=\"article:publisher\" content=\"https:\/\/www.facebook.com\/profile.php?id=61577530144103\" class=\"yoast-seo-meta-tag\" \/>\n<meta property=\"article:modified_time\" content=\"2025-03-19T14:54:55+00:00\" class=\"yoast-seo-meta-tag\" \/>\n<meta property=\"og:image\" content=\"https:\/\/helpmate.place\/wp-content\/uploads\/2025\/08\/helpmate-profile_page.jpg\" class=\"yoast-seo-meta-tag\" \/>\n\t<meta property=\"og:image:width\" content=\"675\" class=\"yoast-seo-meta-tag\" \/>\n\t<meta property=\"og:image:height\" content=\"675\" class=\"yoast-seo-meta-tag\" \/>\n\t<meta property=\"og:image:type\" content=\"image\/jpeg\" class=\"yoast-seo-meta-tag\" \/>\n<meta name=\"twitter:label1\" content=\"Gesch\u00e4tzte Lesezeit\" class=\"yoast-seo-meta-tag\" \/>\n\t<meta name=\"twitter:data1\" content=\"3\u00a0Minuten\" class=\"yoast-seo-meta-tag\" \/>\n<script type=\"application\/ld+json\" class=\"yoast-schema-graph\">{\"@context\":\"https:\/\/schema.org\",\"@graph\":[{\"@type\":\"WebPage\",\"@id\":\"https:\/\/helpmate.place\/de\/ueber-uns\/\",\"url\":\"https:\/\/helpmate.place\/de\/ueber-uns\/\",\"name\":\"\u00dcber uns - AI &amp; Innovation R\u00fcckblick: Die Zukunft der Technologie der n\u00e4chsten Generation\",\"isPartOf\":{\"@id\":\"https:\/\/helpmate.place\/#website\"},\"datePublished\":\"2022-01-15T20:59:41+00:00\",\"dateModified\":\"2025-03-19T14:54:55+00:00\",\"breadcrumb\":{\"@id\":\"https:\/\/helpmate.place\/de\/ueber-uns\/#breadcrumb\"},\"inLanguage\":\"de\",\"potentialAction\":[{\"@type\":\"ReadAction\",\"target\":[\"https:\/\/helpmate.place\/de\/ueber-uns\/\"]}]},{\"@type\":\"BreadcrumbList\",\"@id\":\"https:\/\/helpmate.place\/de\/ueber-uns\/#breadcrumb\",\"itemListElement\":[{\"@type\":\"ListItem\",\"position\":1,\"name\":\"Home\",\"item\":\"https:\/\/helpmate.place\/de\/\"},{\"@type\":\"ListItem\",\"position\":2,\"name\":\"\u00dcber uns\"}]},{\"@type\":\"WebSite\",\"@id\":\"https:\/\/helpmate.place\/#website\",\"url\":\"https:\/\/helpmate.place\/\",\"name\":\"Smart gadgets, new technologies, tips and reviews.\",\"description\":\"Beste Bewertungen finden\",\"publisher\":{\"@id\":\"https:\/\/helpmate.place\/#organization\"},\"alternateName\":\"Helpmate.Place\",\"potentialAction\":[{\"@type\":\"SearchAction\",\"target\":{\"@type\":\"EntryPoint\",\"urlTemplate\":\"https:\/\/helpmate.place\/?s={search_term_string}\"},\"query-input\":{\"@type\":\"PropertyValueSpecification\",\"valueRequired\":true,\"valueName\":\"search_term_string\"}}],\"inLanguage\":\"de\"},{\"@type\":\"Organization\",\"@id\":\"https:\/\/helpmate.place\/#organization\",\"name\":\"HelpMatePlace\",\"alternateName\":\"HelpMate\",\"url\":\"https:\/\/helpmate.place\/\",\"logo\":{\"@type\":\"ImageObject\",\"inLanguage\":\"de\",\"@id\":\"https:\/\/helpmate.place\/#\/schema\/logo\/image\/\",\"url\":\"https:\/\/helpmate.place\/wp-content\/uploads\/2025\/08\/helpmate-profile_page.jpg\",\"contentUrl\":\"https:\/\/helpmate.place\/wp-content\/uploads\/2025\/08\/helpmate-profile_page.jpg\",\"width\":675,\"height\":675,\"caption\":\"HelpMatePlace\"},\"image\":{\"@id\":\"https:\/\/helpmate.place\/#\/schema\/logo\/image\/\"},\"sameAs\":[\"https:\/\/www.facebook.com\/profile.php?id=61577530144103\",\"https:\/\/www.instagram.com\/helpmate.place\/\",\"https:\/\/www.youtube.com\/@HelpmatePlace_PL\",\"https:\/\/pl.pinterest.com\/HelpMate_PL\/\"],\"description\":\"HelpMate_PL to spo\u0142eczno\u015b\u0107 technologiczna zapewniaj\u0105ca rzetelne rekomendacje RTV i AGD, u\u0142atwiaj\u0105ce codzienne \u017cycie dzi\u0119ki wsp\u00f3\u0142pracy z renomowanymi producentami. Wspieramy \u015bwiadome zakupy, oferuj\u0105c obiektywne porady. Jako Partner Amazon, Temu, Aliexpress, Media Expert, x-kom, Komputronik i rtv euro agd otrzymujemy niewielkie wynagrodzenie za okre\u015blone transakcje. Do\u0142\u0105cz do nas, by odkry\u0107 innowacyjne rozwi\u0105zania!\",\"email\":\"info@helpmate.place\",\"telephone\":\"+48 693 288 385\",\"legalName\":\"Skrivanek Sp. z o.o.\",\"foundingDate\":\"1997-01-01\",\"vatID\":\"634-22-45-400\",\"taxID\":\"273716037\",\"numberOfEmployees\":{\"@type\":\"QuantitativeValue\",\"minValue\":\"51\",\"maxValue\":\"200\"},\"publishingPrinciples\":\"https:\/\/helpmate.place\/\",\"ownershipFundingInfo\":\"https:\/\/helpmate.place\/o-nas\/\",\"actionableFeedbackPolicy\":\"https:\/\/helpmate.place\/wspolpraca\/\",\"correctionsPolicy\":\"https:\/\/helpmate.place\/wspolpraca\/\",\"ethicsPolicy\":\"https:\/\/helpmate.place\/o-nas\/\",\"diversityPolicy\":\"https:\/\/helpmate.place\/o-nas\/\",\"diversityStaffingReport\":\"https:\/\/helpmate.place\/o-nas\/\"}]}<\/script>\n<!-- \/ Yoast SEO Premium plugin. -->","yoast_head_json":{"title":"\u00dcber uns - AI &amp; Innovation R\u00fcckblick: Die Zukunft der Technologie der n\u00e4chsten Generation","robots":{"index":"index","follow":"follow","max-snippet":"max-snippet:-1","max-image-preview":"max-image-preview:large","max-video-preview":"max-video-preview:-1"},"canonical":"https:\/\/helpmate.place\/de\/ueber-uns\/","og_locale":"de_DE","og_type":"article","og_title":"\u00dcber uns","og_description":"Lassen Sie uns mit anderen Technikbegeisterten zusammenkommen, die in den Bereichen KI, IT und Technik etwas bewegen. Gemeinsam k\u00f6nnen wir Branchenkontakte und Partnerschaften aufbauen und unserer Gemeinschaft von Innovatoren einen Mehrwert bieten. Nehmen Sie noch heute Kontakt auf und lassen Sie uns loslegen. Wir bei HelpMate sind ein Team von Fachleuten und Technik-Enthusiasten, die sich [&hellip;]","og_url":"https:\/\/helpmate.place\/de\/ueber-uns\/","og_site_name":"AI &amp; Innovation R\u00fcckblick: Die Zukunft der Technologie der n\u00e4chsten Generation","article_publisher":"https:\/\/www.facebook.com\/profile.php?id=61577530144103","article_modified_time":"2025-03-19T14:54:55+00:00","og_image":[{"width":675,"height":675,"url":"https:\/\/helpmate.place\/wp-content\/uploads\/2025\/08\/helpmate-profile_page.jpg","type":"image\/jpeg"}],"twitter_misc":{"Gesch\u00e4tzte Lesezeit":"3\u00a0Minuten"},"schema":{"@context":"https:\/\/schema.org","@graph":[{"@type":"WebPage","@id":"https:\/\/helpmate.place\/de\/ueber-uns\/","url":"https:\/\/helpmate.place\/de\/ueber-uns\/","name":"\u00dcber uns - AI &amp; Innovation R\u00fcckblick: Die Zukunft der Technologie der n\u00e4chsten Generation","isPartOf":{"@id":"https:\/\/helpmate.place\/#website"},"datePublished":"2022-01-15T20:59:41+00:00","dateModified":"2025-03-19T14:54:55+00:00","breadcrumb":{"@id":"https:\/\/helpmate.place\/de\/ueber-uns\/#breadcrumb"},"inLanguage":"de","potentialAction":[{"@type":"ReadAction","target":["https:\/\/helpmate.place\/de\/ueber-uns\/"]}]},{"@type":"BreadcrumbList","@id":"https:\/\/helpmate.place\/de\/ueber-uns\/#breadcrumb","itemListElement":[{"@type":"ListItem","position":1,"name":"Home","item":"https:\/\/helpmate.place\/de\/"},{"@type":"ListItem","position":2,"name":"\u00dcber uns"}]},{"@type":"WebSite","@id":"https:\/\/helpmate.place\/#website","url":"https:\/\/helpmate.place\/","name":"Smart gadgets, new technologies, tips and reviews.","description":"Beste Bewertungen finden","publisher":{"@id":"https:\/\/helpmate.place\/#organization"},"alternateName":"Helpmate.Place","potentialAction":[{"@type":"SearchAction","target":{"@type":"EntryPoint","urlTemplate":"https:\/\/helpmate.place\/?s={search_term_string}"},"query-input":{"@type":"PropertyValueSpecification","valueRequired":true,"valueName":"search_term_string"}}],"inLanguage":"de"},{"@type":"Organization","@id":"https:\/\/helpmate.place\/#organization","name":"HelpMatePlace","alternateName":"HelpMate","url":"https:\/\/helpmate.place\/","logo":{"@type":"ImageObject","inLanguage":"de","@id":"https:\/\/helpmate.place\/#\/schema\/logo\/image\/","url":"https:\/\/helpmate.place\/wp-content\/uploads\/2025\/08\/helpmate-profile_page.jpg","contentUrl":"https:\/\/helpmate.place\/wp-content\/uploads\/2025\/08\/helpmate-profile_page.jpg","width":675,"height":675,"caption":"HelpMatePlace"},"image":{"@id":"https:\/\/helpmate.place\/#\/schema\/logo\/image\/"},"sameAs":["https:\/\/www.facebook.com\/profile.php?id=61577530144103","https:\/\/www.instagram.com\/helpmate.place\/","https:\/\/www.youtube.com\/@HelpmatePlace_PL","https:\/\/pl.pinterest.com\/HelpMate_PL\/"],"description":"HelpMate_PL to spo\u0142eczno\u015b\u0107 technologiczna zapewniaj\u0105ca rzetelne rekomendacje RTV i AGD, u\u0142atwiaj\u0105ce codzienne \u017cycie dzi\u0119ki wsp\u00f3\u0142pracy z renomowanymi producentami. Wspieramy \u015bwiadome zakupy, oferuj\u0105c obiektywne porady. Jako Partner Amazon, Temu, Aliexpress, Media Expert, x-kom, Komputronik i rtv euro agd otrzymujemy niewielkie wynagrodzenie za okre\u015blone transakcje. Do\u0142\u0105cz do nas, by odkry\u0107 innowacyjne rozwi\u0105zania!","email":"info@helpmate.place","telephone":"+48 693 288 385","legalName":"Skrivanek Sp. z o.o.","foundingDate":"1997-01-01","vatID":"634-22-45-400","taxID":"273716037","numberOfEmployees":{"@type":"QuantitativeValue","minValue":"51","maxValue":"200"},"publishingPrinciples":"https:\/\/helpmate.place\/","ownershipFundingInfo":"https:\/\/helpmate.place\/o-nas\/","actionableFeedbackPolicy":"https:\/\/helpmate.place\/wspolpraca\/","correctionsPolicy":"https:\/\/helpmate.place\/wspolpraca\/","ethicsPolicy":"https:\/\/helpmate.place\/o-nas\/","diversityPolicy":"https:\/\/helpmate.place\/o-nas\/","diversityStaffingReport":"https:\/\/helpmate.place\/o-nas\/"}]}},"_links":{"self":[{"href":"https:\/\/helpmate.place\/de\/wp-json\/wp\/v2\/pages\/10202","targetHints":{"allow":["GET"]}}],"collection":[{"href":"https:\/\/helpmate.place\/de\/wp-json\/wp\/v2\/pages"}],"about":[{"href":"https:\/\/helpmate.place\/de\/wp-json\/wp\/v2\/types\/page"}],"author":[{"embeddable":true,"href":"https:\/\/helpmate.place\/de\/wp-json\/wp\/v2\/users\/1"}],"replies":[{"embeddable":true,"href":"https:\/\/helpmate.place\/de\/wp-json\/wp\/v2\/comments?post=10202"}],"version-history":[{"count":1,"href":"https:\/\/helpmate.place\/de\/wp-json\/wp\/v2\/pages\/10202\/revisions"}],"predecessor-version":[{"id":10207,"href":"https:\/\/helpmate.place\/de\/wp-json\/wp\/v2\/pages\/10202\/revisions\/10207"}],"wp:attachment":[{"href":"https:\/\/helpmate.place\/de\/wp-json\/wp\/v2\/media?parent=10202"}],"curies":[{"name":"wp","href":"https:\/\/api.w.org\/{rel}","templated":true}]}}