{"id":4653,"date":"2021-06-02T15:13:59","date_gmt":"2021-06-02T15:13:59","guid":{"rendered":"https:\/\/remag.wpsoul.net\/?page_id=4653"},"modified":"2024-11-20T12:46:38","modified_gmt":"2024-11-20T12:46:38","slug":"collaboration","status":"publish","type":"page","link":"https:\/\/helpmate.place\/en\/collaboration\/","title":{"rendered":"Collaboration"},"content":{"rendered":"\n<div class=\"wp-block-cover alignfull\" style=\"min-height:259px;aspect-ratio:unset;\"><span aria-hidden=\"true\" class=\"wp-block-cover__background has-background-dim-100 has-background-dim has-background-gradient\" style=\"background:linear-gradient(135deg,rgb(6,147,227) 0%,rgb(25,8,107) 100%)\"><\/span><div class=\"wp-block-cover__inner-container is-layout-flow wp-block-cover-is-layout-flow\">\n<h2 class=\"wp-block-heading has-luminous-vivid-amber-color has-text-color\" id=\"helpmate\" style=\"line-height:1\"><strong>HelpMate <\/strong><\/h2>\n\n\n\n<p class=\"has-text-align-left has-white-color has-text-color\" style=\"font-size:40px;line-height:1\"><strong>Where technology leads the way<\/strong><\/p>\n<\/div><\/div>\n\n\n\n<div style=\"height:15px\" aria-hidden=\"true\" class=\"wp-block-spacer\"><\/div>\n\n\n\n<div style=\"height:24px\" aria-hidden=\"true\" class=\"wp-block-spacer\"><\/div>\n\n\n\n<div style=\"height:15px\" aria-hidden=\"true\" class=\"wp-block-spacer\"><\/div>\n\n\n\n<h2 class=\"wp-block-heading\" id=\"collaboration\">Collaboration<\/h2>\n\n\n\n<p>At <strong>HelpMate <\/strong>we believe true growth comes from collaboration, innovation and shared success. Our platform is a space for problem solving and tech connections, where everyone can come together to work on impactful projects. Whether it\u2019s AI, tech innovation or new IT tools we are here to build a network of partnerships that drive real progress.<\/p>\n\n\n\n<h3 class=\"wp-block-heading\" id=\"partner-for-progress-and-brand-visibility\">Partner for Progress and Brand Visibility<\/h3>\n\n\n\n<p>Our collaboration options are flexible to suit the diverse needs of our partners and the fast changing AI and IT landscape. By joining our network you\u2019ll get increased brand visibility, expert insights and valuable SEO partnerships to boost your presence. Our partnership options include guest posting on our platform where you can showcase your expertise and publication opportunities that give dofollow links to your website.<\/p>\n\n\n\n<p>In addition to content collaborations <strong>HelpMate <\/strong>also offers affiliate partnerships for those who want to promote AI and tech products. Through carefully selected affiliate links we connect our audience with top products and services in AI, new tech and digital tools. These affiliate links are embedded in our articles so our partners get more visibility and our audience direct access to the innovative tools and services that enhance their tech capabilities. We support our partners while sharing quality solutions that our tech audience loves.<\/p>\n\n\n\n<h3 class=\"wp-block-heading\" id=\"sponsored-articles\">Sponsored Articles<\/h3>\n\n\n\n<p>At HelpMate, we offer tailored opportunities for publishing sponsored articles to boost your brand&#8217;s visibility in the AI, tech, and IT sectors. Sponsored content allows you to showcase your products, services, or expertise directly to our dedicated audience, positioning your brand as a leader in the industry. Here&#8217;s how you can take advantage of our sponsored article options:<\/p>\n\n\n<div class=\"wpsm_checklist wpsm_pretty_list\"><ul><li><strong>Article Publication with 2 Dofollow Links<\/strong>: Your article will stay on our website for life, offering a lasting SEO benefit without additional promotion on the main pages. <strong>(349 PLN net)<\/strong><\/li><li><strong>Article Publication with Nofollow Links<\/strong>: A perfect option for those who want to share their expertise and insights without directly impacting SEO. <strong>(139 PLN net)<\/strong><\/li><\/ul><\/div>\n\n\n<p><strong>Reach out to discuss how a sponsored article on HelpMate can enhance your brand&#8217;s presence and connect with our engaged tech community!<\/strong><\/p>\n\n\n\n<h3 class=\"wp-block-heading\" id=\"affiliate-partnerships\">Affiliate Partnerships<\/h3>\n\n\n\n<p>Our affiliate links guide you to carefully selected products and services that align with our focus on AI and tech. When users click on these links we may earn a commission on sales, helping us to support the platform and improve our content. Our affiliate partnerships are perfect for AI and tech brands who want to reach a wider audience and get visibility through our network.<\/p>\n\n\n\n<h3 class=\"wp-block-heading\" id=\"let-s-get-started\">Let\u2019s Get Started<\/h3>\n\n\n\n<p>Interested in collaboration or affiliate partnerships? Get in touch to discuss how we can work together to drive progress, growth and industry connections. Our team will answer your questions, provide more info on our SEO partnerships and affiliate programs and talk through how we can move forward.<\/p>\n\n\n\n<p>Let\u2019s connect with fellow tech enthusiasts who are moving the needle in AI, IT and tech. Together we can build industry connections, partnerships and add value to our community of innovators. Get in touch today and let\u2019s get started.<\/p>\n\n\n\n<h2 class=\"wp-block-heading\" id=\"newsletter\">Newsletter<\/h2>\n\n\n\n<p>Sign up for our newsletter to receive expert tips, reviews, and exclusive updates right in your inbox. Don\u2019t miss out on the insights that can elevate your digital projects and make technology work for you!<\/p>\n\n\n\n<h2 class=\"wp-block-heading\" id=\"contact\">Contact<\/h2>\n\n\n\n<p><a href=\"mailto:info@helpmate.place\">info@helpmate.place<\/a><\/p>\n\n\n\n<p><strong>Get in touch \u2013 we\u2019re only a message away!<\/strong><\/p>\n","protected":false},"excerpt":{"rendered":"<p>Collaboration At HelpMate we believe true growth comes from collaboration, innovation and shared success. Our platform is a space for problem solving and tech connections, where everyone can come together to work on impactful projects. Whether it\u2019s AI, tech innovation or new IT tools we are here to build a network of partnerships that drive [&hellip;]<\/p>\n","protected":false},"author":1,"featured_media":0,"parent":0,"menu_order":0,"comment_status":"closed","ping_status":"closed","template":"","meta":{"_gspb_post_css":"","footnotes":""},"class_list":["post-4653","page","type-page","status-publish","hentry"],"yoast_head":"<!-- This site is optimized with the Yoast SEO Premium plugin v26.5 (Yoast SEO v27.2) - https:\/\/yoast.com\/product\/yoast-seo-premium-wordpress\/ -->\n<title>Collaboration - Sprawdzone smart gad\u017cety, nowe technologie, porady i recenzje.<\/title>\n<meta name=\"robots\" content=\"index, follow, max-snippet:-1, max-image-preview:large, max-video-preview:-1\" \/>\n<link rel=\"canonical\" href=\"https:\/\/helpmate.place\/en\/collaboration\/\" class=\"yoast-seo-meta-tag\" \/>\n<meta property=\"og:locale\" content=\"en_US\" class=\"yoast-seo-meta-tag\" \/>\n<meta property=\"og:type\" content=\"article\" class=\"yoast-seo-meta-tag\" \/>\n<meta property=\"og:title\" content=\"Collaboration\" class=\"yoast-seo-meta-tag\" \/>\n<meta property=\"og:description\" content=\"Collaboration At HelpMate we believe true growth comes from collaboration, innovation and shared success. Our platform is a space for problem solving and tech connections, where everyone can come together to work on impactful projects. Whether it\u2019s AI, tech innovation or new IT tools we are here to build a network of partnerships that drive [&hellip;]\" class=\"yoast-seo-meta-tag\" \/>\n<meta property=\"og:url\" content=\"https:\/\/helpmate.place\/en\/collaboration\/\" class=\"yoast-seo-meta-tag\" \/>\n<meta property=\"og:site_name\" content=\"Sprawdzone smart gad\u017cety, nowe technologie, porady i recenzje.\" class=\"yoast-seo-meta-tag\" \/>\n<meta property=\"article:publisher\" content=\"https:\/\/www.facebook.com\/profile.php?id=61577530144103\" class=\"yoast-seo-meta-tag\" \/>\n<meta property=\"article:modified_time\" content=\"2024-11-20T12:46:38+00:00\" class=\"yoast-seo-meta-tag\" \/>\n<meta property=\"og:image\" content=\"https:\/\/helpmate.place\/wp-content\/uploads\/2025\/08\/helpmate-profile_page.jpg\" class=\"yoast-seo-meta-tag\" \/>\n\t<meta property=\"og:image:width\" content=\"675\" class=\"yoast-seo-meta-tag\" \/>\n\t<meta property=\"og:image:height\" content=\"675\" class=\"yoast-seo-meta-tag\" \/>\n\t<meta property=\"og:image:type\" content=\"image\/jpeg\" class=\"yoast-seo-meta-tag\" \/>\n<meta name=\"twitter:label1\" content=\"Est. reading time\" class=\"yoast-seo-meta-tag\" \/>\n\t<meta name=\"twitter:data1\" content=\"3 minutes\" class=\"yoast-seo-meta-tag\" \/>\n<script type=\"application\/ld+json\" class=\"yoast-schema-graph\">{\"@context\":\"https:\/\/schema.org\",\"@graph\":[{\"@type\":\"WebPage\",\"@id\":\"https:\/\/helpmate.place\/en\/collaboration\/\",\"url\":\"https:\/\/helpmate.place\/en\/collaboration\/\",\"name\":\"Collaboration - Sprawdzone smart gad\u017cety, nowe technologie, porady i recenzje.\",\"isPartOf\":{\"@id\":\"https:\/\/helpmate.place\/#website\"},\"datePublished\":\"2021-06-02T15:13:59+00:00\",\"dateModified\":\"2024-11-20T12:46:38+00:00\",\"breadcrumb\":{\"@id\":\"https:\/\/helpmate.place\/en\/collaboration\/#breadcrumb\"},\"inLanguage\":\"en-US\",\"potentialAction\":[{\"@type\":\"ReadAction\",\"target\":[\"https:\/\/helpmate.place\/en\/collaboration\/\"]}]},{\"@type\":\"BreadcrumbList\",\"@id\":\"https:\/\/helpmate.place\/en\/collaboration\/#breadcrumb\",\"itemListElement\":[{\"@type\":\"ListItem\",\"position\":1,\"name\":\"Home\",\"item\":\"https:\/\/helpmate.place\/en\/\"},{\"@type\":\"ListItem\",\"position\":2,\"name\":\"Collaboration\"}]},{\"@type\":\"WebSite\",\"@id\":\"https:\/\/helpmate.place\/#website\",\"url\":\"https:\/\/helpmate.place\/\",\"name\":\"Smart gadgets, new technologies, tips and reviews.\",\"description\":\"Znajd\u017a najlepsz\u0105 recenzj\u0119.\",\"publisher\":{\"@id\":\"https:\/\/helpmate.place\/#organization\"},\"alternateName\":\"Helpmate.Place\",\"potentialAction\":[{\"@type\":\"SearchAction\",\"target\":{\"@type\":\"EntryPoint\",\"urlTemplate\":\"https:\/\/helpmate.place\/?s={search_term_string}\"},\"query-input\":{\"@type\":\"PropertyValueSpecification\",\"valueRequired\":true,\"valueName\":\"search_term_string\"}}],\"inLanguage\":\"en-US\"},{\"@type\":\"Organization\",\"@id\":\"https:\/\/helpmate.place\/#organization\",\"name\":\"HelpMatePlace\",\"alternateName\":\"HelpMate\",\"url\":\"https:\/\/helpmate.place\/\",\"logo\":{\"@type\":\"ImageObject\",\"inLanguage\":\"en-US\",\"@id\":\"https:\/\/helpmate.place\/#\/schema\/logo\/image\/\",\"url\":\"https:\/\/helpmate.place\/wp-content\/uploads\/2025\/08\/helpmate-profile_page.jpg\",\"contentUrl\":\"https:\/\/helpmate.place\/wp-content\/uploads\/2025\/08\/helpmate-profile_page.jpg\",\"width\":675,\"height\":675,\"caption\":\"HelpMatePlace\"},\"image\":{\"@id\":\"https:\/\/helpmate.place\/#\/schema\/logo\/image\/\"},\"sameAs\":[\"https:\/\/www.facebook.com\/profile.php?id=61577530144103\",\"https:\/\/www.instagram.com\/helpmate.place\/\",\"https:\/\/www.youtube.com\/@HelpmatePlace_PL\",\"https:\/\/pl.pinterest.com\/HelpMate_PL\/\"],\"description\":\"HelpMate_PL to spo\u0142eczno\u015b\u0107 technologiczna zapewniaj\u0105ca rzetelne rekomendacje RTV i AGD, u\u0142atwiaj\u0105ce codzienne \u017cycie dzi\u0119ki wsp\u00f3\u0142pracy z renomowanymi producentami. Wspieramy \u015bwiadome zakupy, oferuj\u0105c obiektywne porady. Jako Partner Amazon, Temu, Aliexpress, Media Expert, x-kom, Komputronik i rtv euro agd otrzymujemy niewielkie wynagrodzenie za okre\u015blone transakcje. Do\u0142\u0105cz do nas, by odkry\u0107 innowacyjne rozwi\u0105zania!\",\"email\":\"info@helpmate.place\",\"telephone\":\"+48 693 288 385\",\"legalName\":\"Skrivanek Sp. z o.o.\",\"foundingDate\":\"1997-01-01\",\"vatID\":\"634-22-45-400\",\"taxID\":\"273716037\",\"numberOfEmployees\":{\"@type\":\"QuantitativeValue\",\"minValue\":\"51\",\"maxValue\":\"200\"},\"publishingPrinciples\":\"https:\/\/helpmate.place\/\",\"ownershipFundingInfo\":\"https:\/\/helpmate.place\/o-nas\/\",\"actionableFeedbackPolicy\":\"https:\/\/helpmate.place\/wspolpraca\/\",\"correctionsPolicy\":\"https:\/\/helpmate.place\/wspolpraca\/\",\"ethicsPolicy\":\"https:\/\/helpmate.place\/o-nas\/\",\"diversityPolicy\":\"https:\/\/helpmate.place\/o-nas\/\",\"diversityStaffingReport\":\"https:\/\/helpmate.place\/o-nas\/\"}]}<\/script>\n<!-- \/ Yoast SEO Premium plugin. -->","yoast_head_json":{"title":"Collaboration - Sprawdzone smart gad\u017cety, nowe technologie, porady i recenzje.","robots":{"index":"index","follow":"follow","max-snippet":"max-snippet:-1","max-image-preview":"max-image-preview:large","max-video-preview":"max-video-preview:-1"},"canonical":"https:\/\/helpmate.place\/en\/collaboration\/","og_locale":"en_US","og_type":"article","og_title":"Collaboration","og_description":"Collaboration At HelpMate we believe true growth comes from collaboration, innovation and shared success. Our platform is a space for problem solving and tech connections, where everyone can come together to work on impactful projects. Whether it\u2019s AI, tech innovation or new IT tools we are here to build a network of partnerships that drive [&hellip;]","og_url":"https:\/\/helpmate.place\/en\/collaboration\/","og_site_name":"Sprawdzone smart gad\u017cety, nowe technologie, porady i recenzje.","article_publisher":"https:\/\/www.facebook.com\/profile.php?id=61577530144103","article_modified_time":"2024-11-20T12:46:38+00:00","og_image":[{"width":675,"height":675,"url":"https:\/\/helpmate.place\/wp-content\/uploads\/2025\/08\/helpmate-profile_page.jpg","type":"image\/jpeg"}],"twitter_misc":{"Est. reading time":"3 minutes"},"schema":{"@context":"https:\/\/schema.org","@graph":[{"@type":"WebPage","@id":"https:\/\/helpmate.place\/en\/collaboration\/","url":"https:\/\/helpmate.place\/en\/collaboration\/","name":"Collaboration - Sprawdzone smart gad\u017cety, nowe technologie, porady i recenzje.","isPartOf":{"@id":"https:\/\/helpmate.place\/#website"},"datePublished":"2021-06-02T15:13:59+00:00","dateModified":"2024-11-20T12:46:38+00:00","breadcrumb":{"@id":"https:\/\/helpmate.place\/en\/collaboration\/#breadcrumb"},"inLanguage":"en-US","potentialAction":[{"@type":"ReadAction","target":["https:\/\/helpmate.place\/en\/collaboration\/"]}]},{"@type":"BreadcrumbList","@id":"https:\/\/helpmate.place\/en\/collaboration\/#breadcrumb","itemListElement":[{"@type":"ListItem","position":1,"name":"Home","item":"https:\/\/helpmate.place\/en\/"},{"@type":"ListItem","position":2,"name":"Collaboration"}]},{"@type":"WebSite","@id":"https:\/\/helpmate.place\/#website","url":"https:\/\/helpmate.place\/","name":"Smart gadgets, new technologies, tips and reviews.","description":"Znajd\u017a najlepsz\u0105 recenzj\u0119.","publisher":{"@id":"https:\/\/helpmate.place\/#organization"},"alternateName":"Helpmate.Place","potentialAction":[{"@type":"SearchAction","target":{"@type":"EntryPoint","urlTemplate":"https:\/\/helpmate.place\/?s={search_term_string}"},"query-input":{"@type":"PropertyValueSpecification","valueRequired":true,"valueName":"search_term_string"}}],"inLanguage":"en-US"},{"@type":"Organization","@id":"https:\/\/helpmate.place\/#organization","name":"HelpMatePlace","alternateName":"HelpMate","url":"https:\/\/helpmate.place\/","logo":{"@type":"ImageObject","inLanguage":"en-US","@id":"https:\/\/helpmate.place\/#\/schema\/logo\/image\/","url":"https:\/\/helpmate.place\/wp-content\/uploads\/2025\/08\/helpmate-profile_page.jpg","contentUrl":"https:\/\/helpmate.place\/wp-content\/uploads\/2025\/08\/helpmate-profile_page.jpg","width":675,"height":675,"caption":"HelpMatePlace"},"image":{"@id":"https:\/\/helpmate.place\/#\/schema\/logo\/image\/"},"sameAs":["https:\/\/www.facebook.com\/profile.php?id=61577530144103","https:\/\/www.instagram.com\/helpmate.place\/","https:\/\/www.youtube.com\/@HelpmatePlace_PL","https:\/\/pl.pinterest.com\/HelpMate_PL\/"],"description":"HelpMate_PL to spo\u0142eczno\u015b\u0107 technologiczna zapewniaj\u0105ca rzetelne rekomendacje RTV i AGD, u\u0142atwiaj\u0105ce codzienne \u017cycie dzi\u0119ki wsp\u00f3\u0142pracy z renomowanymi producentami. Wspieramy \u015bwiadome zakupy, oferuj\u0105c obiektywne porady. Jako Partner Amazon, Temu, Aliexpress, Media Expert, x-kom, Komputronik i rtv euro agd otrzymujemy niewielkie wynagrodzenie za okre\u015blone transakcje. Do\u0142\u0105cz do nas, by odkry\u0107 innowacyjne rozwi\u0105zania!","email":"info@helpmate.place","telephone":"+48 693 288 385","legalName":"Skrivanek Sp. z o.o.","foundingDate":"1997-01-01","vatID":"634-22-45-400","taxID":"273716037","numberOfEmployees":{"@type":"QuantitativeValue","minValue":"51","maxValue":"200"},"publishingPrinciples":"https:\/\/helpmate.place\/","ownershipFundingInfo":"https:\/\/helpmate.place\/o-nas\/","actionableFeedbackPolicy":"https:\/\/helpmate.place\/wspolpraca\/","correctionsPolicy":"https:\/\/helpmate.place\/wspolpraca\/","ethicsPolicy":"https:\/\/helpmate.place\/o-nas\/","diversityPolicy":"https:\/\/helpmate.place\/o-nas\/","diversityStaffingReport":"https:\/\/helpmate.place\/o-nas\/"}]}},"_links":{"self":[{"href":"https:\/\/helpmate.place\/en\/wp-json\/wp\/v2\/pages\/4653","targetHints":{"allow":["GET"]}}],"collection":[{"href":"https:\/\/helpmate.place\/en\/wp-json\/wp\/v2\/pages"}],"about":[{"href":"https:\/\/helpmate.place\/en\/wp-json\/wp\/v2\/types\/page"}],"author":[{"embeddable":true,"href":"https:\/\/helpmate.place\/en\/wp-json\/wp\/v2\/users\/1"}],"replies":[{"embeddable":true,"href":"https:\/\/helpmate.place\/en\/wp-json\/wp\/v2\/comments?post=4653"}],"version-history":[{"count":3,"href":"https:\/\/helpmate.place\/en\/wp-json\/wp\/v2\/pages\/4653\/revisions"}],"predecessor-version":[{"id":5347,"href":"https:\/\/helpmate.place\/en\/wp-json\/wp\/v2\/pages\/4653\/revisions\/5347"}],"wp:attachment":[{"href":"https:\/\/helpmate.place\/en\/wp-json\/wp\/v2\/media?parent=4653"}],"curies":[{"name":"wp","href":"https:\/\/api.w.org\/{rel}","templated":true}]}}