{"id":4885,"date":"2022-01-15T20:59:41","date_gmt":"2022-01-15T20:59:41","guid":{"rendered":"https:\/\/remag.wpsoul.net\/?page_id=4885"},"modified":"2025-07-31T11:17:33","modified_gmt":"2025-07-31T11:17:33","slug":"about-us","status":"publish","type":"page","link":"https:\/\/helpmate.place\/en\/about-us\/","title":{"rendered":"About Us"},"content":{"rendered":"\n<div class=\"wp-block-cover alignfull\" style=\"min-height:259px;aspect-ratio:unset;\"><span aria-hidden=\"true\" class=\"wp-block-cover__background has-background-dim-100 has-background-dim has-background-gradient\" style=\"background:linear-gradient(135deg,rgb(6,147,227) 0%,rgb(25,8,107) 100%)\"><\/span><div class=\"wp-block-cover__inner-container is-layout-flow wp-block-cover-is-layout-flow\">\n<h2 class=\"wp-block-heading has-luminous-vivid-amber-color has-text-color\" id=\"welcome-to-helpmate\" style=\"line-height:1\"><strong>Welcome to HelpMate<\/strong><\/h2>\n\n\n\n<h1 class=\"wp-block-heading has-text-align-left has-white-color has-text-color\" id=\"h-your-guide-in-the-digital-world\" style=\"font-size:40px\"><strong>Your Guide in the Digital World<\/strong><\/h1>\n<\/div><\/div>\n\n\n\n<div style=\"height:15px\" aria-hidden=\"true\" class=\"wp-block-spacer\"><\/div>\n\n\n\n<div style=\"height:24px\" aria-hidden=\"true\" class=\"wp-block-spacer\"><\/div>\n\n\n\n<p>Let\u2019s connect with fellow tech enthusiasts who are moving the needle in AI, IT and tech. Together we can build industry connections, partnerships and add value to our community of innovators. Get in touch today and let\u2019s get started.<\/p>\n\n\n\n<p>At HelpMate, we are a team of professionals and tech enthusiasts who are dedicated to providing informative and quality content to our audience. We strive to be a trusted and reliable source of unbiased information that supports actionable advice.<\/p>\n\n\n\n<p>We pride ourselves on being comprehensive, providing in-depth reviews and detailed information analysis to help you assess activity risks and make informed decisions.<\/p>\n\n\n\n<h2 class=\"wp-block-heading\" id=\"our-story\">Our Story<\/h2>\n\n\n\n<p>All from a simple idea \u2013 that everyone deserves clear and unbiased guidance in the tech world. HelpMate has grown into a community of tech enthusiasts and problem solvers, where we undertake various activities to support our community, including opportunities for business networking.<\/p>\n\n\n\n<p>Even with years of experience and a customer service focus, we know how hard it is to keep up with ever changing technology, which is why we are here to be your sidekick.<\/p>\n\n\n\n<h2 class=\"wp-block-heading\" id=\"why-do-we-stand-out\">Why Do We Stand Out?<\/h2>\n\n\n\n<p>We take a hands on approach to testing and reviewing:<\/p>\n\n\n<div class=\"wpsm_checklist wpsm_pretty_list\"><ul><li>Software solutions and AI tools<\/li><li>SEO strategies and digital marketing tools<\/li><li>Gaming technologies and experiences<\/li><li>Content Management Systems<\/li><\/ul><\/div>\n\n\n<p>Our group consists of experienced professionals, each bringing their unique expertise to the table. We do more than just scratch the surface \u2013 we dive deep into each of the products and services we review, ensuring you gain comprehensive, practical insights that matter. Our reviews cover a wide array of technological services and digital products, including software, SEO, AI tools, and content management systems, demonstrating our extensive dedication and unwavering commitment to quality.<\/p>\n\n\n\n<h2 class=\"wp-block-heading\" id=\"our-mission\">Our Mission<\/h2>\n\n\n\n<p>Our goal is simple: to help you make excellent decisions about the technology that you use. The articles we produce provide essential reports and information about different programs and software, helping companies understand the potential risks and ensure they have accurate, up-to-date insights.<\/p>\n\n\n\n<p>We believe in:<\/p>\n\n\n<div class=\"wpsm_checklist wpsm_pretty_list\"><ul><li>Delivering honest, unbiased reviews<\/li><li>Making complex technology accessible<\/li><li>Building a community of informed tech users<\/li><li>Staying ahead of digital trends<\/li><li>Providing practical, actionable advice<\/li><\/ul><\/div>\n\n\n<h2 class=\"wp-block-heading\" id=\"how-we-work-our-services\">How We Work: Our Services<\/h2>\n\n\n\n<p>Every review and article we publish goes through an evaluation process, one that highlights HelpMate&#8217;s core activities and services. We offer a wide range of products and services to meet the diverse needs of our customers. We test products in real-world scenarios, document our findings, and share both the strengths and limitations that we discover.<\/p>\n\n\n\n<p>We are part of affiliate advertising programs, which means we earn a commission if we link to a product or service. We only show the best and most valuable content to our readers.<\/p>\n\n\n\n<p>If a product or service we recommend has an affiliate program, then we may use affiliate links &#8211; but this does not affect our selection process, as your trust always remains our priority. Using our affiliate links does not cost you anything extra as a consumer \u2013 ensuring your purchase price remains the same.<\/p>\n\n\n\n<h2 class=\"wp-block-heading\" id=\"joinourbusiness\">Join Our Business Journey<\/h2>\n\n\n\n<p>Whether you are a tech professional, a company owner, or simply someone interested in staying up to date with technology and gaining detailed insights into various digital aspects, HelpMate is your reliable companion. Connect with us through our newsletter, follow us on social media, and become part of our growing community of tech enthusiasts.<\/p>\n\n\n\n<p>Let\u2019s get started &#8211; <a href=\"mailto:info@helpmate.place\">info@helpmate.place<\/a><\/p>\n\n\n\n<p><\/p>\n","protected":false},"excerpt":{"rendered":"<p>Let\u2019s connect with fellow tech enthusiasts who are moving the needle in AI, IT and tech. Together we can build industry connections, partnerships and add value to our community of innovators. Get in touch today and let\u2019s get started. At HelpMate, we are a team of professionals and tech enthusiasts who are dedicated to providing [&hellip;]<\/p>\n","protected":false},"author":1,"featured_media":0,"parent":0,"menu_order":0,"comment_status":"closed","ping_status":"closed","template":"","meta":{"_gspb_post_css":"","footnotes":""},"class_list":["post-4885","page","type-page","status-publish","hentry"],"yoast_head":"<!-- This site is optimized with the Yoast SEO Premium plugin v26.5 (Yoast SEO v27.2) - https:\/\/yoast.com\/product\/yoast-seo-premium-wordpress\/ -->\n<title>About Us - Sprawdzone smart gad\u017cety, nowe technologie, porady i recenzje.<\/title>\n<meta name=\"robots\" content=\"index, follow, max-snippet:-1, max-image-preview:large, max-video-preview:-1\" \/>\n<link rel=\"canonical\" href=\"https:\/\/helpmate.place\/en\/about-us\/\" class=\"yoast-seo-meta-tag\" \/>\n<meta property=\"og:locale\" content=\"en_US\" class=\"yoast-seo-meta-tag\" \/>\n<meta property=\"og:type\" content=\"article\" class=\"yoast-seo-meta-tag\" \/>\n<meta property=\"og:title\" content=\"About Us\" class=\"yoast-seo-meta-tag\" \/>\n<meta property=\"og:description\" content=\"Let\u2019s connect with fellow tech enthusiasts who are moving the needle in AI, IT and tech. Together we can build industry connections, partnerships and add value to our community of innovators. Get in touch today and let\u2019s get started. At HelpMate, we are a team of professionals and tech enthusiasts who are dedicated to providing [&hellip;]\" class=\"yoast-seo-meta-tag\" \/>\n<meta property=\"og:url\" content=\"https:\/\/helpmate.place\/en\/about-us\/\" class=\"yoast-seo-meta-tag\" \/>\n<meta property=\"og:site_name\" content=\"Sprawdzone smart gad\u017cety, nowe technologie, porady i recenzje.\" class=\"yoast-seo-meta-tag\" \/>\n<meta property=\"article:publisher\" content=\"https:\/\/www.facebook.com\/profile.php?id=61577530144103\" class=\"yoast-seo-meta-tag\" \/>\n<meta property=\"article:modified_time\" content=\"2025-07-31T11:17:33+00:00\" class=\"yoast-seo-meta-tag\" \/>\n<meta property=\"og:image\" content=\"https:\/\/helpmate.place\/wp-content\/uploads\/2025\/08\/helpmate-profile_page.jpg\" class=\"yoast-seo-meta-tag\" \/>\n\t<meta property=\"og:image:width\" content=\"675\" class=\"yoast-seo-meta-tag\" \/>\n\t<meta property=\"og:image:height\" content=\"675\" class=\"yoast-seo-meta-tag\" \/>\n\t<meta property=\"og:image:type\" content=\"image\/jpeg\" class=\"yoast-seo-meta-tag\" \/>\n<meta name=\"twitter:label1\" content=\"Est. reading time\" class=\"yoast-seo-meta-tag\" \/>\n\t<meta name=\"twitter:data1\" content=\"3 minutes\" class=\"yoast-seo-meta-tag\" \/>\n<script type=\"application\/ld+json\" class=\"yoast-schema-graph\">{\"@context\":\"https:\/\/schema.org\",\"@graph\":[{\"@type\":\"WebPage\",\"@id\":\"https:\/\/helpmate.place\/en\/about-us\/\",\"url\":\"https:\/\/helpmate.place\/en\/about-us\/\",\"name\":\"About Us - Sprawdzone smart gad\u017cety, nowe technologie, porady i recenzje.\",\"isPartOf\":{\"@id\":\"https:\/\/helpmate.place\/#website\"},\"datePublished\":\"2022-01-15T20:59:41+00:00\",\"dateModified\":\"2025-07-31T11:17:33+00:00\",\"breadcrumb\":{\"@id\":\"https:\/\/helpmate.place\/en\/about-us\/#breadcrumb\"},\"inLanguage\":\"en-US\",\"potentialAction\":[{\"@type\":\"ReadAction\",\"target\":[\"https:\/\/helpmate.place\/en\/about-us\/\"]}]},{\"@type\":\"BreadcrumbList\",\"@id\":\"https:\/\/helpmate.place\/en\/about-us\/#breadcrumb\",\"itemListElement\":[{\"@type\":\"ListItem\",\"position\":1,\"name\":\"Home\",\"item\":\"https:\/\/helpmate.place\/en\/\"},{\"@type\":\"ListItem\",\"position\":2,\"name\":\"About Us\"}]},{\"@type\":\"WebSite\",\"@id\":\"https:\/\/helpmate.place\/#website\",\"url\":\"https:\/\/helpmate.place\/\",\"name\":\"Smart gadgets, new technologies, tips and reviews.\",\"description\":\"Znajd\u017a najlepsz\u0105 recenzj\u0119.\",\"publisher\":{\"@id\":\"https:\/\/helpmate.place\/#organization\"},\"alternateName\":\"Helpmate.Place\",\"potentialAction\":[{\"@type\":\"SearchAction\",\"target\":{\"@type\":\"EntryPoint\",\"urlTemplate\":\"https:\/\/helpmate.place\/?s={search_term_string}\"},\"query-input\":{\"@type\":\"PropertyValueSpecification\",\"valueRequired\":true,\"valueName\":\"search_term_string\"}}],\"inLanguage\":\"en-US\"},{\"@type\":\"Organization\",\"@id\":\"https:\/\/helpmate.place\/#organization\",\"name\":\"HelpMatePlace\",\"alternateName\":\"HelpMate\",\"url\":\"https:\/\/helpmate.place\/\",\"logo\":{\"@type\":\"ImageObject\",\"inLanguage\":\"en-US\",\"@id\":\"https:\/\/helpmate.place\/#\/schema\/logo\/image\/\",\"url\":\"https:\/\/helpmate.place\/wp-content\/uploads\/2025\/08\/helpmate-profile_page.jpg\",\"contentUrl\":\"https:\/\/helpmate.place\/wp-content\/uploads\/2025\/08\/helpmate-profile_page.jpg\",\"width\":675,\"height\":675,\"caption\":\"HelpMatePlace\"},\"image\":{\"@id\":\"https:\/\/helpmate.place\/#\/schema\/logo\/image\/\"},\"sameAs\":[\"https:\/\/www.facebook.com\/profile.php?id=61577530144103\",\"https:\/\/www.instagram.com\/helpmate.place\/\",\"https:\/\/www.youtube.com\/@HelpmatePlace_PL\",\"https:\/\/pl.pinterest.com\/HelpMate_PL\/\"],\"description\":\"HelpMate_PL to spo\u0142eczno\u015b\u0107 technologiczna zapewniaj\u0105ca rzetelne rekomendacje RTV i AGD, u\u0142atwiaj\u0105ce codzienne \u017cycie dzi\u0119ki wsp\u00f3\u0142pracy z renomowanymi producentami. Wspieramy \u015bwiadome zakupy, oferuj\u0105c obiektywne porady. Jako Partner Amazon, Temu, Aliexpress, Media Expert, x-kom, Komputronik i rtv euro agd otrzymujemy niewielkie wynagrodzenie za okre\u015blone transakcje. Do\u0142\u0105cz do nas, by odkry\u0107 innowacyjne rozwi\u0105zania!\",\"email\":\"info@helpmate.place\",\"telephone\":\"+48 693 288 385\",\"legalName\":\"Skrivanek Sp. z o.o.\",\"foundingDate\":\"1997-01-01\",\"vatID\":\"634-22-45-400\",\"taxID\":\"273716037\",\"numberOfEmployees\":{\"@type\":\"QuantitativeValue\",\"minValue\":\"51\",\"maxValue\":\"200\"},\"publishingPrinciples\":\"https:\/\/helpmate.place\/\",\"ownershipFundingInfo\":\"https:\/\/helpmate.place\/o-nas\/\",\"actionableFeedbackPolicy\":\"https:\/\/helpmate.place\/wspolpraca\/\",\"correctionsPolicy\":\"https:\/\/helpmate.place\/wspolpraca\/\",\"ethicsPolicy\":\"https:\/\/helpmate.place\/o-nas\/\",\"diversityPolicy\":\"https:\/\/helpmate.place\/o-nas\/\",\"diversityStaffingReport\":\"https:\/\/helpmate.place\/o-nas\/\"}]}<\/script>\n<!-- \/ Yoast SEO Premium plugin. -->","yoast_head_json":{"title":"About Us - Sprawdzone smart gad\u017cety, nowe technologie, porady i recenzje.","robots":{"index":"index","follow":"follow","max-snippet":"max-snippet:-1","max-image-preview":"max-image-preview:large","max-video-preview":"max-video-preview:-1"},"canonical":"https:\/\/helpmate.place\/en\/about-us\/","og_locale":"en_US","og_type":"article","og_title":"About Us","og_description":"Let\u2019s connect with fellow tech enthusiasts who are moving the needle in AI, IT and tech. Together we can build industry connections, partnerships and add value to our community of innovators. Get in touch today and let\u2019s get started. At HelpMate, we are a team of professionals and tech enthusiasts who are dedicated to providing [&hellip;]","og_url":"https:\/\/helpmate.place\/en\/about-us\/","og_site_name":"Sprawdzone smart gad\u017cety, nowe technologie, porady i recenzje.","article_publisher":"https:\/\/www.facebook.com\/profile.php?id=61577530144103","article_modified_time":"2025-07-31T11:17:33+00:00","og_image":[{"width":675,"height":675,"url":"https:\/\/helpmate.place\/wp-content\/uploads\/2025\/08\/helpmate-profile_page.jpg","type":"image\/jpeg"}],"twitter_misc":{"Est. reading time":"3 minutes"},"schema":{"@context":"https:\/\/schema.org","@graph":[{"@type":"WebPage","@id":"https:\/\/helpmate.place\/en\/about-us\/","url":"https:\/\/helpmate.place\/en\/about-us\/","name":"About Us - Sprawdzone smart gad\u017cety, nowe technologie, porady i recenzje.","isPartOf":{"@id":"https:\/\/helpmate.place\/#website"},"datePublished":"2022-01-15T20:59:41+00:00","dateModified":"2025-07-31T11:17:33+00:00","breadcrumb":{"@id":"https:\/\/helpmate.place\/en\/about-us\/#breadcrumb"},"inLanguage":"en-US","potentialAction":[{"@type":"ReadAction","target":["https:\/\/helpmate.place\/en\/about-us\/"]}]},{"@type":"BreadcrumbList","@id":"https:\/\/helpmate.place\/en\/about-us\/#breadcrumb","itemListElement":[{"@type":"ListItem","position":1,"name":"Home","item":"https:\/\/helpmate.place\/en\/"},{"@type":"ListItem","position":2,"name":"About Us"}]},{"@type":"WebSite","@id":"https:\/\/helpmate.place\/#website","url":"https:\/\/helpmate.place\/","name":"Smart gadgets, new technologies, tips and reviews.","description":"Znajd\u017a najlepsz\u0105 recenzj\u0119.","publisher":{"@id":"https:\/\/helpmate.place\/#organization"},"alternateName":"Helpmate.Place","potentialAction":[{"@type":"SearchAction","target":{"@type":"EntryPoint","urlTemplate":"https:\/\/helpmate.place\/?s={search_term_string}"},"query-input":{"@type":"PropertyValueSpecification","valueRequired":true,"valueName":"search_term_string"}}],"inLanguage":"en-US"},{"@type":"Organization","@id":"https:\/\/helpmate.place\/#organization","name":"HelpMatePlace","alternateName":"HelpMate","url":"https:\/\/helpmate.place\/","logo":{"@type":"ImageObject","inLanguage":"en-US","@id":"https:\/\/helpmate.place\/#\/schema\/logo\/image\/","url":"https:\/\/helpmate.place\/wp-content\/uploads\/2025\/08\/helpmate-profile_page.jpg","contentUrl":"https:\/\/helpmate.place\/wp-content\/uploads\/2025\/08\/helpmate-profile_page.jpg","width":675,"height":675,"caption":"HelpMatePlace"},"image":{"@id":"https:\/\/helpmate.place\/#\/schema\/logo\/image\/"},"sameAs":["https:\/\/www.facebook.com\/profile.php?id=61577530144103","https:\/\/www.instagram.com\/helpmate.place\/","https:\/\/www.youtube.com\/@HelpmatePlace_PL","https:\/\/pl.pinterest.com\/HelpMate_PL\/"],"description":"HelpMate_PL to spo\u0142eczno\u015b\u0107 technologiczna zapewniaj\u0105ca rzetelne rekomendacje RTV i AGD, u\u0142atwiaj\u0105ce codzienne \u017cycie dzi\u0119ki wsp\u00f3\u0142pracy z renomowanymi producentami. Wspieramy \u015bwiadome zakupy, oferuj\u0105c obiektywne porady. Jako Partner Amazon, Temu, Aliexpress, Media Expert, x-kom, Komputronik i rtv euro agd otrzymujemy niewielkie wynagrodzenie za okre\u015blone transakcje. Do\u0142\u0105cz do nas, by odkry\u0107 innowacyjne rozwi\u0105zania!","email":"info@helpmate.place","telephone":"+48 693 288 385","legalName":"Skrivanek Sp. z o.o.","foundingDate":"1997-01-01","vatID":"634-22-45-400","taxID":"273716037","numberOfEmployees":{"@type":"QuantitativeValue","minValue":"51","maxValue":"200"},"publishingPrinciples":"https:\/\/helpmate.place\/","ownershipFundingInfo":"https:\/\/helpmate.place\/o-nas\/","actionableFeedbackPolicy":"https:\/\/helpmate.place\/wspolpraca\/","correctionsPolicy":"https:\/\/helpmate.place\/wspolpraca\/","ethicsPolicy":"https:\/\/helpmate.place\/o-nas\/","diversityPolicy":"https:\/\/helpmate.place\/o-nas\/","diversityStaffingReport":"https:\/\/helpmate.place\/o-nas\/"}]}},"_links":{"self":[{"href":"https:\/\/helpmate.place\/en\/wp-json\/wp\/v2\/pages\/4885","targetHints":{"allow":["GET"]}}],"collection":[{"href":"https:\/\/helpmate.place\/en\/wp-json\/wp\/v2\/pages"}],"about":[{"href":"https:\/\/helpmate.place\/en\/wp-json\/wp\/v2\/types\/page"}],"author":[{"embeddable":true,"href":"https:\/\/helpmate.place\/en\/wp-json\/wp\/v2\/users\/1"}],"replies":[{"embeddable":true,"href":"https:\/\/helpmate.place\/en\/wp-json\/wp\/v2\/comments?post=4885"}],"version-history":[{"count":3,"href":"https:\/\/helpmate.place\/en\/wp-json\/wp\/v2\/pages\/4885\/revisions"}],"predecessor-version":[{"id":16355,"href":"https:\/\/helpmate.place\/en\/wp-json\/wp\/v2\/pages\/4885\/revisions\/16355"}],"wp:attachment":[{"href":"https:\/\/helpmate.place\/en\/wp-json\/wp\/v2\/media?parent=4885"}],"curies":[{"name":"wp","href":"https:\/\/api.w.org\/{rel}","templated":true}]}}