{"id":10170,"date":"2021-06-02T15:13:59","date_gmt":"2021-06-02T15:13:59","guid":{"rendered":"https:\/\/helpmate.place\/colaboracion\/"},"modified":"2025-03-19T14:51:41","modified_gmt":"2025-03-19T14:51:41","slug":"colaboracion","status":"publish","type":"page","link":"https:\/\/helpmate.place\/es\/colaboracion\/","title":{"rendered":"Colaboraci\u00f3n"},"content":{"rendered":"\n<div class=\"wp-block-cover alignfull\" style=\"min-height:259px;aspect-ratio:unset;\"><span aria-hidden=\"true\" class=\"wp-block-cover__background has-background-dim-100 has-background-dim has-background-gradient\" style=\"background:linear-gradient(135deg,rgb(6,147,227) 0%,rgb(25,8,107) 100%)\"><\/span><div class=\"wp-block-cover__inner-container is-layout-flow wp-block-cover-is-layout-flow\">\n<h2 class=\"wp-block-heading has-luminous-vivid-amber-color has-text-color\" id=\"helpmate\" style=\"line-height:1\"><strong>HelpMate  <\/strong><\/h2>\n\n\n\n<p class=\"has-text-align-left has-white-color has-text-color\" style=\"font-size:40px;line-height:1\"><strong>Donde la tecnolog\u00eda marca el camino<\/strong><\/p>\n<\/div><\/div>\n\n<div style=\"height:15px\" aria-hidden=\"true\" class=\"wp-block-spacer\"><\/div>\n\n<div style=\"height:24px\" aria-hidden=\"true\" class=\"wp-block-spacer\"><\/div>\n\n<div style=\"height:15px\" aria-hidden=\"true\" class=\"wp-block-spacer\"><\/div>\n\n<h2 class=\"wp-block-heading\" id=\"collaboration\">Colaboraci\u00f3n<\/h2>\n\n<p>En <strong>HelpMate <\/strong>creemos que el verdadero crecimiento proviene de la colaboraci\u00f3n, la innovaci\u00f3n y el \u00e9xito compartido. Nuestra plataforma es un espacio para la resoluci\u00f3n de problemas y las conexiones tecnol\u00f3gicas, donde todo el mundo puede reunirse para trabajar en proyectos de impacto. Ya se trate de IA, innovaci\u00f3n tecnol\u00f3gica o nuevas herramientas inform\u00e1ticas, estamos aqu\u00ed para construir una red de asociaciones que impulsen el progreso real.  <\/p>\n\n<h3 class=\"wp-block-heading\" id=\"partner-for-progress-and-brand-visibility\">Socio para el Progreso y la Visibilidad de Marca<\/h3>\n\n<p>Nuestras opciones de colaboraci\u00f3n son flexibles para adaptarse a las diversas necesidades de nuestros socios y al cambiante panorama de la IA y las TI. Al unirte a nuestra red obtendr\u00e1s una mayor visibilidad de marca, conocimientos de expertos y valiosas colaboraciones SEO para impulsar tu presencia. Nuestras opciones de colaboraci\u00f3n incluyen la publicaci\u00f3n de art\u00edculos como invitado en nuestra plataforma, donde puedes mostrar tu experiencia, y oportunidades de publicaci\u00f3n que proporcionan enlaces dofollow a tu sitio web.  <\/p>\n\n<p>Adem\u00e1s de las colaboraciones de contenido, <strong>HelpMate <\/strong>tambi\u00e9n ofrece asociaciones de afiliaci\u00f3n para quienes deseen promocionar productos de IA y tecnolog\u00eda. A trav\u00e9s de enlaces de afiliados cuidadosamente seleccionados, conectamos a nuestra audiencia con los mejores productos y servicios de IA, nuevas tecnolog\u00edas y herramientas digitales. Estos enlaces de afiliaci\u00f3n se incrustan en nuestros art\u00edculos para que nuestros socios tengan m\u00e1s visibilidad y nuestro p\u00fablico acceda directamente a las herramientas y servicios innovadores que mejoran sus capacidades tecnol\u00f3gicas. Apoyamos a nuestros socios a la vez que compartimos soluciones de calidad que encantan a nuestra audiencia tecnol\u00f3gica.   <\/p>\n\n<h3 class=\"wp-block-heading\" id=\"sponsored-articles\">Art\u00edculos patrocinados<\/h3>\n\n<p>En HelpMate, ofrecemos oportunidades a medida para publicar art\u00edculos patrocinados que impulsen la visibilidad de tu marca en los sectores de la IA, la tecnolog\u00eda y las TI. El contenido patrocinado te permite mostrar tus productos, servicios o experiencia directamente a nuestra audiencia especializada, posicionando tu marca como l\u00edder del sector. A continuaci\u00f3n te explicamos c\u00f3mo puedes aprovechar nuestras opciones de art\u00edculos patrocinados:  <\/p>\n<div class=\"wpsm_checklist wpsm_pretty_list\"><ul><li><strong>Article Publication with 2 Dofollow Links<\/strong>: Your article will stay on our website for life, offering a lasting SEO benefit without additional promotion on the main pages. <strong>(349 PLN net)<\/strong><\/li><li><strong>Article Publication with Nofollow Links<\/strong>: A perfect option for those who want to share their expertise and insights without directly impacting SEO. <strong>(139 PLN net)<\/strong><\/li><\/ul><\/div>\n<p><strong>Ponte en contacto con nosotros para hablar de c\u00f3mo un art\u00edculo patrocinado en HelpMate puede mejorar la presencia de tu marca y conectar con nuestra comprometida comunidad tecnol\u00f3gica.<\/strong><\/p>\n\n<h3 class=\"wp-block-heading\" id=\"affiliate-partnerships\">Asociaciones de afiliados<\/h3>\n\n<p>Nuestros enlaces de afiliados te gu\u00edan a productos y servicios cuidadosamente seleccionados que se ajustan a nuestro enfoque sobre la IA y la tecnolog\u00eda. Cuando los usuarios hacen clic en estos enlaces, podemos ganar una comisi\u00f3n sobre las ventas, lo que nos ayuda a mantener la plataforma y mejorar nuestro contenido. Nuestras asociaciones de afiliados son perfectas para las marcas de IA y tecnolog\u00eda que desean llegar a un p\u00fablico m\u00e1s amplio y obtener visibilidad a trav\u00e9s de nuestra red.  <\/p>\n\n<h3 class=\"wp-block-heading\" id=\"let-s-get-started\">Empecemos<\/h3>\n\n<p>\u00bfTe interesa colaborar o afiliarte? Ponte en contacto con nosotros para hablar de c\u00f3mo podemos trabajar juntos para impulsar el progreso, el crecimiento y las conexiones en el sector. Nuestro equipo responder\u00e1 a tus preguntas, te proporcionar\u00e1 m\u00e1s informaci\u00f3n sobre nuestras asociaciones SEO y programas de afiliaci\u00f3n y te explicar\u00e1 c\u00f3mo podemos avanzar.  <\/p>\n\n<p>Conectemos con otros entusiastas de la tecnolog\u00eda que est\u00e1n moviendo la aguja en IA, TI y tecnolog\u00eda. Juntos podemos crear conexiones y asociaciones en el sector y a\u00f1adir valor a nuestra comunidad de innovadores. Ponte en contacto hoy mismo y empecemos.  <\/p>\n\n<h2 class=\"wp-block-heading\" id=\"newsletter\">Bolet\u00edn<\/h2>\n\n<p>Suscr\u00edbete a nuestro bolet\u00edn para recibir consejos de expertos, rese\u00f1as y actualizaciones exclusivas directamente en tu bandeja de entrada. No te pierdas las ideas que pueden mejorar tus proyectos digitales y hacer que la tecnolog\u00eda trabaje para ti. <\/p>\n\n<h2 class=\"wp-block-heading\" id=\"contact\">Ponte en contacto con<\/h2>\n\n<p><a href=\"mailto:info@helpmate.place\">info@helpmate.place<\/a><\/p>\n\n<p><strong>Ponte en contacto con nosotros: \u00a1estamos a s\u00f3lo un mensaje de distancia!<\/strong><\/p>\n","protected":false},"excerpt":{"rendered":"<p>Colaboraci\u00f3n En HelpMate creemos que el verdadero crecimiento proviene de la colaboraci\u00f3n, la innovaci\u00f3n y el \u00e9xito compartido. Nuestra plataforma es un espacio para la resoluci\u00f3n de problemas y las conexiones tecnol\u00f3gicas, donde todo el mundo puede reunirse para trabajar en proyectos de impacto. Ya se trate de IA, innovaci\u00f3n tecnol\u00f3gica o nuevas herramientas inform\u00e1ticas, [&hellip;]<\/p>\n","protected":false},"author":1,"featured_media":0,"parent":0,"menu_order":0,"comment_status":"closed","ping_status":"closed","template":"","meta":{"_gspb_post_css":"","footnotes":""},"class_list":["post-10170","page","type-page","status-publish","hentry"],"yoast_head":"<!-- This site is optimized with the Yoast SEO Premium plugin v26.5 (Yoast SEO v27.2) - https:\/\/yoast.com\/product\/yoast-seo-premium-wordpress\/ -->\n<title>Colaboraci\u00f3n - Revista IA e Innovaci\u00f3n: El futuro de la tecnolog\u00eda de nueva generaci\u00f3n<\/title>\n<meta name=\"robots\" content=\"index, follow, max-snippet:-1, max-image-preview:large, max-video-preview:-1\" \/>\n<link rel=\"canonical\" href=\"https:\/\/helpmate.place\/es\/colaboracion\/\" class=\"yoast-seo-meta-tag\" \/>\n<meta property=\"og:locale\" content=\"es_ES\" class=\"yoast-seo-meta-tag\" \/>\n<meta property=\"og:type\" content=\"article\" class=\"yoast-seo-meta-tag\" \/>\n<meta property=\"og:title\" content=\"Colaboraci\u00f3n\" class=\"yoast-seo-meta-tag\" \/>\n<meta property=\"og:description\" content=\"Colaboraci\u00f3n En HelpMate creemos que el verdadero crecimiento proviene de la colaboraci\u00f3n, la innovaci\u00f3n y el \u00e9xito compartido. Nuestra plataforma es un espacio para la resoluci\u00f3n de problemas y las conexiones tecnol\u00f3gicas, donde todo el mundo puede reunirse para trabajar en proyectos de impacto. Ya se trate de IA, innovaci\u00f3n tecnol\u00f3gica o nuevas herramientas inform\u00e1ticas, [&hellip;]\" class=\"yoast-seo-meta-tag\" \/>\n<meta property=\"og:url\" content=\"https:\/\/helpmate.place\/es\/colaboracion\/\" class=\"yoast-seo-meta-tag\" \/>\n<meta property=\"og:site_name\" content=\"Revista IA e Innovaci\u00f3n: El futuro de la tecnolog\u00eda de nueva generaci\u00f3n\" class=\"yoast-seo-meta-tag\" \/>\n<meta property=\"article:publisher\" content=\"https:\/\/www.facebook.com\/profile.php?id=61577530144103\" class=\"yoast-seo-meta-tag\" \/>\n<meta property=\"article:modified_time\" content=\"2025-03-19T14:51:41+00:00\" class=\"yoast-seo-meta-tag\" \/>\n<meta property=\"og:image\" content=\"https:\/\/helpmate.place\/wp-content\/uploads\/2025\/08\/helpmate-profile_page.jpg\" class=\"yoast-seo-meta-tag\" \/>\n\t<meta property=\"og:image:width\" content=\"675\" class=\"yoast-seo-meta-tag\" \/>\n\t<meta property=\"og:image:height\" content=\"675\" class=\"yoast-seo-meta-tag\" \/>\n\t<meta property=\"og:image:type\" content=\"image\/jpeg\" class=\"yoast-seo-meta-tag\" \/>\n<meta name=\"twitter:label1\" content=\"Tiempo de lectura\" class=\"yoast-seo-meta-tag\" \/>\n\t<meta name=\"twitter:data1\" content=\"3 minutos\" class=\"yoast-seo-meta-tag\" \/>\n<script type=\"application\/ld+json\" class=\"yoast-schema-graph\">{\"@context\":\"https:\/\/schema.org\",\"@graph\":[{\"@type\":\"WebPage\",\"@id\":\"https:\/\/helpmate.place\/es\/colaboracion\/\",\"url\":\"https:\/\/helpmate.place\/es\/colaboracion\/\",\"name\":\"Colaboraci\u00f3n - Revista IA e Innovaci\u00f3n: El futuro de la tecnolog\u00eda de nueva generaci\u00f3n\",\"isPartOf\":{\"@id\":\"https:\/\/helpmate.place\/#website\"},\"datePublished\":\"2021-06-02T15:13:59+00:00\",\"dateModified\":\"2025-03-19T14:51:41+00:00\",\"breadcrumb\":{\"@id\":\"https:\/\/helpmate.place\/es\/colaboracion\/#breadcrumb\"},\"inLanguage\":\"es\",\"potentialAction\":[{\"@type\":\"ReadAction\",\"target\":[\"https:\/\/helpmate.place\/es\/colaboracion\/\"]}]},{\"@type\":\"BreadcrumbList\",\"@id\":\"https:\/\/helpmate.place\/es\/colaboracion\/#breadcrumb\",\"itemListElement\":[{\"@type\":\"ListItem\",\"position\":1,\"name\":\"Home\",\"item\":\"https:\/\/helpmate.place\/es\/\"},{\"@type\":\"ListItem\",\"position\":2,\"name\":\"Colaboraci\u00f3n\"}]},{\"@type\":\"WebSite\",\"@id\":\"https:\/\/helpmate.place\/#website\",\"url\":\"https:\/\/helpmate.place\/\",\"name\":\"Smart gadgets, new technologies, tips and reviews.\",\"description\":\"Encuentra las mejores opiniones\",\"publisher\":{\"@id\":\"https:\/\/helpmate.place\/#organization\"},\"alternateName\":\"Helpmate.Place\",\"potentialAction\":[{\"@type\":\"SearchAction\",\"target\":{\"@type\":\"EntryPoint\",\"urlTemplate\":\"https:\/\/helpmate.place\/?s={search_term_string}\"},\"query-input\":{\"@type\":\"PropertyValueSpecification\",\"valueRequired\":true,\"valueName\":\"search_term_string\"}}],\"inLanguage\":\"es\"},{\"@type\":\"Organization\",\"@id\":\"https:\/\/helpmate.place\/#organization\",\"name\":\"HelpMatePlace\",\"alternateName\":\"HelpMate\",\"url\":\"https:\/\/helpmate.place\/\",\"logo\":{\"@type\":\"ImageObject\",\"inLanguage\":\"es\",\"@id\":\"https:\/\/helpmate.place\/#\/schema\/logo\/image\/\",\"url\":\"https:\/\/helpmate.place\/wp-content\/uploads\/2025\/08\/helpmate-profile_page.jpg\",\"contentUrl\":\"https:\/\/helpmate.place\/wp-content\/uploads\/2025\/08\/helpmate-profile_page.jpg\",\"width\":675,\"height\":675,\"caption\":\"HelpMatePlace\"},\"image\":{\"@id\":\"https:\/\/helpmate.place\/#\/schema\/logo\/image\/\"},\"sameAs\":[\"https:\/\/www.facebook.com\/profile.php?id=61577530144103\",\"https:\/\/www.instagram.com\/helpmate.place\/\",\"https:\/\/www.youtube.com\/@HelpmatePlace_PL\",\"https:\/\/pl.pinterest.com\/HelpMate_PL\/\"],\"description\":\"HelpMate_PL to spo\u0142eczno\u015b\u0107 technologiczna zapewniaj\u0105ca rzetelne rekomendacje RTV i AGD, u\u0142atwiaj\u0105ce codzienne \u017cycie dzi\u0119ki wsp\u00f3\u0142pracy z renomowanymi producentami. Wspieramy \u015bwiadome zakupy, oferuj\u0105c obiektywne porady. Jako Partner Amazon, Temu, Aliexpress, Media Expert, x-kom, Komputronik i rtv euro agd otrzymujemy niewielkie wynagrodzenie za okre\u015blone transakcje. Do\u0142\u0105cz do nas, by odkry\u0107 innowacyjne rozwi\u0105zania!\",\"email\":\"info@helpmate.place\",\"telephone\":\"+48 693 288 385\",\"legalName\":\"Skrivanek Sp. z o.o.\",\"foundingDate\":\"1997-01-01\",\"vatID\":\"634-22-45-400\",\"taxID\":\"273716037\",\"numberOfEmployees\":{\"@type\":\"QuantitativeValue\",\"minValue\":\"51\",\"maxValue\":\"200\"},\"publishingPrinciples\":\"https:\/\/helpmate.place\/\",\"ownershipFundingInfo\":\"https:\/\/helpmate.place\/o-nas\/\",\"actionableFeedbackPolicy\":\"https:\/\/helpmate.place\/wspolpraca\/\",\"correctionsPolicy\":\"https:\/\/helpmate.place\/wspolpraca\/\",\"ethicsPolicy\":\"https:\/\/helpmate.place\/o-nas\/\",\"diversityPolicy\":\"https:\/\/helpmate.place\/o-nas\/\",\"diversityStaffingReport\":\"https:\/\/helpmate.place\/o-nas\/\"}]}<\/script>\n<!-- \/ Yoast SEO Premium plugin. -->","yoast_head_json":{"title":"Colaboraci\u00f3n - Revista IA e Innovaci\u00f3n: El futuro de la tecnolog\u00eda de nueva generaci\u00f3n","robots":{"index":"index","follow":"follow","max-snippet":"max-snippet:-1","max-image-preview":"max-image-preview:large","max-video-preview":"max-video-preview:-1"},"canonical":"https:\/\/helpmate.place\/es\/colaboracion\/","og_locale":"es_ES","og_type":"article","og_title":"Colaboraci\u00f3n","og_description":"Colaboraci\u00f3n En HelpMate creemos que el verdadero crecimiento proviene de la colaboraci\u00f3n, la innovaci\u00f3n y el \u00e9xito compartido. Nuestra plataforma es un espacio para la resoluci\u00f3n de problemas y las conexiones tecnol\u00f3gicas, donde todo el mundo puede reunirse para trabajar en proyectos de impacto. Ya se trate de IA, innovaci\u00f3n tecnol\u00f3gica o nuevas herramientas inform\u00e1ticas, [&hellip;]","og_url":"https:\/\/helpmate.place\/es\/colaboracion\/","og_site_name":"Revista IA e Innovaci\u00f3n: El futuro de la tecnolog\u00eda de nueva generaci\u00f3n","article_publisher":"https:\/\/www.facebook.com\/profile.php?id=61577530144103","article_modified_time":"2025-03-19T14:51:41+00:00","og_image":[{"width":675,"height":675,"url":"https:\/\/helpmate.place\/wp-content\/uploads\/2025\/08\/helpmate-profile_page.jpg","type":"image\/jpeg"}],"twitter_misc":{"Tiempo de lectura":"3 minutos"},"schema":{"@context":"https:\/\/schema.org","@graph":[{"@type":"WebPage","@id":"https:\/\/helpmate.place\/es\/colaboracion\/","url":"https:\/\/helpmate.place\/es\/colaboracion\/","name":"Colaboraci\u00f3n - Revista IA e Innovaci\u00f3n: El futuro de la tecnolog\u00eda de nueva generaci\u00f3n","isPartOf":{"@id":"https:\/\/helpmate.place\/#website"},"datePublished":"2021-06-02T15:13:59+00:00","dateModified":"2025-03-19T14:51:41+00:00","breadcrumb":{"@id":"https:\/\/helpmate.place\/es\/colaboracion\/#breadcrumb"},"inLanguage":"es","potentialAction":[{"@type":"ReadAction","target":["https:\/\/helpmate.place\/es\/colaboracion\/"]}]},{"@type":"BreadcrumbList","@id":"https:\/\/helpmate.place\/es\/colaboracion\/#breadcrumb","itemListElement":[{"@type":"ListItem","position":1,"name":"Home","item":"https:\/\/helpmate.place\/es\/"},{"@type":"ListItem","position":2,"name":"Colaboraci\u00f3n"}]},{"@type":"WebSite","@id":"https:\/\/helpmate.place\/#website","url":"https:\/\/helpmate.place\/","name":"Smart gadgets, new technologies, tips and reviews.","description":"Encuentra las mejores opiniones","publisher":{"@id":"https:\/\/helpmate.place\/#organization"},"alternateName":"Helpmate.Place","potentialAction":[{"@type":"SearchAction","target":{"@type":"EntryPoint","urlTemplate":"https:\/\/helpmate.place\/?s={search_term_string}"},"query-input":{"@type":"PropertyValueSpecification","valueRequired":true,"valueName":"search_term_string"}}],"inLanguage":"es"},{"@type":"Organization","@id":"https:\/\/helpmate.place\/#organization","name":"HelpMatePlace","alternateName":"HelpMate","url":"https:\/\/helpmate.place\/","logo":{"@type":"ImageObject","inLanguage":"es","@id":"https:\/\/helpmate.place\/#\/schema\/logo\/image\/","url":"https:\/\/helpmate.place\/wp-content\/uploads\/2025\/08\/helpmate-profile_page.jpg","contentUrl":"https:\/\/helpmate.place\/wp-content\/uploads\/2025\/08\/helpmate-profile_page.jpg","width":675,"height":675,"caption":"HelpMatePlace"},"image":{"@id":"https:\/\/helpmate.place\/#\/schema\/logo\/image\/"},"sameAs":["https:\/\/www.facebook.com\/profile.php?id=61577530144103","https:\/\/www.instagram.com\/helpmate.place\/","https:\/\/www.youtube.com\/@HelpmatePlace_PL","https:\/\/pl.pinterest.com\/HelpMate_PL\/"],"description":"HelpMate_PL to spo\u0142eczno\u015b\u0107 technologiczna zapewniaj\u0105ca rzetelne rekomendacje RTV i AGD, u\u0142atwiaj\u0105ce codzienne \u017cycie dzi\u0119ki wsp\u00f3\u0142pracy z renomowanymi producentami. Wspieramy \u015bwiadome zakupy, oferuj\u0105c obiektywne porady. Jako Partner Amazon, Temu, Aliexpress, Media Expert, x-kom, Komputronik i rtv euro agd otrzymujemy niewielkie wynagrodzenie za okre\u015blone transakcje. Do\u0142\u0105cz do nas, by odkry\u0107 innowacyjne rozwi\u0105zania!","email":"info@helpmate.place","telephone":"+48 693 288 385","legalName":"Skrivanek Sp. z o.o.","foundingDate":"1997-01-01","vatID":"634-22-45-400","taxID":"273716037","numberOfEmployees":{"@type":"QuantitativeValue","minValue":"51","maxValue":"200"},"publishingPrinciples":"https:\/\/helpmate.place\/","ownershipFundingInfo":"https:\/\/helpmate.place\/o-nas\/","actionableFeedbackPolicy":"https:\/\/helpmate.place\/wspolpraca\/","correctionsPolicy":"https:\/\/helpmate.place\/wspolpraca\/","ethicsPolicy":"https:\/\/helpmate.place\/o-nas\/","diversityPolicy":"https:\/\/helpmate.place\/o-nas\/","diversityStaffingReport":"https:\/\/helpmate.place\/o-nas\/"}]}},"_links":{"self":[{"href":"https:\/\/helpmate.place\/es\/wp-json\/wp\/v2\/pages\/10170","targetHints":{"allow":["GET"]}}],"collection":[{"href":"https:\/\/helpmate.place\/es\/wp-json\/wp\/v2\/pages"}],"about":[{"href":"https:\/\/helpmate.place\/es\/wp-json\/wp\/v2\/types\/page"}],"author":[{"embeddable":true,"href":"https:\/\/helpmate.place\/es\/wp-json\/wp\/v2\/users\/1"}],"replies":[{"embeddable":true,"href":"https:\/\/helpmate.place\/es\/wp-json\/wp\/v2\/comments?post=10170"}],"version-history":[{"count":1,"href":"https:\/\/helpmate.place\/es\/wp-json\/wp\/v2\/pages\/10170\/revisions"}],"predecessor-version":[{"id":10173,"href":"https:\/\/helpmate.place\/es\/wp-json\/wp\/v2\/pages\/10170\/revisions\/10173"}],"wp:attachment":[{"href":"https:\/\/helpmate.place\/es\/wp-json\/wp\/v2\/media?parent=10170"}],"curies":[{"name":"wp","href":"https:\/\/api.w.org\/{rel}","templated":true}]}}