{"id":10186,"date":"2022-01-15T20:59:41","date_gmt":"2022-01-15T20:59:41","guid":{"rendered":"https:\/\/helpmate.place\/sobre-nosotros\/"},"modified":"2025-03-19T14:55:10","modified_gmt":"2025-03-19T14:55:10","slug":"sobre-nosotros","status":"publish","type":"page","link":"https:\/\/helpmate.place\/es\/sobre-nosotros\/","title":{"rendered":"Sobre nosotros"},"content":{"rendered":"\n<div class=\"wp-block-cover alignfull\" style=\"min-height:259px;aspect-ratio:unset;\"><span aria-hidden=\"true\" class=\"wp-block-cover__background has-background-dim-100 has-background-dim has-background-gradient\" style=\"background:linear-gradient(135deg,rgb(6,147,227) 0%,rgb(25,8,107) 100%)\"><\/span><div class=\"wp-block-cover__inner-container is-layout-flow wp-block-cover-is-layout-flow\">\n<h2 class=\"wp-block-heading has-luminous-vivid-amber-color has-text-color\" id=\"welcome-to-helpmate\" style=\"line-height:1\"><strong>Bienvenido a HelpMate<\/strong><\/h2>\n\n\n\n<p class=\"has-text-align-left has-white-color has-text-color\" style=\"font-size:40px;line-height:1\"><strong>Tu gu\u00eda en el mundo digital<\/strong><\/p>\n<\/div><\/div>\n\n<div style=\"height:15px\" aria-hidden=\"true\" class=\"wp-block-spacer\"><\/div>\n\n<div style=\"height:24px\" aria-hidden=\"true\" class=\"wp-block-spacer\"><\/div>\n\n<p>Conectemos con otros entusiastas de la tecnolog\u00eda que est\u00e1n moviendo la aguja en IA, TI y tecnolog\u00eda. Juntos podemos crear conexiones y asociaciones en el sector y a\u00f1adir valor a nuestra comunidad de innovadores. Ponte en contacto hoy mismo y empecemos.  <\/p>\n\n<p>En HelpMate, somos un equipo de profesionales y entusiastas de la tecnolog\u00eda dedicados a proporcionar contenido informativo y de calidad a nuestra audiencia. Nos esforzamos por ser una fuente fiable y de confianza de informaci\u00f3n imparcial que respalde consejos procesables. <\/p>\n\n<p>Nos enorgullecemos de ser exhaustivos, proporcionando revisiones en profundidad y an\u00e1lisis detallados de la informaci\u00f3n para ayudarte a evaluar los riesgos de la actividad y a tomar decisiones con conocimiento de causa.<\/p>\n\n<h2 class=\"wp-block-heading\" id=\"our-story\">Nuestra historia<\/h2>\n\n<p>Todo a partir de una idea sencilla: que todo el mundo merece una orientaci\u00f3n clara e imparcial en el mundo de la tecnolog\u00eda. HelpMate ha crecido hasta convertirse en una comunidad de entusiastas de la tecnolog\u00eda y solucionadores de problemas, en la que llevamos a cabo diversas actividades para apoyar a nuestra comunidad, incluidas oportunidades para establecer contactos empresariales. <\/p>\n\n<p>Incluso con a\u00f1os de experiencia y un enfoque de servicio al cliente, sabemos lo dif\u00edcil que es mantenerse al d\u00eda con la tecnolog\u00eda en constante cambio, por eso estamos aqu\u00ed para ser tu compinche.<\/p>\n\n<h2 class=\"wp-block-heading\" id=\"why-do-we-stand-out\">\u00bfPor qu\u00e9 destacamos?<\/h2>\n\n<p>Adoptamos un enfoque pr\u00e1ctico en las pruebas y revisiones:<\/p>\n<div class=\"wpsm_checklist wpsm_pretty_list\"><ul><li>Software solutions and AI tools<\/li><li>SEO strategies and digital marketing tools<\/li><li>Gaming technologies and experiences<\/li><li>Content Management Systems<\/li><\/ul><\/div>\n<p>Nuestro grupo est\u00e1 formado por profesionales experimentados, cada uno de los cuales aporta su experiencia \u00fanica. Hacemos algo m\u00e1s que rascar la superficie: profundizamos en cada uno de los productos y servicios que revisamos, asegur\u00e1ndonos de que obtienes una visi\u00f3n completa y pr\u00e1ctica que importa. Nuestras revisiones abarcan una amplia gama de servicios tecnol\u00f3gicos y productos digitales, como software, SEO, herramientas de IA y sistemas de gesti\u00f3n de contenidos, lo que demuestra nuestra amplia dedicaci\u00f3n y nuestro inquebrantable compromiso con la calidad.  <\/p>\n\n<h2 class=\"wp-block-heading\" id=\"our-mission\">Nuestra misi\u00f3n<\/h2>\n\n<p>Nuestro objetivo es sencillo: ayudarte a tomar decisiones excelentes sobre la tecnolog\u00eda que utilizas. Los art\u00edculos que elaboramos proporcionan informes e informaci\u00f3n esenciales sobre distintos programas y software, ayudando a las empresas a comprender los riesgos potenciales y a asegurarse de que disponen de informaci\u00f3n precisa y actualizada. <\/p>\n\n<p>Creemos en:<\/p>\n<div class=\"wpsm_checklist wpsm_pretty_list\"><ul><li>Delivering honest, unbiased reviews<\/li><li>Making complex technology accessible<\/li><li>Building a community of informed tech users<\/li><li>Staying ahead of digital trends<\/li><li>Providing practical, actionable advice<\/li><\/ul><\/div>\n<h2 class=\"wp-block-heading\" id=\"how-we-work-our-services\">C\u00f3mo trabajamos: Nuestros Servicios<\/h2>\n\n<p>Cada rese\u00f1a y art\u00edculo que publicamos pasa por un proceso de evaluaci\u00f3n, en el que se destacan las principales actividades y servicios de HelpMate. Ofrecemos una amplia gama de productos y servicios para satisfacer las diversas necesidades de nuestros clientes. Probamos los productos en escenarios reales, documentamos nuestros hallazgos y compartimos tanto los puntos fuertes como las limitaciones que descubrimos.  <\/p>\n\n<p>Formamos parte de programas publicitarios de afiliaci\u00f3n, lo que significa que ganamos una comisi\u00f3n si enlazamos a un producto o servicio. S\u00f3lo mostramos el mejor y m\u00e1s valioso contenido a nuestros lectores. <\/p>\n\n<p>Si un producto o servicio que recomendamos tiene un programa de afiliados, es posible que utilicemos enlaces de afiliados, pero esto no afecta a nuestro proceso de selecci\u00f3n, ya que tu confianza sigue siendo siempre nuestra prioridad. Utilizar nuestros enlaces de afiliados no te cuesta nada extra como consumidor, lo que garantiza que tu precio de compra sigue siendo el mismo. <\/p>\n\n<h2 class=\"wp-block-heading\" id=\"joinourbusiness\">\u00danete a nuestro viaje empresarial<\/h2>\n\n<p>Si eres un profesional de la tecnolog\u00eda, el propietario de una empresa o simplemente alguien interesado en estar al d\u00eda en tecnolog\u00eda y obtener informaci\u00f3n detallada sobre diversos aspectos digitales, HelpMate es tu compa\u00f1ero de confianza. Conecta con nosotros a trav\u00e9s de nuestro bolet\u00edn, s\u00edguenos en las redes sociales y forma parte de nuestra creciente comunidad de entusiastas de la tecnolog\u00eda. <\/p>\n\n<p>Empecemos &#8211; <a href=\"mailto:info@helpmate.place\">info@helpmate.place<\/a><\/p>\n\n<p><\/p>\n","protected":false},"excerpt":{"rendered":"<p>Conectemos con otros entusiastas de la tecnolog\u00eda que est\u00e1n moviendo la aguja en IA, TI y tecnolog\u00eda. Juntos podemos crear conexiones y asociaciones en el sector y a\u00f1adir valor a nuestra comunidad de innovadores. Ponte en contacto hoy mismo y empecemos. En HelpMate, somos un equipo de profesionales y entusiastas de la tecnolog\u00eda dedicados a [&hellip;]<\/p>\n","protected":false},"author":1,"featured_media":0,"parent":0,"menu_order":0,"comment_status":"closed","ping_status":"closed","template":"","meta":{"_gspb_post_css":"","footnotes":""},"class_list":["post-10186","page","type-page","status-publish","hentry"],"yoast_head":"<!-- This site is optimized with the Yoast SEO Premium plugin v26.5 (Yoast SEO v27.2) - https:\/\/yoast.com\/product\/yoast-seo-premium-wordpress\/ -->\n<title>Sobre nosotros - Revista IA e Innovaci\u00f3n: El futuro de la tecnolog\u00eda de nueva generaci\u00f3n<\/title>\n<meta name=\"robots\" content=\"index, follow, max-snippet:-1, max-image-preview:large, max-video-preview:-1\" \/>\n<link rel=\"canonical\" href=\"https:\/\/helpmate.place\/es\/sobre-nosotros\/\" class=\"yoast-seo-meta-tag\" \/>\n<meta property=\"og:locale\" content=\"es_ES\" class=\"yoast-seo-meta-tag\" \/>\n<meta property=\"og:type\" content=\"article\" class=\"yoast-seo-meta-tag\" \/>\n<meta property=\"og:title\" content=\"Sobre nosotros\" class=\"yoast-seo-meta-tag\" \/>\n<meta property=\"og:description\" content=\"Conectemos con otros entusiastas de la tecnolog\u00eda que est\u00e1n moviendo la aguja en IA, TI y tecnolog\u00eda. Juntos podemos crear conexiones y asociaciones en el sector y a\u00f1adir valor a nuestra comunidad de innovadores. Ponte en contacto hoy mismo y empecemos. En HelpMate, somos un equipo de profesionales y entusiastas de la tecnolog\u00eda dedicados a [&hellip;]\" class=\"yoast-seo-meta-tag\" \/>\n<meta property=\"og:url\" content=\"https:\/\/helpmate.place\/es\/sobre-nosotros\/\" class=\"yoast-seo-meta-tag\" \/>\n<meta property=\"og:site_name\" content=\"Revista IA e Innovaci\u00f3n: El futuro de la tecnolog\u00eda de nueva generaci\u00f3n\" class=\"yoast-seo-meta-tag\" \/>\n<meta property=\"article:publisher\" content=\"https:\/\/www.facebook.com\/profile.php?id=61577530144103\" class=\"yoast-seo-meta-tag\" \/>\n<meta property=\"article:modified_time\" content=\"2025-03-19T14:55:10+00:00\" class=\"yoast-seo-meta-tag\" \/>\n<meta property=\"og:image\" content=\"https:\/\/helpmate.place\/wp-content\/uploads\/2025\/08\/helpmate-profile_page.jpg\" class=\"yoast-seo-meta-tag\" \/>\n\t<meta property=\"og:image:width\" content=\"675\" class=\"yoast-seo-meta-tag\" \/>\n\t<meta property=\"og:image:height\" content=\"675\" class=\"yoast-seo-meta-tag\" \/>\n\t<meta property=\"og:image:type\" content=\"image\/jpeg\" class=\"yoast-seo-meta-tag\" \/>\n<meta name=\"twitter:label1\" content=\"Tiempo de lectura\" class=\"yoast-seo-meta-tag\" \/>\n\t<meta name=\"twitter:data1\" content=\"3 minutos\" class=\"yoast-seo-meta-tag\" \/>\n<script type=\"application\/ld+json\" class=\"yoast-schema-graph\">{\"@context\":\"https:\/\/schema.org\",\"@graph\":[{\"@type\":\"WebPage\",\"@id\":\"https:\/\/helpmate.place\/es\/sobre-nosotros\/\",\"url\":\"https:\/\/helpmate.place\/es\/sobre-nosotros\/\",\"name\":\"Sobre nosotros - Revista IA e Innovaci\u00f3n: El futuro de la tecnolog\u00eda de nueva generaci\u00f3n\",\"isPartOf\":{\"@id\":\"https:\/\/helpmate.place\/#website\"},\"datePublished\":\"2022-01-15T20:59:41+00:00\",\"dateModified\":\"2025-03-19T14:55:10+00:00\",\"breadcrumb\":{\"@id\":\"https:\/\/helpmate.place\/es\/sobre-nosotros\/#breadcrumb\"},\"inLanguage\":\"es\",\"potentialAction\":[{\"@type\":\"ReadAction\",\"target\":[\"https:\/\/helpmate.place\/es\/sobre-nosotros\/\"]}]},{\"@type\":\"BreadcrumbList\",\"@id\":\"https:\/\/helpmate.place\/es\/sobre-nosotros\/#breadcrumb\",\"itemListElement\":[{\"@type\":\"ListItem\",\"position\":1,\"name\":\"Home\",\"item\":\"https:\/\/helpmate.place\/es\/\"},{\"@type\":\"ListItem\",\"position\":2,\"name\":\"Sobre nosotros\"}]},{\"@type\":\"WebSite\",\"@id\":\"https:\/\/helpmate.place\/#website\",\"url\":\"https:\/\/helpmate.place\/\",\"name\":\"Smart gadgets, new technologies, tips and reviews.\",\"description\":\"Encuentra las mejores opiniones\",\"publisher\":{\"@id\":\"https:\/\/helpmate.place\/#organization\"},\"alternateName\":\"Helpmate.Place\",\"potentialAction\":[{\"@type\":\"SearchAction\",\"target\":{\"@type\":\"EntryPoint\",\"urlTemplate\":\"https:\/\/helpmate.place\/?s={search_term_string}\"},\"query-input\":{\"@type\":\"PropertyValueSpecification\",\"valueRequired\":true,\"valueName\":\"search_term_string\"}}],\"inLanguage\":\"es\"},{\"@type\":\"Organization\",\"@id\":\"https:\/\/helpmate.place\/#organization\",\"name\":\"HelpMatePlace\",\"alternateName\":\"HelpMate\",\"url\":\"https:\/\/helpmate.place\/\",\"logo\":{\"@type\":\"ImageObject\",\"inLanguage\":\"es\",\"@id\":\"https:\/\/helpmate.place\/#\/schema\/logo\/image\/\",\"url\":\"https:\/\/helpmate.place\/wp-content\/uploads\/2025\/08\/helpmate-profile_page.jpg\",\"contentUrl\":\"https:\/\/helpmate.place\/wp-content\/uploads\/2025\/08\/helpmate-profile_page.jpg\",\"width\":675,\"height\":675,\"caption\":\"HelpMatePlace\"},\"image\":{\"@id\":\"https:\/\/helpmate.place\/#\/schema\/logo\/image\/\"},\"sameAs\":[\"https:\/\/www.facebook.com\/profile.php?id=61577530144103\",\"https:\/\/www.instagram.com\/helpmate.place\/\",\"https:\/\/www.youtube.com\/@HelpmatePlace_PL\",\"https:\/\/pl.pinterest.com\/HelpMate_PL\/\"],\"description\":\"HelpMate_PL to spo\u0142eczno\u015b\u0107 technologiczna zapewniaj\u0105ca rzetelne rekomendacje RTV i AGD, u\u0142atwiaj\u0105ce codzienne \u017cycie dzi\u0119ki wsp\u00f3\u0142pracy z renomowanymi producentami. Wspieramy \u015bwiadome zakupy, oferuj\u0105c obiektywne porady. Jako Partner Amazon, Temu, Aliexpress, Media Expert, x-kom, Komputronik i rtv euro agd otrzymujemy niewielkie wynagrodzenie za okre\u015blone transakcje. Do\u0142\u0105cz do nas, by odkry\u0107 innowacyjne rozwi\u0105zania!\",\"email\":\"info@helpmate.place\",\"telephone\":\"+48 693 288 385\",\"legalName\":\"Skrivanek Sp. z o.o.\",\"foundingDate\":\"1997-01-01\",\"vatID\":\"634-22-45-400\",\"taxID\":\"273716037\",\"numberOfEmployees\":{\"@type\":\"QuantitativeValue\",\"minValue\":\"51\",\"maxValue\":\"200\"},\"publishingPrinciples\":\"https:\/\/helpmate.place\/\",\"ownershipFundingInfo\":\"https:\/\/helpmate.place\/o-nas\/\",\"actionableFeedbackPolicy\":\"https:\/\/helpmate.place\/wspolpraca\/\",\"correctionsPolicy\":\"https:\/\/helpmate.place\/wspolpraca\/\",\"ethicsPolicy\":\"https:\/\/helpmate.place\/o-nas\/\",\"diversityPolicy\":\"https:\/\/helpmate.place\/o-nas\/\",\"diversityStaffingReport\":\"https:\/\/helpmate.place\/o-nas\/\"}]}<\/script>\n<!-- \/ Yoast SEO Premium plugin. -->","yoast_head_json":{"title":"Sobre nosotros - Revista IA e Innovaci\u00f3n: El futuro de la tecnolog\u00eda de nueva generaci\u00f3n","robots":{"index":"index","follow":"follow","max-snippet":"max-snippet:-1","max-image-preview":"max-image-preview:large","max-video-preview":"max-video-preview:-1"},"canonical":"https:\/\/helpmate.place\/es\/sobre-nosotros\/","og_locale":"es_ES","og_type":"article","og_title":"Sobre nosotros","og_description":"Conectemos con otros entusiastas de la tecnolog\u00eda que est\u00e1n moviendo la aguja en IA, TI y tecnolog\u00eda. Juntos podemos crear conexiones y asociaciones en el sector y a\u00f1adir valor a nuestra comunidad de innovadores. Ponte en contacto hoy mismo y empecemos. En HelpMate, somos un equipo de profesionales y entusiastas de la tecnolog\u00eda dedicados a [&hellip;]","og_url":"https:\/\/helpmate.place\/es\/sobre-nosotros\/","og_site_name":"Revista IA e Innovaci\u00f3n: El futuro de la tecnolog\u00eda de nueva generaci\u00f3n","article_publisher":"https:\/\/www.facebook.com\/profile.php?id=61577530144103","article_modified_time":"2025-03-19T14:55:10+00:00","og_image":[{"width":675,"height":675,"url":"https:\/\/helpmate.place\/wp-content\/uploads\/2025\/08\/helpmate-profile_page.jpg","type":"image\/jpeg"}],"twitter_misc":{"Tiempo de lectura":"3 minutos"},"schema":{"@context":"https:\/\/schema.org","@graph":[{"@type":"WebPage","@id":"https:\/\/helpmate.place\/es\/sobre-nosotros\/","url":"https:\/\/helpmate.place\/es\/sobre-nosotros\/","name":"Sobre nosotros - Revista IA e Innovaci\u00f3n: El futuro de la tecnolog\u00eda de nueva generaci\u00f3n","isPartOf":{"@id":"https:\/\/helpmate.place\/#website"},"datePublished":"2022-01-15T20:59:41+00:00","dateModified":"2025-03-19T14:55:10+00:00","breadcrumb":{"@id":"https:\/\/helpmate.place\/es\/sobre-nosotros\/#breadcrumb"},"inLanguage":"es","potentialAction":[{"@type":"ReadAction","target":["https:\/\/helpmate.place\/es\/sobre-nosotros\/"]}]},{"@type":"BreadcrumbList","@id":"https:\/\/helpmate.place\/es\/sobre-nosotros\/#breadcrumb","itemListElement":[{"@type":"ListItem","position":1,"name":"Home","item":"https:\/\/helpmate.place\/es\/"},{"@type":"ListItem","position":2,"name":"Sobre nosotros"}]},{"@type":"WebSite","@id":"https:\/\/helpmate.place\/#website","url":"https:\/\/helpmate.place\/","name":"Smart gadgets, new technologies, tips and reviews.","description":"Encuentra las mejores opiniones","publisher":{"@id":"https:\/\/helpmate.place\/#organization"},"alternateName":"Helpmate.Place","potentialAction":[{"@type":"SearchAction","target":{"@type":"EntryPoint","urlTemplate":"https:\/\/helpmate.place\/?s={search_term_string}"},"query-input":{"@type":"PropertyValueSpecification","valueRequired":true,"valueName":"search_term_string"}}],"inLanguage":"es"},{"@type":"Organization","@id":"https:\/\/helpmate.place\/#organization","name":"HelpMatePlace","alternateName":"HelpMate","url":"https:\/\/helpmate.place\/","logo":{"@type":"ImageObject","inLanguage":"es","@id":"https:\/\/helpmate.place\/#\/schema\/logo\/image\/","url":"https:\/\/helpmate.place\/wp-content\/uploads\/2025\/08\/helpmate-profile_page.jpg","contentUrl":"https:\/\/helpmate.place\/wp-content\/uploads\/2025\/08\/helpmate-profile_page.jpg","width":675,"height":675,"caption":"HelpMatePlace"},"image":{"@id":"https:\/\/helpmate.place\/#\/schema\/logo\/image\/"},"sameAs":["https:\/\/www.facebook.com\/profile.php?id=61577530144103","https:\/\/www.instagram.com\/helpmate.place\/","https:\/\/www.youtube.com\/@HelpmatePlace_PL","https:\/\/pl.pinterest.com\/HelpMate_PL\/"],"description":"HelpMate_PL to spo\u0142eczno\u015b\u0107 technologiczna zapewniaj\u0105ca rzetelne rekomendacje RTV i AGD, u\u0142atwiaj\u0105ce codzienne \u017cycie dzi\u0119ki wsp\u00f3\u0142pracy z renomowanymi producentami. Wspieramy \u015bwiadome zakupy, oferuj\u0105c obiektywne porady. Jako Partner Amazon, Temu, Aliexpress, Media Expert, x-kom, Komputronik i rtv euro agd otrzymujemy niewielkie wynagrodzenie za okre\u015blone transakcje. Do\u0142\u0105cz do nas, by odkry\u0107 innowacyjne rozwi\u0105zania!","email":"info@helpmate.place","telephone":"+48 693 288 385","legalName":"Skrivanek Sp. z o.o.","foundingDate":"1997-01-01","vatID":"634-22-45-400","taxID":"273716037","numberOfEmployees":{"@type":"QuantitativeValue","minValue":"51","maxValue":"200"},"publishingPrinciples":"https:\/\/helpmate.place\/","ownershipFundingInfo":"https:\/\/helpmate.place\/o-nas\/","actionableFeedbackPolicy":"https:\/\/helpmate.place\/wspolpraca\/","correctionsPolicy":"https:\/\/helpmate.place\/wspolpraca\/","ethicsPolicy":"https:\/\/helpmate.place\/o-nas\/","diversityPolicy":"https:\/\/helpmate.place\/o-nas\/","diversityStaffingReport":"https:\/\/helpmate.place\/o-nas\/"}]}},"_links":{"self":[{"href":"https:\/\/helpmate.place\/es\/wp-json\/wp\/v2\/pages\/10186","targetHints":{"allow":["GET"]}}],"collection":[{"href":"https:\/\/helpmate.place\/es\/wp-json\/wp\/v2\/pages"}],"about":[{"href":"https:\/\/helpmate.place\/es\/wp-json\/wp\/v2\/types\/page"}],"author":[{"embeddable":true,"href":"https:\/\/helpmate.place\/es\/wp-json\/wp\/v2\/users\/1"}],"replies":[{"embeddable":true,"href":"https:\/\/helpmate.place\/es\/wp-json\/wp\/v2\/comments?post=10186"}],"version-history":[{"count":1,"href":"https:\/\/helpmate.place\/es\/wp-json\/wp\/v2\/pages\/10186\/revisions"}],"predecessor-version":[{"id":10188,"href":"https:\/\/helpmate.place\/es\/wp-json\/wp\/v2\/pages\/10186\/revisions\/10188"}],"wp:attachment":[{"href":"https:\/\/helpmate.place\/es\/wp-json\/wp\/v2\/media?parent=10186"}],"curies":[{"name":"wp","href":"https:\/\/api.w.org\/{rel}","templated":true}]}}