{"id":10895,"date":"2020-02-11T18:00:08","date_gmt":"2020-02-11T18:00:08","guid":{"rendered":"https:\/\/helpmate.place\/politica-de-privacidad\/"},"modified":"2025-02-27T14:17:15","modified_gmt":"2025-02-27T14:17:15","slug":"politica-de-privacidad","status":"publish","type":"page","link":"https:\/\/helpmate.place\/es\/politica-de-privacidad\/","title":{"rendered":"Pol\u00edtica de privacidad"},"content":{"rendered":"\n<ol class=\"wp-block-list\">\n<li><strong>Introducci\u00f3n<\/strong><\/li>\n<\/ol>\n\n<p>Bienvenido a HelpMate (\u00abnosotros\u00bb, \u00abnos\u00bb, \u00abnuestro\u00bb). Nos comprometemos a salvaguardar tu privacidad y a garantizar la protecci\u00f3n de tus datos personales. Esta Pol\u00edtica de privacidad describe c\u00f3mo recogemos, procesamos y protegemos tu informaci\u00f3n cuando utilizas nuestro sitio web, https:\/\/helpmate.place\/ (\u00abSitio web\u00bb).  <\/p>\n\n<ol start=\"2\" class=\"wp-block-list\">\n<li><strong>Controlador de datos e informaci\u00f3n de contacto<\/strong><\/li>\n<\/ol>\n\n<p>El responsable del tratamiento de tus datos personales es HelpMate. Si tienes alguna pregunta o duda sobre esta Pol\u00edtica de Privacidad o nuestras pr\u00e1cticas de procesamiento de datos, ponte en contacto con nosotros en: <\/p>\n\n<p>Correo electr\u00f3nico: info@helpmate.place <br\/>Direcci\u00f3n: Skrivanek sp. z o.o., Plac Konstytucji 6\/75, 00-550 Varsovia, Polonia <\/p>\n\n<ol start=\"3\" class=\"wp-block-list\">\n<li><strong>Informaci\u00f3n que recogemos<\/strong><\/li>\n<\/ol>\n\n<p>Podemos recoger y tratar las siguientes categor\u00edas de datos personales:<\/p>\n\n<ul class=\"wp-block-list\">\n<li><strong>Informaci\u00f3n de identificaci\u00f3n personal:<\/strong> Nombre, direcci\u00f3n de correo electr\u00f3nico, n\u00famero de tel\u00e9fono y otros datos de contacto.<\/li>\n\n\n\n<li><strong>Datos de uso:<\/strong> Informaci\u00f3n sobre c\u00f3mo utilizas nuestro Sitio Web, incluida la direcci\u00f3n IP, el tipo de navegador, las p\u00e1ginas visitadas y el tiempo que pasas en el sitio.<\/li>\n\n\n\n<li><strong>Cookies y tecnolog\u00edas de seguimiento: <\/strong>Datos recogidos a trav\u00e9s de cookies y tecnolog\u00edas similares para mejorar la experiencia del usuario y analizar el tr\u00e1fico del sitio.<\/li>\n<\/ul>\n\n<ol start=\"4\" class=\"wp-block-list\">\n<li><strong>Base jur\u00eddica del tratamiento<\/strong><\/li>\n<\/ol>\n\n<p>Nuestro tratamiento de tus datos personales se basa en:<\/p>\n\n<ul class=\"wp-block-list\">\n<li><strong>Consentimiento:<\/strong> Cuando has dado un consentimiento claro para que tratemos tus datos personales con un fin espec\u00edfico.<\/li>\n\n\n\n<li><strong>Necesidad contractual:<\/strong> Cuando el tratamiento es necesario para la ejecuci\u00f3n de un contrato contigo o para adoptar medidas a petici\u00f3n tuya antes de celebrar un contrato.<\/li>\n\n\n\n<li><strong>Obligaci\u00f3n legal: <\/strong>Cuando el tratamiento sea necesario para el cumplimiento de una obligaci\u00f3n legal a la que estemos sujetos.<\/li>\n\n\n\n<li><strong>Intereses leg\u00edtimos: <\/strong>Cuando el tratamiento sea necesario para nuestros intereses leg\u00edtimos o los de un tercero, siempre que tus intereses y derechos fundamentales no prevalezcan sobre dichos intereses.<\/li>\n<\/ul>\n\n<ol start=\"5\" class=\"wp-block-list\">\n<li><strong>C\u00f3mo utilizamos tu informaci\u00f3n<\/strong><\/li>\n<\/ol>\n\n<p>Utilizamos tus datos personales para:<\/p>\n\n<ul class=\"wp-block-list\">\n<li>Proporcionar y mantener nuestros servicios.<\/li>\n\n\n\n<li>Mejorar y personalizar la experiencia del usuario.<\/li>\n\n\n\n<li>Comunica actualizaciones, ofertas y otra informaci\u00f3n.<\/li>\n\n\n\n<li>Analizar los patrones de uso para mejorar nuestro Sitio Web.<\/li>\n\n\n\n<li>Cumplir las obligaciones legales.<\/li>\n<\/ul>\n\n<ol start=\"6\" class=\"wp-block-list\">\n<li><strong>Intercambio y divulgaci\u00f3n de datos<\/strong><\/li>\n<\/ol>\n\n<p>No vendemos ni alquilamos tus datos personales. Podemos compartir tus datos con <\/p>\n\n<ul class=\"wp-block-list\">\n<li><strong>Proveedores de servicios:<\/strong> Terceras empresas que ayudan en el funcionamiento de nuestro Sitio Web y en la prestaci\u00f3n de -servicios a ti, vinculadas por acuerdos de confidencialidad.<\/li>\n\n\n\n<li><strong>Autoridades legales:<\/strong> Cuando lo exija la ley o para proteger nuestros derechos y seguridad.<\/li>\n<\/ul>\n\n<ol start=\"7\" class=\"wp-block-list\">\n<li><strong>Seguridad de los datos<\/strong><\/li>\n<\/ol>\n\n<p>Aplicamos las medidas t\u00e9cnicas y organizativas adecuadas para proteger tus datos personales contra el acceso no autorizado, la alteraci\u00f3n, la divulgaci\u00f3n o la destrucci\u00f3n. Sin embargo, ning\u00fan m\u00e9todo de transmisi\u00f3n a trav\u00e9s de Internet es totalmente seguro. <\/p>\n\n<ol start=\"8\" class=\"wp-block-list\">\n<li><strong>Conservaci\u00f3n de datos<\/strong><\/li>\n<\/ol>\n\n<p>Conservamos tus datos personales s\u00f3lo durante el tiempo necesario para cumplir los fines descritos en esta Pol\u00edtica de privacidad, a menos que la ley exija o permita un per\u00edodo de conservaci\u00f3n m\u00e1s largo.<\/p>\n\n<ol start=\"9\" class=\"wp-block-list\">\n<li><strong>Tus derechos de protecci\u00f3n de datos<\/strong><\/li>\n<\/ol>\n\n<p>Dependiendo de tu jurisdicci\u00f3n, puedes tener los siguientes derechos en relaci\u00f3n con tus datos personales:<\/p>\n\n<ul class=\"wp-block-list\">\n<li>Acceder: Solicitar acceso a tus datos personales.<\/li>\n\n\n\n<li>Rectificaci\u00f3n: Solicitar la rectificaci\u00f3n de datos inexactos o incompletos.<\/li>\n\n\n\n<li>Supresi\u00f3n: Solicitar la supresi\u00f3n de tus datos personales.<\/li>\n\n\n\n<li>Restricci\u00f3n: Solicitar la restricci\u00f3n del tratamiento de tus datos.<\/li>\n\n\n\n<li>Oposici\u00f3n: Oponerte al tratamiento de tus datos.<\/li>\n\n\n\n<li>Portabilidad: Solicitar la transferencia de tus datos a otra organizaci\u00f3n.<\/li>\n<\/ul>\n\n<p>Para ejercer estos derechos, ponte en contacto con nosotros utilizando la informaci\u00f3n de contacto proporcionada anteriormente.<\/p>\n\n<ol start=\"10\" class=\"wp-block-list\">\n<li><strong>Cookies y tecnolog\u00edas de seguimiento<\/strong><\/li>\n<\/ol>\n\n<p>Nuestro Sitio Web utiliza cookies y tecnolog\u00edas similares para mejorar la experiencia del usuario y analizar el tr\u00e1fico del sitio. Puedes controlar el uso de cookies a trav\u00e9s de la configuraci\u00f3n de tu navegador. Para m\u00e1s informaci\u00f3n, consulta nuestra Pol\u00edtica de Cookies.  <\/p>\n\n<ol start=\"11\" class=\"wp-block-list\">\n<li><strong>Enlaces de terceros<\/strong><\/li>\n<\/ol>\n\n<p>Nuestro Sitio Web puede contener enlaces a sitios externos. No somos responsables de las pr\u00e1cticas de privacidad ni del contenido de dichos sitios. Te animamos a que revises sus pol\u00edticas de privacidad.  <\/p>\n\n<ol start=\"12\" class=\"wp-block-list\">\n<li><strong>Cambios en esta Pol\u00edtica de Privacidad<\/strong><\/li>\n<\/ol>\n\n<p>Podemos actualizar esta Pol\u00edtica de Privacidad peri\u00f3dicamente. Los cambios se publicar\u00e1n en esta p\u00e1gina con una fecha de revisi\u00f3n actualizada. Te animamos a que revises esta pol\u00edtica con regularidad para mantenerte informado sobre c\u00f3mo protegemos tu informaci\u00f3n.  <\/p>\n\n<ol start=\"13\" class=\"wp-block-list\">\n<li><strong>Contacta con nosotros<\/strong><\/li>\n<\/ol>\n\n<p>Si tienes preguntas o dudas sobre esta Pol\u00edtica de Privacidad o nuestras pr\u00e1cticas de tratamiento de datos, ponte en contacto con nosotros en<\/p>\n\n<p>Correo electr\u00f3nico: info@helpmate.place <br\/>Direcci\u00f3n: Skrivanek sp. z o.o., Plac Konstytucji 6\/75, 00-550 Varsovia, Polonia <\/p>\n\n<h2 class=\"wp-block-heading\" id=\"what-are-cookies\"><strong>\u00bfQu\u00e9 son las cookies?<\/strong><\/h2>\n\n<p>Son peque\u00f1os archivos de datos esenciales para determinadas funciones de los sitios web, como el inicio de sesi\u00f3n. Las cookies hacen posible que los sitios web recuerden diversos ajustes, como el idioma, el tipo de letra y otras opciones, que t\u00fa mismo has elegido para la visualizaci\u00f3n de las p\u00e1ginas web. Por eso almacenamos cookies en tu ordenador. Lo mismo hacen la mayor\u00eda de los grandes sitios web y proveedores.<br\/>\u00bfPara qu\u00e9 utilizamos cookies en este sitio web?   <br\/><br\/><strong>En funci\u00f3n de su duraci\u00f3n, las cookies pueden dividirse en dos tipos b\u00e1sicos<\/strong>:<\/p>\n\n<ul class=\"wp-block-list\">\n<li>Las cookies de corta duraci\u00f3n (cookies de sesi\u00f3n) permanecen en tu ordenador hasta que se cierra el navegador web, y entonces se borran.<\/li>\n\n\n\n<li>Las cookies de larga duraci\u00f3n (cookies persistentes) permanecen almacenadas en tu navegador durante mucho tiempo (dependiendo de tu navegador y de la configuraci\u00f3n de las cookies) o hasta que las eliminas manualmente.<\/li>\n<\/ul>\n\n<p><strong>En nuestro sitio web utilizamos los siguientes tipos de cookies:<\/strong><\/p>\n\n<ul class=\"wp-block-list\">\n<li>Las cookies t\u00e9cnicas (de corta duraci\u00f3n) son esenciales para garantizar el funcionamiento b\u00e1sico de los sitios web, como a\u00f1adir productos al carrito, procesar una compra y mostrar una versi\u00f3n del sitio web que requiera o no JavaScript.<\/li>\n\n\n\n<li>Las cookies de YouTube (de corta y larga duraci\u00f3n) son utilizadas por el reproductor de v\u00eddeo de YouTube. Las cookies se guardan en tu ordenador en el momento en que inicias el reproductor. <\/li>\n\n\n\n<li>Las cookies de Google Analytics (de larga duraci\u00f3n) nos permiten adaptar mejor los sitios web, y las utilizamos para medir datos an\u00f3nimos sobre el comportamiento de los usuarios de la herramienta Google Analytics.<\/li>\n\n\n\n<li>Las cookies de AdWords (de larga duraci\u00f3n) son generadas por el sistema publicitario. Estas cookies permiten evaluar la eficacia de los canales de venta. <\/li>\n\n\n\n<li>  Las cookies Sklik (de larga duraci\u00f3n) son generadas por el sistema publicitario. Estas cookies permiten evaluar la eficacia de los canales de venta. <\/li>\n\n\n\n<li>Las cookies de Facebook (de corta y larga duraci\u00f3n) son utilizadas por el widget de Facebook y se almacenan en las p\u00e1ginas web de Facebook.<\/li>\n<\/ul>\n\n<p>Nunca utilizamos cookies para identificarte personalmente, y nunca colocamos datos sensibles o personales en ellas.<br\/><br\/><strong>\u00bfC\u00f3mo se puede modificar el uso de cookies?<\/strong><br\/><br\/>Puedes eliminar las cookies que ya est\u00e9n en tu ordenador. La mayor\u00eda de los navegadores tambi\u00e9n ofrecen la opci\u00f3n de bloquear la colocaci\u00f3n de cookies en tu ordenador, pero en tal caso no podr\u00e1s utilizar todos nuestros servicios en l\u00ednea. Puedes encontrar informaci\u00f3n m\u00e1s detallada sobre la configuraci\u00f3n de las cookies en tu navegador en el sitio web del proveedor del navegador.  <br\/><br\/>Puedes encontrar m\u00e1s detalles en el sitio web AboutCookies.org.<br\/><br\/><strong>Uso de Google Analytics<\/strong><br\/><br\/>Este sitio web utiliza el servicio Google Analytics, prestado por Google, Inc. (en adelante, s\u00f3lo \u00abGoogle\u00bb). El servicio Google Analytics utiliza cookies. La informaci\u00f3n sobre el uso del sitio web junto con el contenido de cada cookie ser\u00e1 transferida por Google y almacenada en servidores de Estados Unidos. Google utilizar\u00e1 esta informaci\u00f3n con el fin de evaluar el uso del sitio web y crear informes sobre su actividad, destinados al operador, y para prestar servicios adicionales relacionados con las actividades en el sitio web y el uso de Internet en general. Google tambi\u00e9n puede proporcionar esta informaci\u00f3n a terceros, si as\u00ed lo exige la ley o si dichos terceros van a procesar la informaci\u00f3n para Google.    <br\/><br\/>Para proteger tu privacidad, hemos modificado el servicio Google Analytics para que no registre tu direcci\u00f3n IP.<br\/><br\/>El servicio Google Analytics se ha ampliado para incluir funciones publicitarias relacionadas proporcionadas por Google, concretamente:<\/p>\n\n<ul class=\"wp-block-list\">\n<li>Visi\u00f3n general de las pantallas de la red publicitaria de Google,<\/li>\n\n\n\n<li>Remarketing (mostrar anuncios en la red de contenidos en funci\u00f3n de los productos buscados),<\/li>\n\n\n\n<li>Panorama demogr\u00e1fico ampliado (con datos demogr\u00e1ficos an\u00f3nimos).<\/li>\n<\/ul>\n\n<p>Puedes encontrar m\u00e1s informaci\u00f3n sobre el procesamiento y uso de datos en las Condiciones contractuales de Google.<br\/><br\/><strong>C\u00f3mo prohibir el seguimiento con Google Analytics<\/strong><br\/><br\/>Si quieres bloquear el env\u00edo de estad\u00edsticas an\u00f3nimas a trav\u00e9s de Google Analytics, puedes utilizar un plug-in proporcionado por Google para tal fin. Este plug-in deber\u00e1 ser descargado e instalado en tu navegador. <\/p>\n\n<p>\u00daltima actualizaci\u00f3n: 28.11.2024<\/p>\n\n<p><\/p>\n\n<p><\/p>\n\n<p><\/p>\n","protected":false},"excerpt":{"rendered":"<p>Bienvenido a HelpMate (\u00abnosotros\u00bb, \u00abnos\u00bb, \u00abnuestro\u00bb). Nos comprometemos a salvaguardar tu privacidad y a garantizar la protecci\u00f3n de tus datos personales. Esta Pol\u00edtica de privacidad describe c\u00f3mo recogemos, procesamos y protegemos tu informaci\u00f3n cuando utilizas nuestro sitio web, https:\/\/helpmate.place\/ (\u00abSitio web\u00bb). El responsable del tratamiento de tus datos personales es HelpMate. Si tienes alguna pregunta [&hellip;]<\/p>\n","protected":false},"author":1,"featured_media":0,"parent":0,"menu_order":0,"comment_status":"closed","ping_status":"open","template":"","meta":{"_gspb_post_css":"","footnotes":""},"class_list":["post-10895","page","type-page","status-publish","hentry"],"yoast_head":"<!-- This site is optimized with the Yoast SEO Premium plugin v26.5 (Yoast SEO v27.2) - https:\/\/yoast.com\/product\/yoast-seo-premium-wordpress\/ -->\n<title>Pol\u00edtica de privacidad - Revista IA e Innovaci\u00f3n: El futuro de la tecnolog\u00eda de nueva generaci\u00f3n<\/title>\n<meta name=\"robots\" content=\"index, follow, max-snippet:-1, max-image-preview:large, max-video-preview:-1\" \/>\n<link rel=\"canonical\" href=\"https:\/\/helpmate.place\/es\/politica-de-privacidad\/\" class=\"yoast-seo-meta-tag\" \/>\n<meta property=\"og:locale\" content=\"es_ES\" class=\"yoast-seo-meta-tag\" \/>\n<meta property=\"og:type\" content=\"article\" class=\"yoast-seo-meta-tag\" \/>\n<meta property=\"og:title\" content=\"Pol\u00edtica de privacidad\" class=\"yoast-seo-meta-tag\" \/>\n<meta property=\"og:description\" content=\"Bienvenido a HelpMate (\u00abnosotros\u00bb, \u00abnos\u00bb, \u00abnuestro\u00bb). Nos comprometemos a salvaguardar tu privacidad y a garantizar la protecci\u00f3n de tus datos personales. Esta Pol\u00edtica de privacidad describe c\u00f3mo recogemos, procesamos y protegemos tu informaci\u00f3n cuando utilizas nuestro sitio web, https:\/\/helpmate.place\/ (\u00abSitio web\u00bb). El responsable del tratamiento de tus datos personales es HelpMate. Si tienes alguna pregunta [&hellip;]\" class=\"yoast-seo-meta-tag\" \/>\n<meta property=\"og:url\" content=\"https:\/\/helpmate.place\/es\/politica-de-privacidad\/\" class=\"yoast-seo-meta-tag\" \/>\n<meta property=\"og:site_name\" content=\"Revista IA e Innovaci\u00f3n: El futuro de la tecnolog\u00eda de nueva generaci\u00f3n\" class=\"yoast-seo-meta-tag\" \/>\n<meta property=\"article:publisher\" content=\"https:\/\/www.facebook.com\/profile.php?id=61577530144103\" class=\"yoast-seo-meta-tag\" \/>\n<meta property=\"article:modified_time\" content=\"2025-02-27T14:17:15+00:00\" class=\"yoast-seo-meta-tag\" \/>\n<meta property=\"og:image\" content=\"https:\/\/helpmate.place\/wp-content\/uploads\/2025\/08\/helpmate-profile_page.jpg\" class=\"yoast-seo-meta-tag\" \/>\n\t<meta property=\"og:image:width\" content=\"675\" class=\"yoast-seo-meta-tag\" \/>\n\t<meta property=\"og:image:height\" content=\"675\" class=\"yoast-seo-meta-tag\" \/>\n\t<meta property=\"og:image:type\" content=\"image\/jpeg\" class=\"yoast-seo-meta-tag\" \/>\n<meta name=\"twitter:label1\" content=\"Tiempo de lectura\" class=\"yoast-seo-meta-tag\" \/>\n\t<meta name=\"twitter:data1\" content=\"8 minutos\" class=\"yoast-seo-meta-tag\" \/>\n<script type=\"application\/ld+json\" class=\"yoast-schema-graph\">{\"@context\":\"https:\/\/schema.org\",\"@graph\":[{\"@type\":\"WebPage\",\"@id\":\"https:\/\/helpmate.place\/es\/politica-de-privacidad\/\",\"url\":\"https:\/\/helpmate.place\/es\/politica-de-privacidad\/\",\"name\":\"Pol\u00edtica de privacidad - Revista IA e Innovaci\u00f3n: El futuro de la tecnolog\u00eda de nueva generaci\u00f3n\",\"isPartOf\":{\"@id\":\"https:\/\/helpmate.place\/#website\"},\"datePublished\":\"2020-02-11T18:00:08+00:00\",\"dateModified\":\"2025-02-27T14:17:15+00:00\",\"breadcrumb\":{\"@id\":\"https:\/\/helpmate.place\/es\/politica-de-privacidad\/#breadcrumb\"},\"inLanguage\":\"es\",\"potentialAction\":[{\"@type\":\"ReadAction\",\"target\":[\"https:\/\/helpmate.place\/es\/politica-de-privacidad\/\"]}]},{\"@type\":\"BreadcrumbList\",\"@id\":\"https:\/\/helpmate.place\/es\/politica-de-privacidad\/#breadcrumb\",\"itemListElement\":[{\"@type\":\"ListItem\",\"position\":1,\"name\":\"Home\",\"item\":\"https:\/\/helpmate.place\/es\/\"},{\"@type\":\"ListItem\",\"position\":2,\"name\":\"Pol\u00edtica de privacidad\"}]},{\"@type\":\"WebSite\",\"@id\":\"https:\/\/helpmate.place\/#website\",\"url\":\"https:\/\/helpmate.place\/\",\"name\":\"Smart gadgets, new technologies, tips and reviews.\",\"description\":\"Encuentra las mejores opiniones\",\"publisher\":{\"@id\":\"https:\/\/helpmate.place\/#organization\"},\"alternateName\":\"Helpmate.Place\",\"potentialAction\":[{\"@type\":\"SearchAction\",\"target\":{\"@type\":\"EntryPoint\",\"urlTemplate\":\"https:\/\/helpmate.place\/?s={search_term_string}\"},\"query-input\":{\"@type\":\"PropertyValueSpecification\",\"valueRequired\":true,\"valueName\":\"search_term_string\"}}],\"inLanguage\":\"es\"},{\"@type\":\"Organization\",\"@id\":\"https:\/\/helpmate.place\/#organization\",\"name\":\"HelpMatePlace\",\"alternateName\":\"HelpMate\",\"url\":\"https:\/\/helpmate.place\/\",\"logo\":{\"@type\":\"ImageObject\",\"inLanguage\":\"es\",\"@id\":\"https:\/\/helpmate.place\/#\/schema\/logo\/image\/\",\"url\":\"https:\/\/helpmate.place\/wp-content\/uploads\/2025\/08\/helpmate-profile_page.jpg\",\"contentUrl\":\"https:\/\/helpmate.place\/wp-content\/uploads\/2025\/08\/helpmate-profile_page.jpg\",\"width\":675,\"height\":675,\"caption\":\"HelpMatePlace\"},\"image\":{\"@id\":\"https:\/\/helpmate.place\/#\/schema\/logo\/image\/\"},\"sameAs\":[\"https:\/\/www.facebook.com\/profile.php?id=61577530144103\",\"https:\/\/www.instagram.com\/helpmate.place\/\",\"https:\/\/www.youtube.com\/@HelpmatePlace_PL\",\"https:\/\/pl.pinterest.com\/HelpMate_PL\/\"],\"description\":\"HelpMate_PL to spo\u0142eczno\u015b\u0107 technologiczna zapewniaj\u0105ca rzetelne rekomendacje RTV i AGD, u\u0142atwiaj\u0105ce codzienne \u017cycie dzi\u0119ki wsp\u00f3\u0142pracy z renomowanymi producentami. Wspieramy \u015bwiadome zakupy, oferuj\u0105c obiektywne porady. Jako Partner Amazon, Temu, Aliexpress, Media Expert, x-kom, Komputronik i rtv euro agd otrzymujemy niewielkie wynagrodzenie za okre\u015blone transakcje. Do\u0142\u0105cz do nas, by odkry\u0107 innowacyjne rozwi\u0105zania!\",\"email\":\"info@helpmate.place\",\"telephone\":\"+48 693 288 385\",\"legalName\":\"Skrivanek Sp. z o.o.\",\"foundingDate\":\"1997-01-01\",\"vatID\":\"634-22-45-400\",\"taxID\":\"273716037\",\"numberOfEmployees\":{\"@type\":\"QuantitativeValue\",\"minValue\":\"51\",\"maxValue\":\"200\"},\"publishingPrinciples\":\"https:\/\/helpmate.place\/\",\"ownershipFundingInfo\":\"https:\/\/helpmate.place\/o-nas\/\",\"actionableFeedbackPolicy\":\"https:\/\/helpmate.place\/wspolpraca\/\",\"correctionsPolicy\":\"https:\/\/helpmate.place\/wspolpraca\/\",\"ethicsPolicy\":\"https:\/\/helpmate.place\/o-nas\/\",\"diversityPolicy\":\"https:\/\/helpmate.place\/o-nas\/\",\"diversityStaffingReport\":\"https:\/\/helpmate.place\/o-nas\/\"}]}<\/script>\n<!-- \/ Yoast SEO Premium plugin. -->","yoast_head_json":{"title":"Pol\u00edtica de privacidad - Revista IA e Innovaci\u00f3n: El futuro de la tecnolog\u00eda de nueva generaci\u00f3n","robots":{"index":"index","follow":"follow","max-snippet":"max-snippet:-1","max-image-preview":"max-image-preview:large","max-video-preview":"max-video-preview:-1"},"canonical":"https:\/\/helpmate.place\/es\/politica-de-privacidad\/","og_locale":"es_ES","og_type":"article","og_title":"Pol\u00edtica de privacidad","og_description":"Bienvenido a HelpMate (\u00abnosotros\u00bb, \u00abnos\u00bb, \u00abnuestro\u00bb). Nos comprometemos a salvaguardar tu privacidad y a garantizar la protecci\u00f3n de tus datos personales. Esta Pol\u00edtica de privacidad describe c\u00f3mo recogemos, procesamos y protegemos tu informaci\u00f3n cuando utilizas nuestro sitio web, https:\/\/helpmate.place\/ (\u00abSitio web\u00bb). El responsable del tratamiento de tus datos personales es HelpMate. Si tienes alguna pregunta [&hellip;]","og_url":"https:\/\/helpmate.place\/es\/politica-de-privacidad\/","og_site_name":"Revista IA e Innovaci\u00f3n: El futuro de la tecnolog\u00eda de nueva generaci\u00f3n","article_publisher":"https:\/\/www.facebook.com\/profile.php?id=61577530144103","article_modified_time":"2025-02-27T14:17:15+00:00","og_image":[{"width":675,"height":675,"url":"https:\/\/helpmate.place\/wp-content\/uploads\/2025\/08\/helpmate-profile_page.jpg","type":"image\/jpeg"}],"twitter_misc":{"Tiempo de lectura":"8 minutos"},"schema":{"@context":"https:\/\/schema.org","@graph":[{"@type":"WebPage","@id":"https:\/\/helpmate.place\/es\/politica-de-privacidad\/","url":"https:\/\/helpmate.place\/es\/politica-de-privacidad\/","name":"Pol\u00edtica de privacidad - Revista IA e Innovaci\u00f3n: El futuro de la tecnolog\u00eda de nueva generaci\u00f3n","isPartOf":{"@id":"https:\/\/helpmate.place\/#website"},"datePublished":"2020-02-11T18:00:08+00:00","dateModified":"2025-02-27T14:17:15+00:00","breadcrumb":{"@id":"https:\/\/helpmate.place\/es\/politica-de-privacidad\/#breadcrumb"},"inLanguage":"es","potentialAction":[{"@type":"ReadAction","target":["https:\/\/helpmate.place\/es\/politica-de-privacidad\/"]}]},{"@type":"BreadcrumbList","@id":"https:\/\/helpmate.place\/es\/politica-de-privacidad\/#breadcrumb","itemListElement":[{"@type":"ListItem","position":1,"name":"Home","item":"https:\/\/helpmate.place\/es\/"},{"@type":"ListItem","position":2,"name":"Pol\u00edtica de privacidad"}]},{"@type":"WebSite","@id":"https:\/\/helpmate.place\/#website","url":"https:\/\/helpmate.place\/","name":"Smart gadgets, new technologies, tips and reviews.","description":"Encuentra las mejores opiniones","publisher":{"@id":"https:\/\/helpmate.place\/#organization"},"alternateName":"Helpmate.Place","potentialAction":[{"@type":"SearchAction","target":{"@type":"EntryPoint","urlTemplate":"https:\/\/helpmate.place\/?s={search_term_string}"},"query-input":{"@type":"PropertyValueSpecification","valueRequired":true,"valueName":"search_term_string"}}],"inLanguage":"es"},{"@type":"Organization","@id":"https:\/\/helpmate.place\/#organization","name":"HelpMatePlace","alternateName":"HelpMate","url":"https:\/\/helpmate.place\/","logo":{"@type":"ImageObject","inLanguage":"es","@id":"https:\/\/helpmate.place\/#\/schema\/logo\/image\/","url":"https:\/\/helpmate.place\/wp-content\/uploads\/2025\/08\/helpmate-profile_page.jpg","contentUrl":"https:\/\/helpmate.place\/wp-content\/uploads\/2025\/08\/helpmate-profile_page.jpg","width":675,"height":675,"caption":"HelpMatePlace"},"image":{"@id":"https:\/\/helpmate.place\/#\/schema\/logo\/image\/"},"sameAs":["https:\/\/www.facebook.com\/profile.php?id=61577530144103","https:\/\/www.instagram.com\/helpmate.place\/","https:\/\/www.youtube.com\/@HelpmatePlace_PL","https:\/\/pl.pinterest.com\/HelpMate_PL\/"],"description":"HelpMate_PL to spo\u0142eczno\u015b\u0107 technologiczna zapewniaj\u0105ca rzetelne rekomendacje RTV i AGD, u\u0142atwiaj\u0105ce codzienne \u017cycie dzi\u0119ki wsp\u00f3\u0142pracy z renomowanymi producentami. Wspieramy \u015bwiadome zakupy, oferuj\u0105c obiektywne porady. Jako Partner Amazon, Temu, Aliexpress, Media Expert, x-kom, Komputronik i rtv euro agd otrzymujemy niewielkie wynagrodzenie za okre\u015blone transakcje. Do\u0142\u0105cz do nas, by odkry\u0107 innowacyjne rozwi\u0105zania!","email":"info@helpmate.place","telephone":"+48 693 288 385","legalName":"Skrivanek Sp. z o.o.","foundingDate":"1997-01-01","vatID":"634-22-45-400","taxID":"273716037","numberOfEmployees":{"@type":"QuantitativeValue","minValue":"51","maxValue":"200"},"publishingPrinciples":"https:\/\/helpmate.place\/","ownershipFundingInfo":"https:\/\/helpmate.place\/o-nas\/","actionableFeedbackPolicy":"https:\/\/helpmate.place\/wspolpraca\/","correctionsPolicy":"https:\/\/helpmate.place\/wspolpraca\/","ethicsPolicy":"https:\/\/helpmate.place\/o-nas\/","diversityPolicy":"https:\/\/helpmate.place\/o-nas\/","diversityStaffingReport":"https:\/\/helpmate.place\/o-nas\/"}]}},"_links":{"self":[{"href":"https:\/\/helpmate.place\/es\/wp-json\/wp\/v2\/pages\/10895","targetHints":{"allow":["GET"]}}],"collection":[{"href":"https:\/\/helpmate.place\/es\/wp-json\/wp\/v2\/pages"}],"about":[{"href":"https:\/\/helpmate.place\/es\/wp-json\/wp\/v2\/types\/page"}],"author":[{"embeddable":true,"href":"https:\/\/helpmate.place\/es\/wp-json\/wp\/v2\/users\/1"}],"replies":[{"embeddable":true,"href":"https:\/\/helpmate.place\/es\/wp-json\/wp\/v2\/comments?post=10895"}],"version-history":[{"count":3,"href":"https:\/\/helpmate.place\/es\/wp-json\/wp\/v2\/pages\/10895\/revisions"}],"predecessor-version":[{"id":10898,"href":"https:\/\/helpmate.place\/es\/wp-json\/wp\/v2\/pages\/10895\/revisions\/10898"}],"wp:attachment":[{"href":"https:\/\/helpmate.place\/es\/wp-json\/wp\/v2\/media?parent=10895"}],"curies":[{"name":"wp","href":"https:\/\/api.w.org\/{rel}","templated":true}]}}