{"id":10171,"date":"2021-06-02T15:13:59","date_gmt":"2021-06-02T15:13:59","guid":{"rendered":"https:\/\/helpmate.place\/collaboration\/"},"modified":"2025-03-19T14:50:21","modified_gmt":"2025-03-19T14:50:21","slug":"collaboration","status":"publish","type":"page","link":"https:\/\/helpmate.place\/fr\/collaboration\/","title":{"rendered":"Collaboration"},"content":{"rendered":"\n<div class=\"wp-block-cover alignfull\" style=\"min-height:259px;aspect-ratio:unset;\"><span aria-hidden=\"true\" class=\"wp-block-cover__background has-background-dim-100 has-background-dim has-background-gradient\" style=\"background:linear-gradient(135deg,rgb(6,147,227) 0%,rgb(25,8,107) 100%)\"><\/span><div class=\"wp-block-cover__inner-container is-layout-flow wp-block-cover-is-layout-flow\">\n<h2 class=\"wp-block-heading has-luminous-vivid-amber-color has-text-color\" id=\"helpmate\" style=\"line-height:1\"><strong>HelpMate  <\/strong><\/h2>\n\n\n\n<p class=\"has-text-align-left has-white-color has-text-color\" style=\"font-size:40px;line-height:1\"><strong>Quand la technologie ouvre la voie<\/strong><\/p>\n<\/div><\/div>\n\n<div style=\"height:15px\" aria-hidden=\"true\" class=\"wp-block-spacer\"><\/div>\n\n<div style=\"height:24px\" aria-hidden=\"true\" class=\"wp-block-spacer\"><\/div>\n\n<div style=\"height:15px\" aria-hidden=\"true\" class=\"wp-block-spacer\"><\/div>\n\n<h2 class=\"wp-block-heading\" id=\"collaboration\">Collaboration<\/h2>\n\n<p>Chez <strong>HelpMate <\/strong>, nous pensons que la vraie croissance vient de la collaboration, de l&rsquo;innovation et du succ\u00e8s partag\u00e9. Notre plateforme est un espace de r\u00e9solution de probl\u00e8mes et de connexions technologiques, o\u00f9 tout le monde peut se r\u00e9unir pour travailler sur des projets impactants. Qu&rsquo;il s&rsquo;agisse d&rsquo;IA, d&rsquo;innovation technologique ou de nouveaux outils informatiques, nous sommes l\u00e0 pour construire un r\u00e9seau de partenariats qui conduisent \u00e0 des progr\u00e8s r\u00e9els.  <\/p>\n\n<h3 class=\"wp-block-heading\" id=\"partner-for-progress-and-brand-visibility\">Partenaire pour le progr\u00e8s et la visibilit\u00e9 de la marque<\/h3>\n\n<p>Nos options de collaboration sont flexibles pour s&rsquo;adapter aux divers besoins de nos partenaires et \u00e0 l&rsquo;\u00e9volution rapide du paysage de l&rsquo;IA et de l&rsquo;IT. En rejoignant notre r\u00e9seau, vous b\u00e9n\u00e9ficierez d&rsquo;une visibilit\u00e9 accrue de votre marque, d&rsquo;avis d&rsquo;experts et de partenariats SEO pr\u00e9cieux pour renforcer votre pr\u00e9sence. Nos options de partenariat comprennent la publication d&rsquo;articles en tant qu&rsquo;invit\u00e9 sur notre plateforme o\u00f9 vous pouvez mettre en valeur votre expertise et des opportunit\u00e9s de publication qui donnent des liens dofollow vers votre site web.  <\/p>\n\n<p>En plus des collaborations de contenu, <strong>HelpMate <\/strong>propose \u00e9galement des partenariats d&rsquo;affiliation pour ceux qui souhaitent promouvoir l&rsquo;IA et les produits technologiques. Gr\u00e2ce \u00e0 des liens d&rsquo;affiliation soigneusement s\u00e9lectionn\u00e9s, nous mettons notre public en contact avec les meilleurs produits et services dans le domaine de l&rsquo;IA, des nouvelles technologies et des outils num\u00e9riques. Ces liens d&rsquo;affiliation sont int\u00e9gr\u00e9s dans nos articles afin que nos partenaires b\u00e9n\u00e9ficient d&rsquo;une plus grande visibilit\u00e9 et que notre public ait un acc\u00e8s direct aux outils et services innovants qui am\u00e9liorent leurs capacit\u00e9s technologiques. Nous soutenons nos partenaires tout en partageant des solutions de qualit\u00e9 que notre public technologique adore.   <\/p>\n\n<h3 class=\"wp-block-heading\" id=\"sponsored-articles\">Articles sponsoris\u00e9s<\/h3>\n\n<p>Chez HelpMate, nous offrons des opportunit\u00e9s sur mesure pour la publication d&rsquo;articles sponsoris\u00e9s afin d&rsquo;accro\u00eetre la visibilit\u00e9 de votre marque dans les secteurs de l&rsquo;IA, de la technologie et de l&rsquo;informatique. Le contenu sponsoris\u00e9 vous permet de pr\u00e9senter vos produits, vos services ou votre expertise directement \u00e0 notre public d\u00e9di\u00e9, en positionnant votre marque comme un leader dans l&rsquo;industrie. Voici comment vous pouvez profiter de nos options d&rsquo;articles sponsoris\u00e9s :  <\/p>\n<div class=\"wpsm_checklist wpsm_pretty_list\"><ul><li><strong>Article Publication with 2 Dofollow Links<\/strong>: Your article will stay on our website for life, offering a lasting SEO benefit without additional promotion on the main pages. <strong>(349 PLN net)<\/strong><\/li><li><strong>Article Publication with Nofollow Links<\/strong>: A perfect option for those who want to share their expertise and insights without directly impacting SEO. <strong>(139 PLN net)<\/strong><\/li><\/ul><\/div>\n<p><strong>Contactez-nous pour discuter de la mani\u00e8re dont un article sponsoris\u00e9 sur HelpMate peut am\u00e9liorer la pr\u00e9sence de votre marque et vous mettre en contact avec notre communaut\u00e9 technologique engag\u00e9e !<\/strong><\/p>\n\n<h3 class=\"wp-block-heading\" id=\"affiliate-partnerships\">Partenariats d&rsquo;affiliation<\/h3>\n\n<p>Nos liens d&rsquo;affiliation vous guident vers des produits et services soigneusement s\u00e9lectionn\u00e9s qui s&rsquo;alignent sur notre int\u00e9r\u00eat pour l&rsquo;IA et la technologie. Lorsque les utilisateurs cliquent sur ces liens, nous pouvons percevoir une commission sur les ventes, ce qui nous aide \u00e0 soutenir la plateforme et \u00e0 am\u00e9liorer notre contenu. Nos partenariats d&rsquo;affiliation sont parfaits pour les marques d&rsquo;IA et de technologie qui souhaitent atteindre un public plus large et obtenir de la visibilit\u00e9 gr\u00e2ce \u00e0 notre r\u00e9seau.  <\/p>\n\n<h3 class=\"wp-block-heading\" id=\"let-s-get-started\">Commen\u00e7ons<\/h3>\n\n<p>Vous \u00eates int\u00e9ress\u00e9 par une collaboration ou un partenariat ? Prenez contact avec nous pour discuter de la mani\u00e8re dont nous pouvons travailler ensemble pour favoriser le progr\u00e8s, la croissance et les connexions industrielles. Notre \u00e9quipe r\u00e9pondra \u00e0 vos questions, vous fournira plus d&rsquo;informations sur nos partenariats SEO et nos programmes d&rsquo;affiliation et discutera de la mani\u00e8re dont nous pouvons aller de l&rsquo;avant.  <\/p>\n\n<p>Rencontrez d&rsquo;autres passionn\u00e9s de technologie qui font bouger les choses dans les domaines de l&rsquo;IA, de l&rsquo;informatique et de la technologie. Ensemble, nous pouvons cr\u00e9er des liens et des partenariats avec l&rsquo;industrie et apporter de la valeur ajout\u00e9e \u00e0 notre communaut\u00e9 d&rsquo;innovateurs. Prenez contact avec nous d\u00e8s aujourd&rsquo;hui et commen\u00e7ons \u00e0 travailler ensemble.  <\/p>\n\n<h2 class=\"wp-block-heading\" id=\"newsletter\">Bulletin d&rsquo;information<\/h2>\n\n<p>Inscrivez-vous \u00e0 notre lettre d&rsquo;information pour recevoir des conseils d&rsquo;experts, des analyses et des mises \u00e0 jour exclusives directement dans votre bo\u00eete de r\u00e9ception. Ne manquez pas les informations qui vous permettront d&rsquo;am\u00e9liorer vos projets num\u00e9riques et de mettre la technologie \u00e0 votre service ! <\/p>\n\n<h2 class=\"wp-block-heading\" id=\"contact\">Contact<\/h2>\n\n<p><a href=\"mailto:info@helpmate.place\">info@helpmate.place<\/a><\/p>\n\n<p><strong>Prenez contact avec nous &#8211; nous sommes \u00e0 votre disposition pour vous envoyer un message !<\/strong><\/p>\n","protected":false},"excerpt":{"rendered":"<p>Collaboration Chez HelpMate , nous pensons que la vraie croissance vient de la collaboration, de l&rsquo;innovation et du succ\u00e8s partag\u00e9. Notre plateforme est un espace de r\u00e9solution de probl\u00e8mes et de connexions technologiques, o\u00f9 tout le monde peut se r\u00e9unir pour travailler sur des projets impactants. Qu&rsquo;il s&rsquo;agisse d&rsquo;IA, d&rsquo;innovation technologique ou de nouveaux outils [&hellip;]<\/p>\n","protected":false},"author":1,"featured_media":0,"parent":0,"menu_order":0,"comment_status":"closed","ping_status":"closed","template":"","meta":{"_gspb_post_css":"","footnotes":""},"class_list":["post-10171","page","type-page","status-publish","hentry"],"yoast_head":"<!-- This site is optimized with the Yoast SEO Premium plugin v26.5 (Yoast SEO v27.2) - https:\/\/yoast.com\/product\/yoast-seo-premium-wordpress\/ -->\n<title>Collaboration - Revue AI &amp; Innovation : L&#039;avenir de la technologie de pointe<\/title>\n<meta name=\"robots\" content=\"index, follow, max-snippet:-1, max-image-preview:large, max-video-preview:-1\" \/>\n<link rel=\"canonical\" href=\"https:\/\/helpmate.place\/fr\/collaboration\/\" class=\"yoast-seo-meta-tag\" \/>\n<meta property=\"og:locale\" content=\"fr_FR\" class=\"yoast-seo-meta-tag\" \/>\n<meta property=\"og:type\" content=\"article\" class=\"yoast-seo-meta-tag\" \/>\n<meta property=\"og:title\" content=\"Collaboration\" class=\"yoast-seo-meta-tag\" \/>\n<meta property=\"og:description\" content=\"Collaboration Chez HelpMate , nous pensons que la vraie croissance vient de la collaboration, de l&rsquo;innovation et du succ\u00e8s partag\u00e9. Notre plateforme est un espace de r\u00e9solution de probl\u00e8mes et de connexions technologiques, o\u00f9 tout le monde peut se r\u00e9unir pour travailler sur des projets impactants. Qu&rsquo;il s&rsquo;agisse d&rsquo;IA, d&rsquo;innovation technologique ou de nouveaux outils [&hellip;]\" class=\"yoast-seo-meta-tag\" \/>\n<meta property=\"og:url\" content=\"https:\/\/helpmate.place\/fr\/collaboration\/\" class=\"yoast-seo-meta-tag\" \/>\n<meta property=\"og:site_name\" content=\"Revue AI &amp; Innovation : L&#039;avenir de la technologie de pointe\" class=\"yoast-seo-meta-tag\" \/>\n<meta property=\"article:publisher\" content=\"https:\/\/www.facebook.com\/profile.php?id=61577530144103\" class=\"yoast-seo-meta-tag\" \/>\n<meta property=\"article:modified_time\" content=\"2025-03-19T14:50:21+00:00\" class=\"yoast-seo-meta-tag\" \/>\n<meta property=\"og:image\" content=\"https:\/\/helpmate.place\/wp-content\/uploads\/2025\/08\/helpmate-profile_page.jpg\" class=\"yoast-seo-meta-tag\" \/>\n\t<meta property=\"og:image:width\" content=\"675\" class=\"yoast-seo-meta-tag\" \/>\n\t<meta property=\"og:image:height\" content=\"675\" class=\"yoast-seo-meta-tag\" \/>\n\t<meta property=\"og:image:type\" content=\"image\/jpeg\" class=\"yoast-seo-meta-tag\" \/>\n<meta name=\"twitter:label1\" content=\"Dur\u00e9e de lecture estim\u00e9e\" class=\"yoast-seo-meta-tag\" \/>\n\t<meta name=\"twitter:data1\" content=\"3 minutes\" class=\"yoast-seo-meta-tag\" \/>\n<script type=\"application\/ld+json\" class=\"yoast-schema-graph\">{\"@context\":\"https:\/\/schema.org\",\"@graph\":[{\"@type\":\"WebPage\",\"@id\":\"https:\/\/helpmate.place\/fr\/collaboration\/\",\"url\":\"https:\/\/helpmate.place\/fr\/collaboration\/\",\"name\":\"Collaboration - Revue AI &amp; Innovation : L'avenir de la technologie de pointe\",\"isPartOf\":{\"@id\":\"https:\/\/helpmate.place\/#website\"},\"datePublished\":\"2021-06-02T15:13:59+00:00\",\"dateModified\":\"2025-03-19T14:50:21+00:00\",\"breadcrumb\":{\"@id\":\"https:\/\/helpmate.place\/fr\/collaboration\/#breadcrumb\"},\"inLanguage\":\"fr-FR\",\"potentialAction\":[{\"@type\":\"ReadAction\",\"target\":[\"https:\/\/helpmate.place\/fr\/collaboration\/\"]}]},{\"@type\":\"BreadcrumbList\",\"@id\":\"https:\/\/helpmate.place\/fr\/collaboration\/#breadcrumb\",\"itemListElement\":[{\"@type\":\"ListItem\",\"position\":1,\"name\":\"Home\",\"item\":\"https:\/\/helpmate.place\/fr\/\"},{\"@type\":\"ListItem\",\"position\":2,\"name\":\"Collaboration\"}]},{\"@type\":\"WebSite\",\"@id\":\"https:\/\/helpmate.place\/#website\",\"url\":\"https:\/\/helpmate.place\/\",\"name\":\"Smart gadgets, new technologies, tips and reviews.\",\"description\":\"Trouvez les meilleurs commentaires\",\"publisher\":{\"@id\":\"https:\/\/helpmate.place\/#organization\"},\"alternateName\":\"Helpmate.Place\",\"potentialAction\":[{\"@type\":\"SearchAction\",\"target\":{\"@type\":\"EntryPoint\",\"urlTemplate\":\"https:\/\/helpmate.place\/?s={search_term_string}\"},\"query-input\":{\"@type\":\"PropertyValueSpecification\",\"valueRequired\":true,\"valueName\":\"search_term_string\"}}],\"inLanguage\":\"fr-FR\"},{\"@type\":\"Organization\",\"@id\":\"https:\/\/helpmate.place\/#organization\",\"name\":\"HelpMatePlace\",\"alternateName\":\"HelpMate\",\"url\":\"https:\/\/helpmate.place\/\",\"logo\":{\"@type\":\"ImageObject\",\"inLanguage\":\"fr-FR\",\"@id\":\"https:\/\/helpmate.place\/#\/schema\/logo\/image\/\",\"url\":\"https:\/\/helpmate.place\/wp-content\/uploads\/2025\/08\/helpmate-profile_page.jpg\",\"contentUrl\":\"https:\/\/helpmate.place\/wp-content\/uploads\/2025\/08\/helpmate-profile_page.jpg\",\"width\":675,\"height\":675,\"caption\":\"HelpMatePlace\"},\"image\":{\"@id\":\"https:\/\/helpmate.place\/#\/schema\/logo\/image\/\"},\"sameAs\":[\"https:\/\/www.facebook.com\/profile.php?id=61577530144103\",\"https:\/\/www.instagram.com\/helpmate.place\/\",\"https:\/\/www.youtube.com\/@HelpmatePlace_PL\",\"https:\/\/pl.pinterest.com\/HelpMate_PL\/\"],\"description\":\"HelpMate_PL to spo\u0142eczno\u015b\u0107 technologiczna zapewniaj\u0105ca rzetelne rekomendacje RTV i AGD, u\u0142atwiaj\u0105ce codzienne \u017cycie dzi\u0119ki wsp\u00f3\u0142pracy z renomowanymi producentami. Wspieramy \u015bwiadome zakupy, oferuj\u0105c obiektywne porady. Jako Partner Amazon, Temu, Aliexpress, Media Expert, x-kom, Komputronik i rtv euro agd otrzymujemy niewielkie wynagrodzenie za okre\u015blone transakcje. Do\u0142\u0105cz do nas, by odkry\u0107 innowacyjne rozwi\u0105zania!\",\"email\":\"info@helpmate.place\",\"telephone\":\"+48 693 288 385\",\"legalName\":\"Skrivanek Sp. z o.o.\",\"foundingDate\":\"1997-01-01\",\"vatID\":\"634-22-45-400\",\"taxID\":\"273716037\",\"numberOfEmployees\":{\"@type\":\"QuantitativeValue\",\"minValue\":\"51\",\"maxValue\":\"200\"},\"publishingPrinciples\":\"https:\/\/helpmate.place\/\",\"ownershipFundingInfo\":\"https:\/\/helpmate.place\/o-nas\/\",\"actionableFeedbackPolicy\":\"https:\/\/helpmate.place\/wspolpraca\/\",\"correctionsPolicy\":\"https:\/\/helpmate.place\/wspolpraca\/\",\"ethicsPolicy\":\"https:\/\/helpmate.place\/o-nas\/\",\"diversityPolicy\":\"https:\/\/helpmate.place\/o-nas\/\",\"diversityStaffingReport\":\"https:\/\/helpmate.place\/o-nas\/\"}]}<\/script>\n<!-- \/ Yoast SEO Premium plugin. -->","yoast_head_json":{"title":"Collaboration - Revue AI &amp; Innovation : L'avenir de la technologie de pointe","robots":{"index":"index","follow":"follow","max-snippet":"max-snippet:-1","max-image-preview":"max-image-preview:large","max-video-preview":"max-video-preview:-1"},"canonical":"https:\/\/helpmate.place\/fr\/collaboration\/","og_locale":"fr_FR","og_type":"article","og_title":"Collaboration","og_description":"Collaboration Chez HelpMate , nous pensons que la vraie croissance vient de la collaboration, de l&rsquo;innovation et du succ\u00e8s partag\u00e9. Notre plateforme est un espace de r\u00e9solution de probl\u00e8mes et de connexions technologiques, o\u00f9 tout le monde peut se r\u00e9unir pour travailler sur des projets impactants. Qu&rsquo;il s&rsquo;agisse d&rsquo;IA, d&rsquo;innovation technologique ou de nouveaux outils [&hellip;]","og_url":"https:\/\/helpmate.place\/fr\/collaboration\/","og_site_name":"Revue AI &amp; Innovation : L'avenir de la technologie de pointe","article_publisher":"https:\/\/www.facebook.com\/profile.php?id=61577530144103","article_modified_time":"2025-03-19T14:50:21+00:00","og_image":[{"width":675,"height":675,"url":"https:\/\/helpmate.place\/wp-content\/uploads\/2025\/08\/helpmate-profile_page.jpg","type":"image\/jpeg"}],"twitter_misc":{"Dur\u00e9e de lecture estim\u00e9e":"3 minutes"},"schema":{"@context":"https:\/\/schema.org","@graph":[{"@type":"WebPage","@id":"https:\/\/helpmate.place\/fr\/collaboration\/","url":"https:\/\/helpmate.place\/fr\/collaboration\/","name":"Collaboration - Revue AI &amp; Innovation : L'avenir de la technologie de pointe","isPartOf":{"@id":"https:\/\/helpmate.place\/#website"},"datePublished":"2021-06-02T15:13:59+00:00","dateModified":"2025-03-19T14:50:21+00:00","breadcrumb":{"@id":"https:\/\/helpmate.place\/fr\/collaboration\/#breadcrumb"},"inLanguage":"fr-FR","potentialAction":[{"@type":"ReadAction","target":["https:\/\/helpmate.place\/fr\/collaboration\/"]}]},{"@type":"BreadcrumbList","@id":"https:\/\/helpmate.place\/fr\/collaboration\/#breadcrumb","itemListElement":[{"@type":"ListItem","position":1,"name":"Home","item":"https:\/\/helpmate.place\/fr\/"},{"@type":"ListItem","position":2,"name":"Collaboration"}]},{"@type":"WebSite","@id":"https:\/\/helpmate.place\/#website","url":"https:\/\/helpmate.place\/","name":"Smart gadgets, new technologies, tips and reviews.","description":"Trouvez les meilleurs commentaires","publisher":{"@id":"https:\/\/helpmate.place\/#organization"},"alternateName":"Helpmate.Place","potentialAction":[{"@type":"SearchAction","target":{"@type":"EntryPoint","urlTemplate":"https:\/\/helpmate.place\/?s={search_term_string}"},"query-input":{"@type":"PropertyValueSpecification","valueRequired":true,"valueName":"search_term_string"}}],"inLanguage":"fr-FR"},{"@type":"Organization","@id":"https:\/\/helpmate.place\/#organization","name":"HelpMatePlace","alternateName":"HelpMate","url":"https:\/\/helpmate.place\/","logo":{"@type":"ImageObject","inLanguage":"fr-FR","@id":"https:\/\/helpmate.place\/#\/schema\/logo\/image\/","url":"https:\/\/helpmate.place\/wp-content\/uploads\/2025\/08\/helpmate-profile_page.jpg","contentUrl":"https:\/\/helpmate.place\/wp-content\/uploads\/2025\/08\/helpmate-profile_page.jpg","width":675,"height":675,"caption":"HelpMatePlace"},"image":{"@id":"https:\/\/helpmate.place\/#\/schema\/logo\/image\/"},"sameAs":["https:\/\/www.facebook.com\/profile.php?id=61577530144103","https:\/\/www.instagram.com\/helpmate.place\/","https:\/\/www.youtube.com\/@HelpmatePlace_PL","https:\/\/pl.pinterest.com\/HelpMate_PL\/"],"description":"HelpMate_PL to spo\u0142eczno\u015b\u0107 technologiczna zapewniaj\u0105ca rzetelne rekomendacje RTV i AGD, u\u0142atwiaj\u0105ce codzienne \u017cycie dzi\u0119ki wsp\u00f3\u0142pracy z renomowanymi producentami. Wspieramy \u015bwiadome zakupy, oferuj\u0105c obiektywne porady. Jako Partner Amazon, Temu, Aliexpress, Media Expert, x-kom, Komputronik i rtv euro agd otrzymujemy niewielkie wynagrodzenie za okre\u015blone transakcje. Do\u0142\u0105cz do nas, by odkry\u0107 innowacyjne rozwi\u0105zania!","email":"info@helpmate.place","telephone":"+48 693 288 385","legalName":"Skrivanek Sp. z o.o.","foundingDate":"1997-01-01","vatID":"634-22-45-400","taxID":"273716037","numberOfEmployees":{"@type":"QuantitativeValue","minValue":"51","maxValue":"200"},"publishingPrinciples":"https:\/\/helpmate.place\/","ownershipFundingInfo":"https:\/\/helpmate.place\/o-nas\/","actionableFeedbackPolicy":"https:\/\/helpmate.place\/wspolpraca\/","correctionsPolicy":"https:\/\/helpmate.place\/wspolpraca\/","ethicsPolicy":"https:\/\/helpmate.place\/o-nas\/","diversityPolicy":"https:\/\/helpmate.place\/o-nas\/","diversityStaffingReport":"https:\/\/helpmate.place\/o-nas\/"}]}},"_links":{"self":[{"href":"https:\/\/helpmate.place\/fr\/wp-json\/wp\/v2\/pages\/10171","targetHints":{"allow":["GET"]}}],"collection":[{"href":"https:\/\/helpmate.place\/fr\/wp-json\/wp\/v2\/pages"}],"about":[{"href":"https:\/\/helpmate.place\/fr\/wp-json\/wp\/v2\/types\/page"}],"author":[{"embeddable":true,"href":"https:\/\/helpmate.place\/fr\/wp-json\/wp\/v2\/users\/1"}],"replies":[{"embeddable":true,"href":"https:\/\/helpmate.place\/fr\/wp-json\/wp\/v2\/comments?post=10171"}],"version-history":[{"count":1,"href":"https:\/\/helpmate.place\/fr\/wp-json\/wp\/v2\/pages\/10171\/revisions"}],"predecessor-version":[{"id":10172,"href":"https:\/\/helpmate.place\/fr\/wp-json\/wp\/v2\/pages\/10171\/revisions\/10172"}],"wp:attachment":[{"href":"https:\/\/helpmate.place\/fr\/wp-json\/wp\/v2\/media?parent=10171"}],"curies":[{"name":"wp","href":"https:\/\/api.w.org\/{rel}","templated":true}]}}