{"id":10209,"date":"2022-01-15T20:59:41","date_gmt":"2022-01-15T20:59:41","guid":{"rendered":"https:\/\/helpmate.place\/a-propos-de-nous\/"},"modified":"2025-03-19T14:54:45","modified_gmt":"2025-03-19T14:54:45","slug":"a-propos-de-nous","status":"publish","type":"page","link":"https:\/\/helpmate.place\/fr\/a-propos-de-nous\/","title":{"rendered":"De nous"},"content":{"rendered":"\n<div class=\"wp-block-cover alignfull\" style=\"min-height:259px;aspect-ratio:unset;\"><span aria-hidden=\"true\" class=\"wp-block-cover__background has-background-dim-100 has-background-dim has-background-gradient\" style=\"background:linear-gradient(135deg,rgb(6,147,227) 0%,rgb(25,8,107) 100%)\"><\/span><div class=\"wp-block-cover__inner-container is-layout-flow wp-block-cover-is-layout-flow\">\n<h2 class=\"wp-block-heading has-luminous-vivid-amber-color has-text-color\" id=\"welcome-to-helpmate\" style=\"line-height:1\"><strong>Bienvenue sur HelpMate<\/strong><\/h2>\n\n\n\n<p class=\"has-text-align-left has-white-color has-text-color\" style=\"font-size:40px;line-height:1\"><strong>Votre guide dans le monde num\u00e9rique<\/strong><\/p>\n<\/div><\/div>\n\n<div style=\"height:15px\" aria-hidden=\"true\" class=\"wp-block-spacer\"><\/div>\n\n<div style=\"height:24px\" aria-hidden=\"true\" class=\"wp-block-spacer\"><\/div>\n\n<p>Rencontrez d&rsquo;autres passionn\u00e9s de technologie qui font bouger les choses dans les domaines de l&rsquo;IA, de l&rsquo;informatique et de la technologie. Ensemble, nous pouvons cr\u00e9er des liens et des partenariats avec l&rsquo;industrie et apporter de la valeur ajout\u00e9e \u00e0 notre communaut\u00e9 d&rsquo;innovateurs. Prenez contact avec nous d\u00e8s aujourd&rsquo;hui et commen\u00e7ons \u00e0 travailler ensemble.  <\/p>\n\n<p>Chez HelpMate, nous sommes une \u00e9quipe de professionnels et de passionn\u00e9s de technologie qui se consacrent \u00e0 fournir un contenu informatif et de qualit\u00e9 \u00e0 notre public. Nous nous effor\u00e7ons d&rsquo;\u00eatre une source fiable d&rsquo;informations impartiales et de conseils pratiques. <\/p>\n\n<p>Nous sommes fiers d&rsquo;\u00eatre exhaustifs, de fournir des examens approfondis et une analyse d\u00e9taill\u00e9e des informations pour vous aider \u00e0 \u00e9valuer les risques li\u00e9s \u00e0 l&rsquo;activit\u00e9 et \u00e0 prendre des d\u00e9cisions en connaissance de cause.<\/p>\n\n<h2 class=\"wp-block-heading\" id=\"our-story\">Notre histoire<\/h2>\n\n<p>Tout est parti d&rsquo;une id\u00e9e simple : que tout le monde m\u00e9rite des conseils clairs et impartiaux dans le monde de la technologie. HelpMate est devenu une communaut\u00e9 de passionn\u00e9s de technologie et de r\u00e9solveurs de probl\u00e8mes, o\u00f9 nous entreprenons diverses activit\u00e9s pour soutenir notre communaut\u00e9, y compris des opportunit\u00e9s de r\u00e9seautage d&rsquo;affaires. <\/p>\n\n<p>M\u00eame avec des ann\u00e9es d&rsquo;exp\u00e9rience et une orientation vers le service \u00e0 la client\u00e8le, nous savons \u00e0 quel point il est difficile de suivre l&rsquo;\u00e9volution constante de la technologie, c&rsquo;est pourquoi nous sommes l\u00e0 pour \u00eatre votre assistant.<\/p>\n\n<h2 class=\"wp-block-heading\" id=\"why-do-we-stand-out\">Pourquoi nous d\u00e9marquons-nous ?<\/h2>\n\n<p>Nous adoptons une approche pratique des tests et des examens :<\/p>\n<div class=\"wpsm_checklist wpsm_pretty_list\"><ul><li>Software solutions and AI tools<\/li><li>SEO strategies and digital marketing tools<\/li><li>Gaming technologies and experiences<\/li><li>Content Management Systems<\/li><\/ul><\/div>\n<p>Notre groupe est compos\u00e9 de professionnels exp\u00e9riment\u00e9s, chacun apportant son expertise unique. Nous ne nous contentons pas d&rsquo;effleurer la surface &#8211; nous nous plongeons dans chacun des produits et services que nous \u00e9valuons, afin de vous fournir des informations compl\u00e8tes et pratiques qui comptent. Nos \u00e9valuations couvrent un large \u00e9ventail de services technologiques et de produits num\u00e9riques, notamment des logiciels, des outils de r\u00e9f\u00e9rencement, des outils d&rsquo;intelligence artificielle et des syst\u00e8mes de gestion de contenu, ce qui t\u00e9moigne de notre grande implication et de notre engagement in\u00e9branlable en faveur de la qualit\u00e9.  <\/p>\n\n<h2 class=\"wp-block-heading\" id=\"our-mission\">Notre mission<\/h2>\n\n<p>Notre objectif est simple : vous aider \u00e0 prendre d&rsquo;excellentes d\u00e9cisions concernant la technologie que vous utilisez. Les articles que nous produisons fournissent des rapports et des informations essentiels sur diff\u00e9rents programmes et logiciels, aidant les entreprises \u00e0 comprendre les risques potentiels et \u00e0 s&rsquo;assurer qu&rsquo;elles disposent d&rsquo;informations pr\u00e9cises et actualis\u00e9es. <\/p>\n\n<p>Nous croyons en :<\/p>\n<div class=\"wpsm_checklist wpsm_pretty_list\"><ul><li>Delivering honest, unbiased reviews<\/li><li>Making complex technology accessible<\/li><li>Building a community of informed tech users<\/li><li>Staying ahead of digital trends<\/li><li>Providing practical, actionable advice<\/li><\/ul><\/div>\n<h2 class=\"wp-block-heading\" id=\"how-we-work-our-services\">Comment nous travaillons : Nos services<\/h2>\n\n<p>Chaque avis et article que nous publions est soumis \u00e0 un processus d&rsquo;\u00e9valuation qui met en \u00e9vidence les activit\u00e9s et les services essentiels de HelpMate. Nous proposons une large gamme de produits et de services pour r\u00e9pondre aux divers besoins de nos clients. Nous testons les produits dans des sc\u00e9narios r\u00e9els, nous documentons nos r\u00e9sultats et nous partageons les points forts et les limites que nous d\u00e9couvrons.  <\/p>\n\n<p>Nous faisons partie de programmes publicitaires d&rsquo;affiliation, ce qui signifie que nous percevons une commission si nous \u00e9tablissons un lien avec un produit ou un service. Nous ne pr\u00e9sentons \u00e0 nos lecteurs que les contenus les meilleurs et les plus utiles. <\/p>\n\n<p>Si un produit ou un service que nous recommandons fait l&rsquo;objet d&rsquo;un programme d&rsquo;affiliation, il se peut que nous utilisions des liens d&rsquo;affiliation &#8211; mais cela n&rsquo;affecte pas notre processus de s\u00e9lection, car votre confiance reste toujours notre priorit\u00e9. L&rsquo;utilisation de nos liens d&rsquo;affiliation ne vous co\u00fbte rien de plus en tant que consommateur &#8211; votre prix d&rsquo;achat reste le m\u00eame. <\/p>\n\n<h2 class=\"wp-block-heading\" id=\"joinourbusiness\">Participez \u00e0 notre voyage d&rsquo;affaires<\/h2>\n\n<p>Que vous soyez un professionnel de la technologie, un propri\u00e9taire d&rsquo;entreprise ou simplement quelqu&rsquo;un qui souhaite rester \u00e0 la pointe de la technologie et obtenir des informations d\u00e9taill\u00e9es sur divers aspects num\u00e9riques, HelpMate est votre compagnon fiable. Connectez-vous \u00e0 notre newsletter, suivez-nous sur les m\u00e9dias sociaux et devenez membre de notre communaut\u00e9 grandissante de passionn\u00e9s de technologie. <\/p>\n\n<p>Commen\u00e7ons &#8211; <a href=\"mailto:info@helpmate.place\">info@helpmate.place<\/a><\/p>\n\n<p><\/p>\n","protected":false},"excerpt":{"rendered":"<p>Rencontrez d&rsquo;autres passionn\u00e9s de technologie qui font bouger les choses dans les domaines de l&rsquo;IA, de l&rsquo;informatique et de la technologie. Ensemble, nous pouvons cr\u00e9er des liens et des partenariats avec l&rsquo;industrie et apporter de la valeur ajout\u00e9e \u00e0 notre communaut\u00e9 d&rsquo;innovateurs. Prenez contact avec nous d\u00e8s aujourd&rsquo;hui et commen\u00e7ons \u00e0 travailler ensemble. Chez HelpMate, [&hellip;]<\/p>\n","protected":false},"author":1,"featured_media":0,"parent":0,"menu_order":0,"comment_status":"closed","ping_status":"closed","template":"","meta":{"_gspb_post_css":"","footnotes":""},"class_list":["post-10209","page","type-page","status-publish","hentry"],"yoast_head":"<!-- This site is optimized with the Yoast SEO Premium plugin v26.5 (Yoast SEO v27.2) - https:\/\/yoast.com\/product\/yoast-seo-premium-wordpress\/ -->\n<title>De nous - Revue AI &amp; Innovation : L&#039;avenir de la technologie de pointe<\/title>\n<meta name=\"robots\" content=\"index, follow, max-snippet:-1, max-image-preview:large, max-video-preview:-1\" \/>\n<link rel=\"canonical\" href=\"https:\/\/helpmate.place\/fr\/a-propos-de-nous\/\" class=\"yoast-seo-meta-tag\" \/>\n<meta property=\"og:locale\" content=\"fr_FR\" class=\"yoast-seo-meta-tag\" \/>\n<meta property=\"og:type\" content=\"article\" class=\"yoast-seo-meta-tag\" \/>\n<meta property=\"og:title\" content=\"De nous\" class=\"yoast-seo-meta-tag\" \/>\n<meta property=\"og:description\" content=\"Rencontrez d&rsquo;autres passionn\u00e9s de technologie qui font bouger les choses dans les domaines de l&rsquo;IA, de l&rsquo;informatique et de la technologie. Ensemble, nous pouvons cr\u00e9er des liens et des partenariats avec l&rsquo;industrie et apporter de la valeur ajout\u00e9e \u00e0 notre communaut\u00e9 d&rsquo;innovateurs. Prenez contact avec nous d\u00e8s aujourd&rsquo;hui et commen\u00e7ons \u00e0 travailler ensemble. Chez HelpMate, [&hellip;]\" class=\"yoast-seo-meta-tag\" \/>\n<meta property=\"og:url\" content=\"https:\/\/helpmate.place\/fr\/a-propos-de-nous\/\" class=\"yoast-seo-meta-tag\" \/>\n<meta property=\"og:site_name\" content=\"Revue AI &amp; Innovation : L&#039;avenir de la technologie de pointe\" class=\"yoast-seo-meta-tag\" \/>\n<meta property=\"article:publisher\" content=\"https:\/\/www.facebook.com\/profile.php?id=61577530144103\" class=\"yoast-seo-meta-tag\" \/>\n<meta property=\"article:modified_time\" content=\"2025-03-19T14:54:45+00:00\" class=\"yoast-seo-meta-tag\" \/>\n<meta property=\"og:image\" content=\"https:\/\/helpmate.place\/wp-content\/uploads\/2025\/08\/helpmate-profile_page.jpg\" class=\"yoast-seo-meta-tag\" \/>\n\t<meta property=\"og:image:width\" content=\"675\" class=\"yoast-seo-meta-tag\" \/>\n\t<meta property=\"og:image:height\" content=\"675\" class=\"yoast-seo-meta-tag\" \/>\n\t<meta property=\"og:image:type\" content=\"image\/jpeg\" class=\"yoast-seo-meta-tag\" \/>\n<meta name=\"twitter:label1\" content=\"Dur\u00e9e de lecture estim\u00e9e\" class=\"yoast-seo-meta-tag\" \/>\n\t<meta name=\"twitter:data1\" content=\"3 minutes\" class=\"yoast-seo-meta-tag\" \/>\n<script type=\"application\/ld+json\" class=\"yoast-schema-graph\">{\"@context\":\"https:\/\/schema.org\",\"@graph\":[{\"@type\":\"WebPage\",\"@id\":\"https:\/\/helpmate.place\/fr\/a-propos-de-nous\/\",\"url\":\"https:\/\/helpmate.place\/fr\/a-propos-de-nous\/\",\"name\":\"De nous - Revue AI &amp; Innovation : L'avenir de la technologie de pointe\",\"isPartOf\":{\"@id\":\"https:\/\/helpmate.place\/#website\"},\"datePublished\":\"2022-01-15T20:59:41+00:00\",\"dateModified\":\"2025-03-19T14:54:45+00:00\",\"breadcrumb\":{\"@id\":\"https:\/\/helpmate.place\/fr\/a-propos-de-nous\/#breadcrumb\"},\"inLanguage\":\"fr-FR\",\"potentialAction\":[{\"@type\":\"ReadAction\",\"target\":[\"https:\/\/helpmate.place\/fr\/a-propos-de-nous\/\"]}]},{\"@type\":\"BreadcrumbList\",\"@id\":\"https:\/\/helpmate.place\/fr\/a-propos-de-nous\/#breadcrumb\",\"itemListElement\":[{\"@type\":\"ListItem\",\"position\":1,\"name\":\"Home\",\"item\":\"https:\/\/helpmate.place\/fr\/\"},{\"@type\":\"ListItem\",\"position\":2,\"name\":\"De nous\"}]},{\"@type\":\"WebSite\",\"@id\":\"https:\/\/helpmate.place\/#website\",\"url\":\"https:\/\/helpmate.place\/\",\"name\":\"Smart gadgets, new technologies, tips and reviews.\",\"description\":\"Trouvez les meilleurs commentaires\",\"publisher\":{\"@id\":\"https:\/\/helpmate.place\/#organization\"},\"alternateName\":\"Helpmate.Place\",\"potentialAction\":[{\"@type\":\"SearchAction\",\"target\":{\"@type\":\"EntryPoint\",\"urlTemplate\":\"https:\/\/helpmate.place\/?s={search_term_string}\"},\"query-input\":{\"@type\":\"PropertyValueSpecification\",\"valueRequired\":true,\"valueName\":\"search_term_string\"}}],\"inLanguage\":\"fr-FR\"},{\"@type\":\"Organization\",\"@id\":\"https:\/\/helpmate.place\/#organization\",\"name\":\"HelpMatePlace\",\"alternateName\":\"HelpMate\",\"url\":\"https:\/\/helpmate.place\/\",\"logo\":{\"@type\":\"ImageObject\",\"inLanguage\":\"fr-FR\",\"@id\":\"https:\/\/helpmate.place\/#\/schema\/logo\/image\/\",\"url\":\"https:\/\/helpmate.place\/wp-content\/uploads\/2025\/08\/helpmate-profile_page.jpg\",\"contentUrl\":\"https:\/\/helpmate.place\/wp-content\/uploads\/2025\/08\/helpmate-profile_page.jpg\",\"width\":675,\"height\":675,\"caption\":\"HelpMatePlace\"},\"image\":{\"@id\":\"https:\/\/helpmate.place\/#\/schema\/logo\/image\/\"},\"sameAs\":[\"https:\/\/www.facebook.com\/profile.php?id=61577530144103\",\"https:\/\/www.instagram.com\/helpmate.place\/\",\"https:\/\/www.youtube.com\/@HelpmatePlace_PL\",\"https:\/\/pl.pinterest.com\/HelpMate_PL\/\"],\"description\":\"HelpMate_PL to spo\u0142eczno\u015b\u0107 technologiczna zapewniaj\u0105ca rzetelne rekomendacje RTV i AGD, u\u0142atwiaj\u0105ce codzienne \u017cycie dzi\u0119ki wsp\u00f3\u0142pracy z renomowanymi producentami. Wspieramy \u015bwiadome zakupy, oferuj\u0105c obiektywne porady. Jako Partner Amazon, Temu, Aliexpress, Media Expert, x-kom, Komputronik i rtv euro agd otrzymujemy niewielkie wynagrodzenie za okre\u015blone transakcje. Do\u0142\u0105cz do nas, by odkry\u0107 innowacyjne rozwi\u0105zania!\",\"email\":\"info@helpmate.place\",\"telephone\":\"+48 693 288 385\",\"legalName\":\"Skrivanek Sp. z o.o.\",\"foundingDate\":\"1997-01-01\",\"vatID\":\"634-22-45-400\",\"taxID\":\"273716037\",\"numberOfEmployees\":{\"@type\":\"QuantitativeValue\",\"minValue\":\"51\",\"maxValue\":\"200\"},\"publishingPrinciples\":\"https:\/\/helpmate.place\/\",\"ownershipFundingInfo\":\"https:\/\/helpmate.place\/o-nas\/\",\"actionableFeedbackPolicy\":\"https:\/\/helpmate.place\/wspolpraca\/\",\"correctionsPolicy\":\"https:\/\/helpmate.place\/wspolpraca\/\",\"ethicsPolicy\":\"https:\/\/helpmate.place\/o-nas\/\",\"diversityPolicy\":\"https:\/\/helpmate.place\/o-nas\/\",\"diversityStaffingReport\":\"https:\/\/helpmate.place\/o-nas\/\"}]}<\/script>\n<!-- \/ Yoast SEO Premium plugin. -->","yoast_head_json":{"title":"De nous - Revue AI &amp; Innovation : L'avenir de la technologie de pointe","robots":{"index":"index","follow":"follow","max-snippet":"max-snippet:-1","max-image-preview":"max-image-preview:large","max-video-preview":"max-video-preview:-1"},"canonical":"https:\/\/helpmate.place\/fr\/a-propos-de-nous\/","og_locale":"fr_FR","og_type":"article","og_title":"De nous","og_description":"Rencontrez d&rsquo;autres passionn\u00e9s de technologie qui font bouger les choses dans les domaines de l&rsquo;IA, de l&rsquo;informatique et de la technologie. Ensemble, nous pouvons cr\u00e9er des liens et des partenariats avec l&rsquo;industrie et apporter de la valeur ajout\u00e9e \u00e0 notre communaut\u00e9 d&rsquo;innovateurs. Prenez contact avec nous d\u00e8s aujourd&rsquo;hui et commen\u00e7ons \u00e0 travailler ensemble. Chez HelpMate, [&hellip;]","og_url":"https:\/\/helpmate.place\/fr\/a-propos-de-nous\/","og_site_name":"Revue AI &amp; Innovation : L'avenir de la technologie de pointe","article_publisher":"https:\/\/www.facebook.com\/profile.php?id=61577530144103","article_modified_time":"2025-03-19T14:54:45+00:00","og_image":[{"width":675,"height":675,"url":"https:\/\/helpmate.place\/wp-content\/uploads\/2025\/08\/helpmate-profile_page.jpg","type":"image\/jpeg"}],"twitter_misc":{"Dur\u00e9e de lecture estim\u00e9e":"3 minutes"},"schema":{"@context":"https:\/\/schema.org","@graph":[{"@type":"WebPage","@id":"https:\/\/helpmate.place\/fr\/a-propos-de-nous\/","url":"https:\/\/helpmate.place\/fr\/a-propos-de-nous\/","name":"De nous - Revue AI &amp; Innovation : L'avenir de la technologie de pointe","isPartOf":{"@id":"https:\/\/helpmate.place\/#website"},"datePublished":"2022-01-15T20:59:41+00:00","dateModified":"2025-03-19T14:54:45+00:00","breadcrumb":{"@id":"https:\/\/helpmate.place\/fr\/a-propos-de-nous\/#breadcrumb"},"inLanguage":"fr-FR","potentialAction":[{"@type":"ReadAction","target":["https:\/\/helpmate.place\/fr\/a-propos-de-nous\/"]}]},{"@type":"BreadcrumbList","@id":"https:\/\/helpmate.place\/fr\/a-propos-de-nous\/#breadcrumb","itemListElement":[{"@type":"ListItem","position":1,"name":"Home","item":"https:\/\/helpmate.place\/fr\/"},{"@type":"ListItem","position":2,"name":"De nous"}]},{"@type":"WebSite","@id":"https:\/\/helpmate.place\/#website","url":"https:\/\/helpmate.place\/","name":"Smart gadgets, new technologies, tips and reviews.","description":"Trouvez les meilleurs commentaires","publisher":{"@id":"https:\/\/helpmate.place\/#organization"},"alternateName":"Helpmate.Place","potentialAction":[{"@type":"SearchAction","target":{"@type":"EntryPoint","urlTemplate":"https:\/\/helpmate.place\/?s={search_term_string}"},"query-input":{"@type":"PropertyValueSpecification","valueRequired":true,"valueName":"search_term_string"}}],"inLanguage":"fr-FR"},{"@type":"Organization","@id":"https:\/\/helpmate.place\/#organization","name":"HelpMatePlace","alternateName":"HelpMate","url":"https:\/\/helpmate.place\/","logo":{"@type":"ImageObject","inLanguage":"fr-FR","@id":"https:\/\/helpmate.place\/#\/schema\/logo\/image\/","url":"https:\/\/helpmate.place\/wp-content\/uploads\/2025\/08\/helpmate-profile_page.jpg","contentUrl":"https:\/\/helpmate.place\/wp-content\/uploads\/2025\/08\/helpmate-profile_page.jpg","width":675,"height":675,"caption":"HelpMatePlace"},"image":{"@id":"https:\/\/helpmate.place\/#\/schema\/logo\/image\/"},"sameAs":["https:\/\/www.facebook.com\/profile.php?id=61577530144103","https:\/\/www.instagram.com\/helpmate.place\/","https:\/\/www.youtube.com\/@HelpmatePlace_PL","https:\/\/pl.pinterest.com\/HelpMate_PL\/"],"description":"HelpMate_PL to spo\u0142eczno\u015b\u0107 technologiczna zapewniaj\u0105ca rzetelne rekomendacje RTV i AGD, u\u0142atwiaj\u0105ce codzienne \u017cycie dzi\u0119ki wsp\u00f3\u0142pracy z renomowanymi producentami. Wspieramy \u015bwiadome zakupy, oferuj\u0105c obiektywne porady. Jako Partner Amazon, Temu, Aliexpress, Media Expert, x-kom, Komputronik i rtv euro agd otrzymujemy niewielkie wynagrodzenie za okre\u015blone transakcje. Do\u0142\u0105cz do nas, by odkry\u0107 innowacyjne rozwi\u0105zania!","email":"info@helpmate.place","telephone":"+48 693 288 385","legalName":"Skrivanek Sp. z o.o.","foundingDate":"1997-01-01","vatID":"634-22-45-400","taxID":"273716037","numberOfEmployees":{"@type":"QuantitativeValue","minValue":"51","maxValue":"200"},"publishingPrinciples":"https:\/\/helpmate.place\/","ownershipFundingInfo":"https:\/\/helpmate.place\/o-nas\/","actionableFeedbackPolicy":"https:\/\/helpmate.place\/wspolpraca\/","correctionsPolicy":"https:\/\/helpmate.place\/wspolpraca\/","ethicsPolicy":"https:\/\/helpmate.place\/o-nas\/","diversityPolicy":"https:\/\/helpmate.place\/o-nas\/","diversityStaffingReport":"https:\/\/helpmate.place\/o-nas\/"}]}},"_links":{"self":[{"href":"https:\/\/helpmate.place\/fr\/wp-json\/wp\/v2\/pages\/10209","targetHints":{"allow":["GET"]}}],"collection":[{"href":"https:\/\/helpmate.place\/fr\/wp-json\/wp\/v2\/pages"}],"about":[{"href":"https:\/\/helpmate.place\/fr\/wp-json\/wp\/v2\/types\/page"}],"author":[{"embeddable":true,"href":"https:\/\/helpmate.place\/fr\/wp-json\/wp\/v2\/users\/1"}],"replies":[{"embeddable":true,"href":"https:\/\/helpmate.place\/fr\/wp-json\/wp\/v2\/comments?post=10209"}],"version-history":[{"count":2,"href":"https:\/\/helpmate.place\/fr\/wp-json\/wp\/v2\/pages\/10209\/revisions"}],"predecessor-version":[{"id":10952,"href":"https:\/\/helpmate.place\/fr\/wp-json\/wp\/v2\/pages\/10209\/revisions\/10952"}],"wp:attachment":[{"href":"https:\/\/helpmate.place\/fr\/wp-json\/wp\/v2\/media?parent=10209"}],"curies":[{"name":"wp","href":"https:\/\/api.w.org\/{rel}","templated":true}]}}