{"id":10147,"date":"2021-06-02T15:13:59","date_gmt":"2021-06-02T15:13:59","guid":{"rendered":"https:\/\/helpmate.place\/colaboracao\/"},"modified":"2025-03-19T14:51:46","modified_gmt":"2025-03-19T14:51:46","slug":"colaboracao","status":"publish","type":"page","link":"https:\/\/helpmate.place\/pt-pt\/colaboracao\/","title":{"rendered":"Colabora\u00e7\u00e3o"},"content":{"rendered":"\n<div class=\"wp-block-cover alignfull\" style=\"min-height:259px;aspect-ratio:unset;\"><span aria-hidden=\"true\" class=\"wp-block-cover__background has-background-dim-100 has-background-dim has-background-gradient\" style=\"background:linear-gradient(135deg,rgb(6,147,227) 0%,rgb(25,8,107) 100%)\"><\/span><div class=\"wp-block-cover__inner-container is-layout-flow wp-block-cover-is-layout-flow\">\n<h2 class=\"wp-block-heading has-luminous-vivid-amber-color has-text-color\" id=\"helpmate\" style=\"line-height:1\"><strong>AjudaMate  <\/strong><\/h2>\n\n\n\n<p class=\"has-text-align-left has-white-color has-text-color\" style=\"font-size:40px;line-height:1\"><strong>Onde a tecnologia lidera o caminho<\/strong><\/p>\n<\/div><\/div>\n\n<div style=\"height:15px\" aria-hidden=\"true\" class=\"wp-block-spacer\"><\/div>\n\n<div style=\"height:24px\" aria-hidden=\"true\" class=\"wp-block-spacer\"><\/div>\n\n<div style=\"height:15px\" aria-hidden=\"true\" class=\"wp-block-spacer\"><\/div>\n\n<h2 class=\"wp-block-heading\" id=\"collaboration\">Colabora\u00e7\u00e3o<\/h2>\n\n<p>Na <strong>HelpMate <\/strong>acreditamos que o verdadeiro crescimento vem da colabora\u00e7\u00e3o, da inova\u00e7\u00e3o e do sucesso partilhado. A nossa plataforma \u00e9 um espa\u00e7o para a resolu\u00e7\u00e3o de problemas e liga\u00e7\u00f5es tecnol\u00f3gicas, onde todos se podem juntar para trabalhar em projectos com impacto. Quer se trate de IA, de inova\u00e7\u00e3o tecnol\u00f3gica ou de novas ferramentas de TI, estamos aqui para construir uma rede de parcerias que impulsionem o progresso real.  <\/p>\n\n<h3 class=\"wp-block-heading\" id=\"partner-for-progress-and-brand-visibility\">Parceiro para o progresso e a visibilidade da marca<\/h3>\n\n<p>As nossas op\u00e7\u00f5es de colabora\u00e7\u00e3o s\u00e3o flex\u00edveis para se adaptarem \u00e0s diversas necessidades dos nossos parceiros e \u00e0 r\u00e1pida evolu\u00e7\u00e3o do panorama da IA e das TI. Ao juntares-te \u00e0 nossa rede, ter\u00e1s uma maior visibilidade da marca, conhecimentos especializados e valiosas parcerias de SEO para impulsionar a tua presen\u00e7a. As nossas op\u00e7\u00f5es de parceria incluem a publica\u00e7\u00e3o de artigos como convidado na nossa plataforma, onde podes mostrar a tua experi\u00eancia e oportunidades de publica\u00e7\u00e3o que d\u00e3o links dofollow para o teu site.  <\/p>\n\n<p>Para al\u00e9m das colabora\u00e7\u00f5es de conte\u00fados <strong>, a HelpMate <\/strong>tamb\u00e9m oferece parcerias de afiliados para aqueles que querem promover produtos de IA e tecnologia. Atrav\u00e9s de links de afiliados cuidadosamente selecionados, ligamos o nosso p\u00fablico aos principais produtos e servi\u00e7os de IA, novas tecnologias e ferramentas digitais. Estas liga\u00e7\u00f5es de afiliados s\u00e3o incorporadas nos nossos artigos para que os nossos parceiros tenham mais visibilidade e o nosso p\u00fablico tenha acesso direto \u00e0s ferramentas e servi\u00e7os inovadores que melhoram as suas capacidades tecnol\u00f3gicas. Apoiamos os nossos parceiros enquanto partilhamos solu\u00e7\u00f5es de qualidade que o nosso p\u00fablico tecnol\u00f3gico adora.   <\/p>\n\n<h3 class=\"wp-block-heading\" id=\"sponsored-articles\">Artigos patrocinados<\/h3>\n\n<p>Na HelpMate, oferecemos oportunidades personalizadas para a publica\u00e7\u00e3o de artigos patrocinados para aumentar a visibilidade da tua marca nos sectores da IA, tecnologia e TI. O conte\u00fado patrocinado permite-te apresentar os teus produtos, servi\u00e7os ou conhecimentos diretamente ao nosso p\u00fablico dedicado, posicionando a tua marca como l\u00edder no sector. Eis como podes tirar partido das nossas op\u00e7\u00f5es de artigos patrocinados:  <\/p>\n<div class=\"wpsm_checklist wpsm_pretty_list\"><ul><li><strong>Article Publication with 2 Dofollow Links<\/strong>: Your article will stay on our website for life, offering a lasting SEO benefit without additional promotion on the main pages. <strong>(349 PLN net)<\/strong><\/li><li><strong>Article Publication with Nofollow Links<\/strong>: A perfect option for those who want to share their expertise and insights without directly impacting SEO. <strong>(139 PLN net)<\/strong><\/li><\/ul><\/div>\n<p><strong>Entra em contacto connosco para saberes como um artigo patrocinado na HelpMate pode melhorar a presen\u00e7a da tua marca e estabelecer uma liga\u00e7\u00e3o com a nossa comunidade tecnol\u00f3gica empenhada!<\/strong><\/p>\n\n<h3 class=\"wp-block-heading\" id=\"affiliate-partnerships\">Parcerias de afiliados<\/h3>\n\n<p>As nossas liga\u00e7\u00f5es de afiliados guiam-te para produtos e servi\u00e7os cuidadosamente selecionados que se alinham com o nosso foco em IA e tecnologia. Quando os utilizadores clicam nestes links, podemos ganhar uma comiss\u00e3o sobre as vendas, o que nos ajuda a apoiar a plataforma e a melhorar o nosso conte\u00fado. As nossas parcerias de afiliados s\u00e3o perfeitas para as marcas de IA e tecnologia que pretendam alcan\u00e7ar um p\u00fablico mais vasto e obter visibilidade atrav\u00e9s da nossa rede.  <\/p>\n\n<h3 class=\"wp-block-heading\" id=\"let-s-get-started\">Come\u00e7a a trabalhar<\/h3>\n\n<p>Est\u00e1s interessado em colaborar ou em parcerias de afilia\u00e7\u00e3o? Entra em contacto connosco para discutirmos a forma como podemos trabalhar em conjunto para impulsionar o progresso, o crescimento e as liga\u00e7\u00f5es ao sector. A nossa equipa responder\u00e1 \u00e0s tuas perguntas, fornecer\u00e1 mais informa\u00e7\u00f5es sobre as nossas parcerias SEO e programas de afiliados e falar\u00e1 sobre como podemos avan\u00e7ar.  <\/p>\n\n<p>Vamos ligar-nos a outros entusiastas da tecnologia que est\u00e3o a mudar o rumo da IA, das TI e da tecnologia. Juntos, podemos criar liga\u00e7\u00f5es e parcerias industriais e acrescentar valor \u00e0 nossa comunidade de inovadores. Entra em contacto hoje e vamos come\u00e7ar.  <\/p>\n\n<h2 class=\"wp-block-heading\" id=\"newsletter\">Boletim informativo<\/h2>\n\n<p>Subscreve a nossa newsletter para receberes dicas de especialistas, an\u00e1lises e actualiza\u00e7\u00f5es exclusivas diretamente na tua caixa de correio. N\u00e3o percas os conhecimentos que podem elevar os teus projectos digitais e fazer com que a tecnologia trabalhe para ti! <\/p>\n\n<h2 class=\"wp-block-heading\" id=\"contact\">Contacto<\/h2>\n\n<p><a href=\"mailto:info@helpmate.place\">info@helpmate.place<\/a><\/p>\n\n<p><strong>Entra em contacto connosco &#8211; estamos apenas a uma mensagem de dist\u00e2ncia!<\/strong><\/p>\n","protected":false},"excerpt":{"rendered":"<p>Colabora\u00e7\u00e3o Na HelpMate acreditamos que o verdadeiro crescimento vem da colabora\u00e7\u00e3o, da inova\u00e7\u00e3o e do sucesso partilhado. A nossa plataforma \u00e9 um espa\u00e7o para a resolu\u00e7\u00e3o de problemas e liga\u00e7\u00f5es tecnol\u00f3gicas, onde todos se podem juntar para trabalhar em projectos com impacto. Quer se trate de IA, de inova\u00e7\u00e3o tecnol\u00f3gica ou de novas ferramentas de [&hellip;]<\/p>\n","protected":false},"author":1,"featured_media":0,"parent":0,"menu_order":0,"comment_status":"closed","ping_status":"closed","template":"","meta":{"_gspb_post_css":"","footnotes":""},"class_list":["post-10147","page","type-page","status-publish","hentry"],"yoast_head":"<!-- This site is optimized with the Yoast SEO Premium plugin v26.5 (Yoast SEO v27.2) - https:\/\/yoast.com\/product\/yoast-seo-premium-wordpress\/ -->\n<title>Colabora\u00e7\u00e3o - An\u00e1lise da IA e da inova\u00e7\u00e3o: O futuro da tecnologia da pr\u00f3xima gera\u00e7\u00e3o<\/title>\n<meta name=\"robots\" content=\"index, follow, max-snippet:-1, max-image-preview:large, max-video-preview:-1\" \/>\n<link rel=\"canonical\" href=\"https:\/\/helpmate.place\/pt-pt\/colaboracao\/\" class=\"yoast-seo-meta-tag\" \/>\n<meta property=\"og:locale\" content=\"pt_PT\" class=\"yoast-seo-meta-tag\" \/>\n<meta property=\"og:type\" content=\"article\" class=\"yoast-seo-meta-tag\" \/>\n<meta property=\"og:title\" content=\"Colabora\u00e7\u00e3o\" class=\"yoast-seo-meta-tag\" \/>\n<meta property=\"og:description\" content=\"Colabora\u00e7\u00e3o Na HelpMate acreditamos que o verdadeiro crescimento vem da colabora\u00e7\u00e3o, da inova\u00e7\u00e3o e do sucesso partilhado. A nossa plataforma \u00e9 um espa\u00e7o para a resolu\u00e7\u00e3o de problemas e liga\u00e7\u00f5es tecnol\u00f3gicas, onde todos se podem juntar para trabalhar em projectos com impacto. Quer se trate de IA, de inova\u00e7\u00e3o tecnol\u00f3gica ou de novas ferramentas de [&hellip;]\" class=\"yoast-seo-meta-tag\" \/>\n<meta property=\"og:url\" content=\"https:\/\/helpmate.place\/pt-pt\/colaboracao\/\" class=\"yoast-seo-meta-tag\" \/>\n<meta property=\"og:site_name\" content=\"An\u00e1lise da IA e da inova\u00e7\u00e3o: O futuro da tecnologia da pr\u00f3xima gera\u00e7\u00e3o\" class=\"yoast-seo-meta-tag\" \/>\n<meta property=\"article:publisher\" content=\"https:\/\/www.facebook.com\/profile.php?id=61577530144103\" class=\"yoast-seo-meta-tag\" \/>\n<meta property=\"article:modified_time\" content=\"2025-03-19T14:51:46+00:00\" class=\"yoast-seo-meta-tag\" \/>\n<meta property=\"og:image\" content=\"https:\/\/helpmate.place\/wp-content\/uploads\/2025\/08\/helpmate-profile_page.jpg\" class=\"yoast-seo-meta-tag\" \/>\n\t<meta property=\"og:image:width\" content=\"675\" class=\"yoast-seo-meta-tag\" \/>\n\t<meta property=\"og:image:height\" content=\"675\" class=\"yoast-seo-meta-tag\" \/>\n\t<meta property=\"og:image:type\" content=\"image\/jpeg\" class=\"yoast-seo-meta-tag\" \/>\n<meta name=\"twitter:label1\" content=\"Tempo estimado de leitura\" class=\"yoast-seo-meta-tag\" \/>\n\t<meta name=\"twitter:data1\" content=\"3 minutos\" class=\"yoast-seo-meta-tag\" \/>\n<script type=\"application\/ld+json\" class=\"yoast-schema-graph\">{\"@context\":\"https:\/\/schema.org\",\"@graph\":[{\"@type\":\"WebPage\",\"@id\":\"https:\/\/helpmate.place\/pt-pt\/colaboracao\/\",\"url\":\"https:\/\/helpmate.place\/pt-pt\/colaboracao\/\",\"name\":\"Colabora\u00e7\u00e3o - An\u00e1lise da IA e da inova\u00e7\u00e3o: O futuro da tecnologia da pr\u00f3xima gera\u00e7\u00e3o\",\"isPartOf\":{\"@id\":\"https:\/\/helpmate.place\/#website\"},\"datePublished\":\"2021-06-02T15:13:59+00:00\",\"dateModified\":\"2025-03-19T14:51:46+00:00\",\"breadcrumb\":{\"@id\":\"https:\/\/helpmate.place\/pt-pt\/colaboracao\/#breadcrumb\"},\"inLanguage\":\"pt-PT\",\"potentialAction\":[{\"@type\":\"ReadAction\",\"target\":[\"https:\/\/helpmate.place\/pt-pt\/colaboracao\/\"]}]},{\"@type\":\"BreadcrumbList\",\"@id\":\"https:\/\/helpmate.place\/pt-pt\/colaboracao\/#breadcrumb\",\"itemListElement\":[{\"@type\":\"ListItem\",\"position\":1,\"name\":\"Home\",\"item\":\"https:\/\/helpmate.place\/pt-pt\/\"},{\"@type\":\"ListItem\",\"position\":2,\"name\":\"Colabora\u00e7\u00e3o\"}]},{\"@type\":\"WebSite\",\"@id\":\"https:\/\/helpmate.place\/#website\",\"url\":\"https:\/\/helpmate.place\/\",\"name\":\"Smart gadgets, new technologies, tips and reviews.\",\"description\":\"Encontra as melhores cr\u00edticas\",\"publisher\":{\"@id\":\"https:\/\/helpmate.place\/#organization\"},\"alternateName\":\"Helpmate.Place\",\"potentialAction\":[{\"@type\":\"SearchAction\",\"target\":{\"@type\":\"EntryPoint\",\"urlTemplate\":\"https:\/\/helpmate.place\/?s={search_term_string}\"},\"query-input\":{\"@type\":\"PropertyValueSpecification\",\"valueRequired\":true,\"valueName\":\"search_term_string\"}}],\"inLanguage\":\"pt-PT\"},{\"@type\":\"Organization\",\"@id\":\"https:\/\/helpmate.place\/#organization\",\"name\":\"HelpMatePlace\",\"alternateName\":\"HelpMate\",\"url\":\"https:\/\/helpmate.place\/\",\"logo\":{\"@type\":\"ImageObject\",\"inLanguage\":\"pt-PT\",\"@id\":\"https:\/\/helpmate.place\/#\/schema\/logo\/image\/\",\"url\":\"https:\/\/helpmate.place\/wp-content\/uploads\/2025\/08\/helpmate-profile_page.jpg\",\"contentUrl\":\"https:\/\/helpmate.place\/wp-content\/uploads\/2025\/08\/helpmate-profile_page.jpg\",\"width\":675,\"height\":675,\"caption\":\"HelpMatePlace\"},\"image\":{\"@id\":\"https:\/\/helpmate.place\/#\/schema\/logo\/image\/\"},\"sameAs\":[\"https:\/\/www.facebook.com\/profile.php?id=61577530144103\",\"https:\/\/www.instagram.com\/helpmate.place\/\",\"https:\/\/www.youtube.com\/@HelpmatePlace_PL\",\"https:\/\/pl.pinterest.com\/HelpMate_PL\/\"],\"description\":\"HelpMate_PL to spo\u0142eczno\u015b\u0107 technologiczna zapewniaj\u0105ca rzetelne rekomendacje RTV i AGD, u\u0142atwiaj\u0105ce codzienne \u017cycie dzi\u0119ki wsp\u00f3\u0142pracy z renomowanymi producentami. Wspieramy \u015bwiadome zakupy, oferuj\u0105c obiektywne porady. Jako Partner Amazon, Temu, Aliexpress, Media Expert, x-kom, Komputronik i rtv euro agd otrzymujemy niewielkie wynagrodzenie za okre\u015blone transakcje. Do\u0142\u0105cz do nas, by odkry\u0107 innowacyjne rozwi\u0105zania!\",\"email\":\"info@helpmate.place\",\"telephone\":\"+48 693 288 385\",\"legalName\":\"Skrivanek Sp. z o.o.\",\"foundingDate\":\"1997-01-01\",\"vatID\":\"634-22-45-400\",\"taxID\":\"273716037\",\"numberOfEmployees\":{\"@type\":\"QuantitativeValue\",\"minValue\":\"51\",\"maxValue\":\"200\"},\"publishingPrinciples\":\"https:\/\/helpmate.place\/\",\"ownershipFundingInfo\":\"https:\/\/helpmate.place\/o-nas\/\",\"actionableFeedbackPolicy\":\"https:\/\/helpmate.place\/wspolpraca\/\",\"correctionsPolicy\":\"https:\/\/helpmate.place\/wspolpraca\/\",\"ethicsPolicy\":\"https:\/\/helpmate.place\/o-nas\/\",\"diversityPolicy\":\"https:\/\/helpmate.place\/o-nas\/\",\"diversityStaffingReport\":\"https:\/\/helpmate.place\/o-nas\/\"}]}<\/script>\n<!-- \/ Yoast SEO Premium plugin. -->","yoast_head_json":{"title":"Colabora\u00e7\u00e3o - An\u00e1lise da IA e da inova\u00e7\u00e3o: O futuro da tecnologia da pr\u00f3xima gera\u00e7\u00e3o","robots":{"index":"index","follow":"follow","max-snippet":"max-snippet:-1","max-image-preview":"max-image-preview:large","max-video-preview":"max-video-preview:-1"},"canonical":"https:\/\/helpmate.place\/pt-pt\/colaboracao\/","og_locale":"pt_PT","og_type":"article","og_title":"Colabora\u00e7\u00e3o","og_description":"Colabora\u00e7\u00e3o Na HelpMate acreditamos que o verdadeiro crescimento vem da colabora\u00e7\u00e3o, da inova\u00e7\u00e3o e do sucesso partilhado. A nossa plataforma \u00e9 um espa\u00e7o para a resolu\u00e7\u00e3o de problemas e liga\u00e7\u00f5es tecnol\u00f3gicas, onde todos se podem juntar para trabalhar em projectos com impacto. Quer se trate de IA, de inova\u00e7\u00e3o tecnol\u00f3gica ou de novas ferramentas de [&hellip;]","og_url":"https:\/\/helpmate.place\/pt-pt\/colaboracao\/","og_site_name":"An\u00e1lise da IA e da inova\u00e7\u00e3o: O futuro da tecnologia da pr\u00f3xima gera\u00e7\u00e3o","article_publisher":"https:\/\/www.facebook.com\/profile.php?id=61577530144103","article_modified_time":"2025-03-19T14:51:46+00:00","og_image":[{"width":675,"height":675,"url":"https:\/\/helpmate.place\/wp-content\/uploads\/2025\/08\/helpmate-profile_page.jpg","type":"image\/jpeg"}],"twitter_misc":{"Tempo estimado de leitura":"3 minutos"},"schema":{"@context":"https:\/\/schema.org","@graph":[{"@type":"WebPage","@id":"https:\/\/helpmate.place\/pt-pt\/colaboracao\/","url":"https:\/\/helpmate.place\/pt-pt\/colaboracao\/","name":"Colabora\u00e7\u00e3o - An\u00e1lise da IA e da inova\u00e7\u00e3o: O futuro da tecnologia da pr\u00f3xima gera\u00e7\u00e3o","isPartOf":{"@id":"https:\/\/helpmate.place\/#website"},"datePublished":"2021-06-02T15:13:59+00:00","dateModified":"2025-03-19T14:51:46+00:00","breadcrumb":{"@id":"https:\/\/helpmate.place\/pt-pt\/colaboracao\/#breadcrumb"},"inLanguage":"pt-PT","potentialAction":[{"@type":"ReadAction","target":["https:\/\/helpmate.place\/pt-pt\/colaboracao\/"]}]},{"@type":"BreadcrumbList","@id":"https:\/\/helpmate.place\/pt-pt\/colaboracao\/#breadcrumb","itemListElement":[{"@type":"ListItem","position":1,"name":"Home","item":"https:\/\/helpmate.place\/pt-pt\/"},{"@type":"ListItem","position":2,"name":"Colabora\u00e7\u00e3o"}]},{"@type":"WebSite","@id":"https:\/\/helpmate.place\/#website","url":"https:\/\/helpmate.place\/","name":"Smart gadgets, new technologies, tips and reviews.","description":"Encontra as melhores cr\u00edticas","publisher":{"@id":"https:\/\/helpmate.place\/#organization"},"alternateName":"Helpmate.Place","potentialAction":[{"@type":"SearchAction","target":{"@type":"EntryPoint","urlTemplate":"https:\/\/helpmate.place\/?s={search_term_string}"},"query-input":{"@type":"PropertyValueSpecification","valueRequired":true,"valueName":"search_term_string"}}],"inLanguage":"pt-PT"},{"@type":"Organization","@id":"https:\/\/helpmate.place\/#organization","name":"HelpMatePlace","alternateName":"HelpMate","url":"https:\/\/helpmate.place\/","logo":{"@type":"ImageObject","inLanguage":"pt-PT","@id":"https:\/\/helpmate.place\/#\/schema\/logo\/image\/","url":"https:\/\/helpmate.place\/wp-content\/uploads\/2025\/08\/helpmate-profile_page.jpg","contentUrl":"https:\/\/helpmate.place\/wp-content\/uploads\/2025\/08\/helpmate-profile_page.jpg","width":675,"height":675,"caption":"HelpMatePlace"},"image":{"@id":"https:\/\/helpmate.place\/#\/schema\/logo\/image\/"},"sameAs":["https:\/\/www.facebook.com\/profile.php?id=61577530144103","https:\/\/www.instagram.com\/helpmate.place\/","https:\/\/www.youtube.com\/@HelpmatePlace_PL","https:\/\/pl.pinterest.com\/HelpMate_PL\/"],"description":"HelpMate_PL to spo\u0142eczno\u015b\u0107 technologiczna zapewniaj\u0105ca rzetelne rekomendacje RTV i AGD, u\u0142atwiaj\u0105ce codzienne \u017cycie dzi\u0119ki wsp\u00f3\u0142pracy z renomowanymi producentami. Wspieramy \u015bwiadome zakupy, oferuj\u0105c obiektywne porady. Jako Partner Amazon, Temu, Aliexpress, Media Expert, x-kom, Komputronik i rtv euro agd otrzymujemy niewielkie wynagrodzenie za okre\u015blone transakcje. Do\u0142\u0105cz do nas, by odkry\u0107 innowacyjne rozwi\u0105zania!","email":"info@helpmate.place","telephone":"+48 693 288 385","legalName":"Skrivanek Sp. z o.o.","foundingDate":"1997-01-01","vatID":"634-22-45-400","taxID":"273716037","numberOfEmployees":{"@type":"QuantitativeValue","minValue":"51","maxValue":"200"},"publishingPrinciples":"https:\/\/helpmate.place\/","ownershipFundingInfo":"https:\/\/helpmate.place\/o-nas\/","actionableFeedbackPolicy":"https:\/\/helpmate.place\/wspolpraca\/","correctionsPolicy":"https:\/\/helpmate.place\/wspolpraca\/","ethicsPolicy":"https:\/\/helpmate.place\/o-nas\/","diversityPolicy":"https:\/\/helpmate.place\/o-nas\/","diversityStaffingReport":"https:\/\/helpmate.place\/o-nas\/"}]}},"_links":{"self":[{"href":"https:\/\/helpmate.place\/pt-pt\/wp-json\/wp\/v2\/pages\/10147","targetHints":{"allow":["GET"]}}],"collection":[{"href":"https:\/\/helpmate.place\/pt-pt\/wp-json\/wp\/v2\/pages"}],"about":[{"href":"https:\/\/helpmate.place\/pt-pt\/wp-json\/wp\/v2\/types\/page"}],"author":[{"embeddable":true,"href":"https:\/\/helpmate.place\/pt-pt\/wp-json\/wp\/v2\/users\/1"}],"replies":[{"embeddable":true,"href":"https:\/\/helpmate.place\/pt-pt\/wp-json\/wp\/v2\/comments?post=10147"}],"version-history":[{"count":1,"href":"https:\/\/helpmate.place\/pt-pt\/wp-json\/wp\/v2\/pages\/10147\/revisions"}],"predecessor-version":[{"id":10160,"href":"https:\/\/helpmate.place\/pt-pt\/wp-json\/wp\/v2\/pages\/10147\/revisions\/10160"}],"wp:attachment":[{"href":"https:\/\/helpmate.place\/pt-pt\/wp-json\/wp\/v2\/media?parent=10147"}],"curies":[{"name":"wp","href":"https:\/\/api.w.org\/{rel}","templated":true}]}}