{"id":10193,"date":"2022-01-15T20:59:41","date_gmt":"2022-01-15T20:59:41","guid":{"rendered":"https:\/\/helpmate.place\/sobre-nos\/"},"modified":"2025-03-19T14:55:17","modified_gmt":"2025-03-19T14:55:17","slug":"sobre-nos","status":"publish","type":"page","link":"https:\/\/helpmate.place\/pt-pt\/sobre-nos\/","title":{"rendered":"Sobre n\u00f3s"},"content":{"rendered":"\n<div class=\"wp-block-cover alignfull\" style=\"min-height:259px;aspect-ratio:unset;\"><span aria-hidden=\"true\" class=\"wp-block-cover__background has-background-dim-100 has-background-dim has-background-gradient\" style=\"background:linear-gradient(135deg,rgb(6,147,227) 0%,rgb(25,8,107) 100%)\"><\/span><div class=\"wp-block-cover__inner-container is-layout-flow wp-block-cover-is-layout-flow\">\n<h2 class=\"wp-block-heading has-luminous-vivid-amber-color has-text-color\" id=\"welcome-to-helpmate\" style=\"line-height:1\"><strong>Bem-vindo ao HelpMate<\/strong><\/h2>\n\n\n\n<p class=\"has-text-align-left has-white-color has-text-color\" style=\"font-size:40px;line-height:1\"><strong>O teu guia no mundo digital<\/strong><\/p>\n<\/div><\/div>\n\n<div style=\"height:15px\" aria-hidden=\"true\" class=\"wp-block-spacer\"><\/div>\n\n<div style=\"height:24px\" aria-hidden=\"true\" class=\"wp-block-spacer\"><\/div>\n\n<p>Vamos ligar-nos a outros entusiastas da tecnologia que est\u00e3o a mudar o rumo da IA, das TI e da tecnologia. Juntos, podemos criar liga\u00e7\u00f5es e parcerias industriais e acrescentar valor \u00e0 nossa comunidade de inovadores. Entra em contacto hoje e vamos come\u00e7ar.  <\/p>\n\n<p>Na HelpMate, somos uma equipa de profissionais e entusiastas da tecnologia que se dedicam a fornecer conte\u00fados informativos e de qualidade ao nosso p\u00fablico. Esfor\u00e7amo-nos por ser uma fonte de confian\u00e7a e fiabilidade de informa\u00e7\u00e3o imparcial que apoia conselhos pr\u00e1ticos. <\/p>\n\n<p>Orgulhamo-nos de ser abrangentes, fornecendo revis\u00f5es aprofundadas e an\u00e1lises de informa\u00e7\u00e3o detalhadas para o ajudar a avaliar os riscos da atividade e a tomar decis\u00f5es informadas.<\/p>\n\n<h2 class=\"wp-block-heading\" id=\"our-story\">A nossa hist\u00f3ria<\/h2>\n\n<p>Tudo a partir de uma ideia simples &#8211; que toda a gente merece uma orienta\u00e7\u00e3o clara e imparcial no mundo da tecnologia. A HelpMate transformou-se numa comunidade de entusiastas da tecnologia e de solucionadores de problemas, onde desenvolvemos v\u00e1rias actividades para apoiar a nossa comunidade, incluindo oportunidades de networking empresarial. <\/p>\n\n<p>Mesmo com anos de experi\u00eancia e um servi\u00e7o de apoio ao cliente, sabemos como \u00e9 dif\u00edcil acompanhar as constantes mudan\u00e7as tecnol\u00f3gicas, e \u00e9 por isso que estamos aqui para ser o teu companheiro.<\/p>\n\n<h2 class=\"wp-block-heading\" id=\"why-do-we-stand-out\">Porque \u00e9 que nos destacamos?<\/h2>\n\n<p>A nossa abordagem aos testes e revis\u00f5es \u00e9 pr\u00e1tica:<\/p>\n<div class=\"wpsm_checklist wpsm_pretty_list\"><ul><li>Software solutions and AI tools<\/li><li>SEO strategies and digital marketing tools<\/li><li>Gaming technologies and experiences<\/li><li>Content Management Systems<\/li><\/ul><\/div>\n<p>O nosso grupo \u00e9 constitu\u00eddo por profissionais experientes, cada um com a sua experi\u00eancia \u00fanica. Fazemos mais do que apenas arranhar a superf\u00edcie &#8211; mergulhamos a fundo em cada um dos produtos e servi\u00e7os que analisamos, garantindo que obt\u00e9ns conhecimentos abrangentes e pr\u00e1ticos que interessam. As nossas an\u00e1lises abrangem um vasto leque de servi\u00e7os tecnol\u00f3gicos e produtos digitais, incluindo software, SEO, ferramentas de IA e sistemas de gest\u00e3o de conte\u00fados, demonstrando a nossa vasta dedica\u00e7\u00e3o e o nosso compromisso inabal\u00e1vel com a qualidade.  <\/p>\n\n<h2 class=\"wp-block-heading\" id=\"our-mission\">A nossa miss\u00e3o<\/h2>\n\n<p>O nosso objetivo \u00e9 simples: ajudar-te a tomar decis\u00f5es excelentes sobre a tecnologia que utilizas. Os artigos que produzimos fornecem relat\u00f3rios e informa\u00e7\u00f5es essenciais sobre diferentes programas e software, ajudando as empresas a compreender os potenciais riscos e a garantir que t\u00eam conhecimentos precisos e actualizados. <\/p>\n\n<p>Acreditamos em:<\/p>\n<div class=\"wpsm_checklist wpsm_pretty_list\"><ul><li>Delivering honest, unbiased reviews<\/li><li>Making complex technology accessible<\/li><li>Building a community of informed tech users<\/li><li>Staying ahead of digital trends<\/li><li>Providing practical, actionable advice<\/li><\/ul><\/div>\n<h2 class=\"wp-block-heading\" id=\"how-we-work-our-services\">Como trabalhamos: Os nossos servi\u00e7os<\/h2>\n\n<p>Cada revis\u00e3o e artigo que publicamos passa por um processo de avalia\u00e7\u00e3o, que destaca as principais actividades e servi\u00e7os da HelpMate. Oferecemos uma vasta gama de produtos e servi\u00e7os para satisfazer as diversas necessidades dos nossos clientes. Testamos os produtos em cen\u00e1rios reais, documentamos os nossos resultados e partilhamos os pontos fortes e as limita\u00e7\u00f5es que descobrimos.  <\/p>\n\n<p>Fazemos parte de programas de publicidade de afiliados, o que significa que ganhamos uma comiss\u00e3o se fizermos uma liga\u00e7\u00e3o a um produto ou servi\u00e7o. S\u00f3 mostramos o melhor e mais valioso conte\u00fado aos nossos leitores. <\/p>\n\n<p>Se um produto ou servi\u00e7o que recomendamos tiver um programa de afiliados, ent\u00e3o poderemos utilizar links de afiliados &#8211; mas isso n\u00e3o afecta o nosso processo de sele\u00e7\u00e3o, uma vez que a tua confian\u00e7a continua a ser sempre a nossa prioridade. A utiliza\u00e7\u00e3o das nossas liga\u00e7\u00f5es de afiliados n\u00e3o te custa nada extra como consumidor &#8211; garantindo que o teu pre\u00e7o de compra permanece o mesmo. <\/p>\n\n<h2 class=\"wp-block-heading\" id=\"joinourbusiness\">Junta-te \u00e0 nossa viagem de neg\u00f3cios<\/h2>\n\n<p>Quer sejas um profissional de tecnologia, propriet\u00e1rio de uma empresa ou simplesmente algu\u00e9m interessado em manter-se atualizado com a tecnologia e obter informa\u00e7\u00f5es detalhadas sobre v\u00e1rios aspectos digitais, o HelpMate \u00e9 o teu companheiro de confian\u00e7a. Liga-te a n\u00f3s atrav\u00e9s da nossa newsletter, segue-nos nas redes sociais, e torna-te parte da nossa crescente comunidade de entusiastas da tecnologia. <\/p>\n\n<p>Come\u00e7a a trabalhar &#8211; <a href=\"mailto:info@helpmate.place\">info@helpmate.place<\/a><\/p>\n\n<p><\/p>\n","protected":false},"excerpt":{"rendered":"<p>Vamos ligar-nos a outros entusiastas da tecnologia que est\u00e3o a mudar o rumo da IA, das TI e da tecnologia. Juntos, podemos criar liga\u00e7\u00f5es e parcerias industriais e acrescentar valor \u00e0 nossa comunidade de inovadores. Entra em contacto hoje e vamos come\u00e7ar. Na HelpMate, somos uma equipa de profissionais e entusiastas da tecnologia que se [&hellip;]<\/p>\n","protected":false},"author":1,"featured_media":0,"parent":0,"menu_order":0,"comment_status":"closed","ping_status":"closed","template":"","meta":{"_gspb_post_css":"","footnotes":""},"class_list":["post-10193","page","type-page","status-publish","hentry"],"yoast_head":"<!-- This site is optimized with the Yoast SEO Premium plugin v26.5 (Yoast SEO v27.2) - https:\/\/yoast.com\/product\/yoast-seo-premium-wordpress\/ -->\n<title>Sobre n\u00f3s - An\u00e1lise da IA e da inova\u00e7\u00e3o: O futuro da tecnologia da pr\u00f3xima gera\u00e7\u00e3o<\/title>\n<meta name=\"robots\" content=\"index, follow, max-snippet:-1, max-image-preview:large, max-video-preview:-1\" \/>\n<link rel=\"canonical\" href=\"https:\/\/helpmate.place\/pt-pt\/sobre-nos\/\" class=\"yoast-seo-meta-tag\" \/>\n<meta property=\"og:locale\" content=\"pt_PT\" class=\"yoast-seo-meta-tag\" \/>\n<meta property=\"og:type\" content=\"article\" class=\"yoast-seo-meta-tag\" \/>\n<meta property=\"og:title\" content=\"Sobre n\u00f3s\" class=\"yoast-seo-meta-tag\" \/>\n<meta property=\"og:description\" content=\"Vamos ligar-nos a outros entusiastas da tecnologia que est\u00e3o a mudar o rumo da IA, das TI e da tecnologia. Juntos, podemos criar liga\u00e7\u00f5es e parcerias industriais e acrescentar valor \u00e0 nossa comunidade de inovadores. Entra em contacto hoje e vamos come\u00e7ar. Na HelpMate, somos uma equipa de profissionais e entusiastas da tecnologia que se [&hellip;]\" class=\"yoast-seo-meta-tag\" \/>\n<meta property=\"og:url\" content=\"https:\/\/helpmate.place\/pt-pt\/sobre-nos\/\" class=\"yoast-seo-meta-tag\" \/>\n<meta property=\"og:site_name\" content=\"An\u00e1lise da IA e da inova\u00e7\u00e3o: O futuro da tecnologia da pr\u00f3xima gera\u00e7\u00e3o\" class=\"yoast-seo-meta-tag\" \/>\n<meta property=\"article:publisher\" content=\"https:\/\/www.facebook.com\/profile.php?id=61577530144103\" class=\"yoast-seo-meta-tag\" \/>\n<meta property=\"article:modified_time\" content=\"2025-03-19T14:55:17+00:00\" class=\"yoast-seo-meta-tag\" \/>\n<meta property=\"og:image\" content=\"https:\/\/helpmate.place\/wp-content\/uploads\/2025\/08\/helpmate-profile_page.jpg\" class=\"yoast-seo-meta-tag\" \/>\n\t<meta property=\"og:image:width\" content=\"675\" class=\"yoast-seo-meta-tag\" \/>\n\t<meta property=\"og:image:height\" content=\"675\" class=\"yoast-seo-meta-tag\" \/>\n\t<meta property=\"og:image:type\" content=\"image\/jpeg\" class=\"yoast-seo-meta-tag\" \/>\n<meta name=\"twitter:label1\" content=\"Tempo estimado de leitura\" class=\"yoast-seo-meta-tag\" \/>\n\t<meta name=\"twitter:data1\" content=\"3 minutos\" class=\"yoast-seo-meta-tag\" \/>\n<script type=\"application\/ld+json\" class=\"yoast-schema-graph\">{\"@context\":\"https:\/\/schema.org\",\"@graph\":[{\"@type\":\"WebPage\",\"@id\":\"https:\/\/helpmate.place\/pt-pt\/sobre-nos\/\",\"url\":\"https:\/\/helpmate.place\/pt-pt\/sobre-nos\/\",\"name\":\"Sobre n\u00f3s - An\u00e1lise da IA e da inova\u00e7\u00e3o: O futuro da tecnologia da pr\u00f3xima gera\u00e7\u00e3o\",\"isPartOf\":{\"@id\":\"https:\/\/helpmate.place\/#website\"},\"datePublished\":\"2022-01-15T20:59:41+00:00\",\"dateModified\":\"2025-03-19T14:55:17+00:00\",\"breadcrumb\":{\"@id\":\"https:\/\/helpmate.place\/pt-pt\/sobre-nos\/#breadcrumb\"},\"inLanguage\":\"pt-PT\",\"potentialAction\":[{\"@type\":\"ReadAction\",\"target\":[\"https:\/\/helpmate.place\/pt-pt\/sobre-nos\/\"]}]},{\"@type\":\"BreadcrumbList\",\"@id\":\"https:\/\/helpmate.place\/pt-pt\/sobre-nos\/#breadcrumb\",\"itemListElement\":[{\"@type\":\"ListItem\",\"position\":1,\"name\":\"Home\",\"item\":\"https:\/\/helpmate.place\/pt-pt\/\"},{\"@type\":\"ListItem\",\"position\":2,\"name\":\"Sobre n\u00f3s\"}]},{\"@type\":\"WebSite\",\"@id\":\"https:\/\/helpmate.place\/#website\",\"url\":\"https:\/\/helpmate.place\/\",\"name\":\"Smart gadgets, new technologies, tips and reviews.\",\"description\":\"Encontra as melhores cr\u00edticas\",\"publisher\":{\"@id\":\"https:\/\/helpmate.place\/#organization\"},\"alternateName\":\"Helpmate.Place\",\"potentialAction\":[{\"@type\":\"SearchAction\",\"target\":{\"@type\":\"EntryPoint\",\"urlTemplate\":\"https:\/\/helpmate.place\/?s={search_term_string}\"},\"query-input\":{\"@type\":\"PropertyValueSpecification\",\"valueRequired\":true,\"valueName\":\"search_term_string\"}}],\"inLanguage\":\"pt-PT\"},{\"@type\":\"Organization\",\"@id\":\"https:\/\/helpmate.place\/#organization\",\"name\":\"HelpMatePlace\",\"alternateName\":\"HelpMate\",\"url\":\"https:\/\/helpmate.place\/\",\"logo\":{\"@type\":\"ImageObject\",\"inLanguage\":\"pt-PT\",\"@id\":\"https:\/\/helpmate.place\/#\/schema\/logo\/image\/\",\"url\":\"https:\/\/helpmate.place\/wp-content\/uploads\/2025\/08\/helpmate-profile_page.jpg\",\"contentUrl\":\"https:\/\/helpmate.place\/wp-content\/uploads\/2025\/08\/helpmate-profile_page.jpg\",\"width\":675,\"height\":675,\"caption\":\"HelpMatePlace\"},\"image\":{\"@id\":\"https:\/\/helpmate.place\/#\/schema\/logo\/image\/\"},\"sameAs\":[\"https:\/\/www.facebook.com\/profile.php?id=61577530144103\",\"https:\/\/www.instagram.com\/helpmate.place\/\",\"https:\/\/www.youtube.com\/@HelpmatePlace_PL\",\"https:\/\/pl.pinterest.com\/HelpMate_PL\/\"],\"description\":\"HelpMate_PL to spo\u0142eczno\u015b\u0107 technologiczna zapewniaj\u0105ca rzetelne rekomendacje RTV i AGD, u\u0142atwiaj\u0105ce codzienne \u017cycie dzi\u0119ki wsp\u00f3\u0142pracy z renomowanymi producentami. Wspieramy \u015bwiadome zakupy, oferuj\u0105c obiektywne porady. Jako Partner Amazon, Temu, Aliexpress, Media Expert, x-kom, Komputronik i rtv euro agd otrzymujemy niewielkie wynagrodzenie za okre\u015blone transakcje. Do\u0142\u0105cz do nas, by odkry\u0107 innowacyjne rozwi\u0105zania!\",\"email\":\"info@helpmate.place\",\"telephone\":\"+48 693 288 385\",\"legalName\":\"Skrivanek Sp. z o.o.\",\"foundingDate\":\"1997-01-01\",\"vatID\":\"634-22-45-400\",\"taxID\":\"273716037\",\"numberOfEmployees\":{\"@type\":\"QuantitativeValue\",\"minValue\":\"51\",\"maxValue\":\"200\"},\"publishingPrinciples\":\"https:\/\/helpmate.place\/\",\"ownershipFundingInfo\":\"https:\/\/helpmate.place\/o-nas\/\",\"actionableFeedbackPolicy\":\"https:\/\/helpmate.place\/wspolpraca\/\",\"correctionsPolicy\":\"https:\/\/helpmate.place\/wspolpraca\/\",\"ethicsPolicy\":\"https:\/\/helpmate.place\/o-nas\/\",\"diversityPolicy\":\"https:\/\/helpmate.place\/o-nas\/\",\"diversityStaffingReport\":\"https:\/\/helpmate.place\/o-nas\/\"}]}<\/script>\n<!-- \/ Yoast SEO Premium plugin. -->","yoast_head_json":{"title":"Sobre n\u00f3s - An\u00e1lise da IA e da inova\u00e7\u00e3o: O futuro da tecnologia da pr\u00f3xima gera\u00e7\u00e3o","robots":{"index":"index","follow":"follow","max-snippet":"max-snippet:-1","max-image-preview":"max-image-preview:large","max-video-preview":"max-video-preview:-1"},"canonical":"https:\/\/helpmate.place\/pt-pt\/sobre-nos\/","og_locale":"pt_PT","og_type":"article","og_title":"Sobre n\u00f3s","og_description":"Vamos ligar-nos a outros entusiastas da tecnologia que est\u00e3o a mudar o rumo da IA, das TI e da tecnologia. Juntos, podemos criar liga\u00e7\u00f5es e parcerias industriais e acrescentar valor \u00e0 nossa comunidade de inovadores. Entra em contacto hoje e vamos come\u00e7ar. Na HelpMate, somos uma equipa de profissionais e entusiastas da tecnologia que se [&hellip;]","og_url":"https:\/\/helpmate.place\/pt-pt\/sobre-nos\/","og_site_name":"An\u00e1lise da IA e da inova\u00e7\u00e3o: O futuro da tecnologia da pr\u00f3xima gera\u00e7\u00e3o","article_publisher":"https:\/\/www.facebook.com\/profile.php?id=61577530144103","article_modified_time":"2025-03-19T14:55:17+00:00","og_image":[{"width":675,"height":675,"url":"https:\/\/helpmate.place\/wp-content\/uploads\/2025\/08\/helpmate-profile_page.jpg","type":"image\/jpeg"}],"twitter_misc":{"Tempo estimado de leitura":"3 minutos"},"schema":{"@context":"https:\/\/schema.org","@graph":[{"@type":"WebPage","@id":"https:\/\/helpmate.place\/pt-pt\/sobre-nos\/","url":"https:\/\/helpmate.place\/pt-pt\/sobre-nos\/","name":"Sobre n\u00f3s - An\u00e1lise da IA e da inova\u00e7\u00e3o: O futuro da tecnologia da pr\u00f3xima gera\u00e7\u00e3o","isPartOf":{"@id":"https:\/\/helpmate.place\/#website"},"datePublished":"2022-01-15T20:59:41+00:00","dateModified":"2025-03-19T14:55:17+00:00","breadcrumb":{"@id":"https:\/\/helpmate.place\/pt-pt\/sobre-nos\/#breadcrumb"},"inLanguage":"pt-PT","potentialAction":[{"@type":"ReadAction","target":["https:\/\/helpmate.place\/pt-pt\/sobre-nos\/"]}]},{"@type":"BreadcrumbList","@id":"https:\/\/helpmate.place\/pt-pt\/sobre-nos\/#breadcrumb","itemListElement":[{"@type":"ListItem","position":1,"name":"Home","item":"https:\/\/helpmate.place\/pt-pt\/"},{"@type":"ListItem","position":2,"name":"Sobre n\u00f3s"}]},{"@type":"WebSite","@id":"https:\/\/helpmate.place\/#website","url":"https:\/\/helpmate.place\/","name":"Smart gadgets, new technologies, tips and reviews.","description":"Encontra as melhores cr\u00edticas","publisher":{"@id":"https:\/\/helpmate.place\/#organization"},"alternateName":"Helpmate.Place","potentialAction":[{"@type":"SearchAction","target":{"@type":"EntryPoint","urlTemplate":"https:\/\/helpmate.place\/?s={search_term_string}"},"query-input":{"@type":"PropertyValueSpecification","valueRequired":true,"valueName":"search_term_string"}}],"inLanguage":"pt-PT"},{"@type":"Organization","@id":"https:\/\/helpmate.place\/#organization","name":"HelpMatePlace","alternateName":"HelpMate","url":"https:\/\/helpmate.place\/","logo":{"@type":"ImageObject","inLanguage":"pt-PT","@id":"https:\/\/helpmate.place\/#\/schema\/logo\/image\/","url":"https:\/\/helpmate.place\/wp-content\/uploads\/2025\/08\/helpmate-profile_page.jpg","contentUrl":"https:\/\/helpmate.place\/wp-content\/uploads\/2025\/08\/helpmate-profile_page.jpg","width":675,"height":675,"caption":"HelpMatePlace"},"image":{"@id":"https:\/\/helpmate.place\/#\/schema\/logo\/image\/"},"sameAs":["https:\/\/www.facebook.com\/profile.php?id=61577530144103","https:\/\/www.instagram.com\/helpmate.place\/","https:\/\/www.youtube.com\/@HelpmatePlace_PL","https:\/\/pl.pinterest.com\/HelpMate_PL\/"],"description":"HelpMate_PL to spo\u0142eczno\u015b\u0107 technologiczna zapewniaj\u0105ca rzetelne rekomendacje RTV i AGD, u\u0142atwiaj\u0105ce codzienne \u017cycie dzi\u0119ki wsp\u00f3\u0142pracy z renomowanymi producentami. Wspieramy \u015bwiadome zakupy, oferuj\u0105c obiektywne porady. Jako Partner Amazon, Temu, Aliexpress, Media Expert, x-kom, Komputronik i rtv euro agd otrzymujemy niewielkie wynagrodzenie za okre\u015blone transakcje. Do\u0142\u0105cz do nas, by odkry\u0107 innowacyjne rozwi\u0105zania!","email":"info@helpmate.place","telephone":"+48 693 288 385","legalName":"Skrivanek Sp. z o.o.","foundingDate":"1997-01-01","vatID":"634-22-45-400","taxID":"273716037","numberOfEmployees":{"@type":"QuantitativeValue","minValue":"51","maxValue":"200"},"publishingPrinciples":"https:\/\/helpmate.place\/","ownershipFundingInfo":"https:\/\/helpmate.place\/o-nas\/","actionableFeedbackPolicy":"https:\/\/helpmate.place\/wspolpraca\/","correctionsPolicy":"https:\/\/helpmate.place\/wspolpraca\/","ethicsPolicy":"https:\/\/helpmate.place\/o-nas\/","diversityPolicy":"https:\/\/helpmate.place\/o-nas\/","diversityStaffingReport":"https:\/\/helpmate.place\/o-nas\/"}]}},"_links":{"self":[{"href":"https:\/\/helpmate.place\/pt-pt\/wp-json\/wp\/v2\/pages\/10193","targetHints":{"allow":["GET"]}}],"collection":[{"href":"https:\/\/helpmate.place\/pt-pt\/wp-json\/wp\/v2\/pages"}],"about":[{"href":"https:\/\/helpmate.place\/pt-pt\/wp-json\/wp\/v2\/types\/page"}],"author":[{"embeddable":true,"href":"https:\/\/helpmate.place\/pt-pt\/wp-json\/wp\/v2\/users\/1"}],"replies":[{"embeddable":true,"href":"https:\/\/helpmate.place\/pt-pt\/wp-json\/wp\/v2\/comments?post=10193"}],"version-history":[{"count":1,"href":"https:\/\/helpmate.place\/pt-pt\/wp-json\/wp\/v2\/pages\/10193\/revisions"}],"predecessor-version":[{"id":10194,"href":"https:\/\/helpmate.place\/pt-pt\/wp-json\/wp\/v2\/pages\/10193\/revisions\/10194"}],"wp:attachment":[{"href":"https:\/\/helpmate.place\/pt-pt\/wp-json\/wp\/v2\/media?parent=10193"}],"curies":[{"name":"wp","href":"https:\/\/api.w.org\/{rel}","templated":true}]}}